{"id":8531,"date":"2023-09-23T07:19:56","date_gmt":"2023-09-23T07:19:56","guid":{"rendered":"https:\/\/kindart.is\/product\/skrudda-iii\/"},"modified":"2023-09-23T07:19:56","modified_gmt":"2023-09-23T07:19:56","slug":"skrudda-iii","status":"publish","type":"product","link":"https:\/\/kindart.is\/en\/vara\/skrudda-iii\/","title":{"rendered":"Skrudda III"},"content":{"rendered":"<p><strong>Skrudda III<\/strong>. S\u00f6gur, sagnir og kve\u00f0skapur. Ragnar \u00c1geirsson skr\u00e1\u00f0i. S\u00f6gur \u00far Rang\u00e1rvallas\u00fdslu og \u00c1rness\u00fdslu og s\u00f6gur \u00far Reykjav\u00edk o.m.fl. B\u00f3kin er bundin \u00ed forlagsband, gr\u00e6nt efni, alband, gyllt \u00e1 kj\u00f6l, rammi \u00ferykktur a\u00f0 framan, gr\u00e6n saurbl\u00f6\u00f0, hl\u00edf\u00f0ark\u00e1pa fylgir. St\u00e6r\u00f0: 20.3 X 15.1 cm og 397 bls.<\/p>\n<p><strong>\u00datg\u00e1fa og prentun<\/strong>:<br \/>\nSkuggsj\u00e1, Hafnarfir\u00f0i 1974. Prentun: Prentsmi\u00f0ja Hafnarfjar\u00f0ar.<\/p>\n","protected":false},"excerpt":{"rendered":"<p>Skrudda III. S\u00f6gur, sagnir og kve\u00f0skapur. Ragnar \u00c1geirsson skr\u00e1\u00f0i. S\u00f6gur \u00far Rang\u00e1rvallas\u00fdslu og \u00c1rness\u00fdslu og s\u00f6gur \u00far Reykjav\u00edk o.m.fl. B\u00f3kin er bundin \u00ed forlagsband, gr\u00e6nt efni, alband, gyllt \u00e1 kj\u00f6l, rammi \u00ferykktur a\u00f0 framan, gr\u00e6n saurbl\u00f6\u00f0, hl\u00edf\u00f0ark\u00e1pa fylgir. St\u00e6r\u00f0: 20.3 X 15.1 cm og 397 bls. \u00datg\u00e1fa og prentun: Skuggsj\u00e1, Hafnarfir\u00f0i 1974. Prentun: Prentsmi\u00f0ja Hafnarfjar\u00f0ar.<\/p>\n","protected":false},"featured_media":8526,"template":"","meta":{"slim_seo":{"title":"Skrudda III - KindArt","description":"Skrudda III . S\u00f6gur, sagnir og kve\u00f0skapur. Ragnar \u00c1geirsson skr\u00e1\u00f0i. S\u00f6gur \u00far Rang\u00e1rvallas\u00fdslu og \u00c1rness\u00fdslu og s\u00f6gur \u00far Reykjav\u00edk o.m.fl. B\u00f3kin er bundin \u00ed forl"}},"product_brand":[],"product_cat":[83],"product_tag":[],"class_list":{"0":"post-8531","1":"product","2":"type-product","3":"status-publish","4":"has-post-thumbnail","6":"product_cat-books","7":"product_shipping_class-small-en","9":"first","10":"instock","11":"purchasable","12":"product-type-simple"},"_links":{"self":[{"href":"https:\/\/kindart.is\/en\/wp-json\/wp\/v2\/product\/8531","targetHints":{"allow":["GET"]}}],"collection":[{"href":"https:\/\/kindart.is\/en\/wp-json\/wp\/v2\/product"}],"about":[{"href":"https:\/\/kindart.is\/en\/wp-json\/wp\/v2\/types\/product"}],"wp:featuredmedia":[{"embeddable":true,"href":"https:\/\/kindart.is\/en\/wp-json\/wp\/v2\/media\/8526"}],"wp:attachment":[{"href":"https:\/\/kindart.is\/en\/wp-json\/wp\/v2\/media?parent=8531"}],"wp:term":[{"taxonomy":"product_brand","embeddable":true,"href":"https:\/\/kindart.is\/en\/wp-json\/wp\/v2\/product_brand?post=8531"},{"taxonomy":"product_cat","embeddable":true,"href":"https:\/\/kindart.is\/en\/wp-json\/wp\/v2\/product_cat?post=8531"},{"taxonomy":"product_tag","embeddable":true,"href":"https:\/\/kindart.is\/en\/wp-json\/wp\/v2\/product_tag?post=8531"}],"curies":[{"name":"wp","href":"https:\/\/api.w.org\/{rel}","templated":true}]}}