{"id":8539,"date":"2023-09-23T07:32:18","date_gmt":"2023-09-23T07:32:18","guid":{"rendered":"https:\/\/kindart.is\/product\/boxarinn\/"},"modified":"2023-09-23T07:32:18","modified_gmt":"2023-09-23T07:32:18","slug":"boxarinn","status":"publish","type":"product","link":"https:\/\/kindart.is\/en\/vara\/boxarinn\/","title":{"rendered":"Boxarinn"},"content":{"rendered":"<p><strong>Boxarinn<\/strong>. H\u00f6fundur: \u00dalfar \u00deorm\u00f3\u00f0sson skrifar um f\u00f6\u00f0ur sinn \u00deorm\u00f3\u00f0 Gu\u00f0laugsson, sem einu sinni bj\u00f3 \u00ed Hverager\u00f0i og Gu\u00f0laugur einnig. B\u00f3kin er bundin \u00ed forlagsband, svart efni, alband, hv\u00edt saurbl\u00f6\u00f0 og hl\u00edf\u00f0ark\u00e1pu me\u00f0 mynd af boxara. \u00derykkt me\u00f0 eirlitu\u00f0u gulli \u00e1 kj\u00f6l. St\u00e6r\u00f0: 21.7 X 14 cm og 213 bls.<\/p>\n<p><strong>\u00datg\u00e1fa og prentun<\/strong>:<br \/>\n\u00datgefandi: Ver\u00f6ld, Reykjav\u00edk 2012. Prentun: Oddi, umhverfisvottu\u00f0 prentsmi\u00f0ja.<\/p>\n","protected":false},"excerpt":{"rendered":"<p>Boxarinn. H\u00f6fundur: \u00dalfar \u00deorm\u00f3\u00f0sson skrifar um f\u00f6\u00f0ur sinn \u00deorm\u00f3\u00f0 Gu\u00f0laugsson, sem einu sinni bj\u00f3 \u00ed Hverager\u00f0i og Gu\u00f0laugur einnig. B\u00f3kin er bundin \u00ed forlagsband, svart efni, alband, hv\u00edt saurbl\u00f6\u00f0 og hl\u00edf\u00f0ark\u00e1pu me\u00f0 mynd af boxara. \u00derykkt me\u00f0 eirlitu\u00f0u gulli \u00e1 kj\u00f6l. St\u00e6r\u00f0: 21.7 X 14 cm og 213 bls. \u00datg\u00e1fa og prentun: \u00datgefandi: Ver\u00f6ld, Reykjav\u00edk [&hellip;]<\/p>\n","protected":false},"featured_media":8534,"template":"","meta":{"slim_seo":{"title":"Boxarinn - KindArt","description":"Boxarinn . H\u00f6fundur: \u00dalfar \u00deorm\u00f3\u00f0sson skrifar um f\u00f6\u00f0ur sinn \u00deorm\u00f3\u00f0 Gu\u00f0laugsson, sem einu sinni bj\u00f3 \u00ed Hverager\u00f0i og Gu\u00f0laugur einnig. B\u00f3kin er bundin \u00ed forlagsba"}},"product_brand":[],"product_cat":[83],"product_tag":[],"class_list":{"0":"post-8539","1":"product","2":"type-product","3":"status-publish","4":"has-post-thumbnail","6":"product_cat-books","7":"product_shipping_class-small-en","9":"first","10":"instock","11":"purchasable","12":"product-type-simple"},"_links":{"self":[{"href":"https:\/\/kindart.is\/en\/wp-json\/wp\/v2\/product\/8539","targetHints":{"allow":["GET"]}}],"collection":[{"href":"https:\/\/kindart.is\/en\/wp-json\/wp\/v2\/product"}],"about":[{"href":"https:\/\/kindart.is\/en\/wp-json\/wp\/v2\/types\/product"}],"wp:featuredmedia":[{"embeddable":true,"href":"https:\/\/kindart.is\/en\/wp-json\/wp\/v2\/media\/8534"}],"wp:attachment":[{"href":"https:\/\/kindart.is\/en\/wp-json\/wp\/v2\/media?parent=8539"}],"wp:term":[{"taxonomy":"product_brand","embeddable":true,"href":"https:\/\/kindart.is\/en\/wp-json\/wp\/v2\/product_brand?post=8539"},{"taxonomy":"product_cat","embeddable":true,"href":"https:\/\/kindart.is\/en\/wp-json\/wp\/v2\/product_cat?post=8539"},{"taxonomy":"product_tag","embeddable":true,"href":"https:\/\/kindart.is\/en\/wp-json\/wp\/v2\/product_tag?post=8539"}],"curies":[{"name":"wp","href":"https:\/\/api.w.org\/{rel}","templated":true}]}}