{"id":8547,"date":"2023-09-23T10:21:26","date_gmt":"2023-09-23T10:21:26","guid":{"rendered":"https:\/\/kindart.is\/product\/hundadagar\/"},"modified":"2023-09-23T10:21:26","modified_gmt":"2023-09-23T10:21:26","slug":"hundadagar","status":"publish","type":"product","link":"https:\/\/kindart.is\/en\/vara\/hundadagar\/","title":{"rendered":"Hundadagar"},"content":{"rendered":"<p><strong>Hundadagar<\/strong>. Sk\u00e1ldsaga eftir Einar M\u00e1 Gu\u00f0mundsson. H\u00e9r segir m.a. fr\u00e1 \u00e6vint\u00fdrum J\u00f6rundar hundadagakonungs og m\u00f6rgu \u00f6\u00f0ru skemmtilegu. B\u00f3kin er bundin \u00ed svart forlagsband, sv\u00f6rt saurbl\u00f6\u00f0 og hl\u00edf\u00f0ark\u00e1pa fylgir. Bindi\u00f0 er skreytt silfurlitu\u00f0um stj\u00f6rnum og \u00ferykkt me\u00f0 silfri \u00e1 kj\u00f6l. St\u00e6r\u00f0: 21.7 X 14.2 cm og 341 bls. Gott eintak, \u00e1rita\u00f0 me\u00f0 kve\u00f0ju fr\u00e1 h\u00f6fundi.<\/p>\n<p><strong>\u00datg\u00e1fa og prentun<\/strong>:<br \/>\n\u00datgefandi: M\u00e1log menning, Reykjav\u00edk 2015. Prentun: Oddi, umhverfisvottu\u00f0 prentsmi\u00f0ja.<\/p>\n","protected":false},"excerpt":{"rendered":"<p>Hundadagar. Sk\u00e1ldsaga eftir Einar M\u00e1 Gu\u00f0mundsson. H\u00e9r segir m.a. fr\u00e1 \u00e6vint\u00fdrum J\u00f6rundar hundadagakonungs og m\u00f6rgu \u00f6\u00f0ru skemmtilegu. B\u00f3kin er bundin \u00ed svart forlagsband, sv\u00f6rt saurbl\u00f6\u00f0 og hl\u00edf\u00f0ark\u00e1pa fylgir. Bindi\u00f0 er skreytt silfurlitu\u00f0um stj\u00f6rnum og \u00ferykkt me\u00f0 silfri \u00e1 kj\u00f6l. St\u00e6r\u00f0: 21.7 X 14.2 cm og 341 bls. Gott eintak, \u00e1rita\u00f0 me\u00f0 kve\u00f0ju fr\u00e1 h\u00f6fundi. \u00datg\u00e1fa [&hellip;]<\/p>\n","protected":false},"featured_media":8542,"template":"","meta":{"slim_seo":{"title":"Hundadagar - KindArt","description":"Hundadagar . Sk\u00e1ldsaga eftir Einar M\u00e1 Gu\u00f0mundsson. H\u00e9r segir m.a. fr\u00e1 \u00e6vint\u00fdrum J\u00f6rundar hundadagakonungs og m\u00f6rgu \u00f6\u00f0ru skemmtilegu. B\u00f3kin er bundin \u00ed svart for"}},"product_brand":[],"product_cat":[83],"product_tag":[],"class_list":{"0":"post-8547","1":"product","2":"type-product","3":"status-publish","4":"has-post-thumbnail","6":"product_cat-books","7":"product_shipping_class-small-en","9":"first","10":"instock","11":"purchasable","12":"product-type-simple"},"_links":{"self":[{"href":"https:\/\/kindart.is\/en\/wp-json\/wp\/v2\/product\/8547","targetHints":{"allow":["GET"]}}],"collection":[{"href":"https:\/\/kindart.is\/en\/wp-json\/wp\/v2\/product"}],"about":[{"href":"https:\/\/kindart.is\/en\/wp-json\/wp\/v2\/types\/product"}],"wp:featuredmedia":[{"embeddable":true,"href":"https:\/\/kindart.is\/en\/wp-json\/wp\/v2\/media\/8542"}],"wp:attachment":[{"href":"https:\/\/kindart.is\/en\/wp-json\/wp\/v2\/media?parent=8547"}],"wp:term":[{"taxonomy":"product_brand","embeddable":true,"href":"https:\/\/kindart.is\/en\/wp-json\/wp\/v2\/product_brand?post=8547"},{"taxonomy":"product_cat","embeddable":true,"href":"https:\/\/kindart.is\/en\/wp-json\/wp\/v2\/product_cat?post=8547"},{"taxonomy":"product_tag","embeddable":true,"href":"https:\/\/kindart.is\/en\/wp-json\/wp\/v2\/product_tag?post=8547"}],"curies":[{"name":"wp","href":"https:\/\/api.w.org\/{rel}","templated":true}]}}