{"id":8556,"date":"2023-09-28T07:32:46","date_gmt":"2023-09-28T07:32:46","guid":{"rendered":"https:\/\/kindart.is\/product\/undir-nordurljosum\/"},"modified":"2023-09-30T17:40:30","modified_gmt":"2023-09-30T17:40:30","slug":"undir-nordurljosum","status":"publish","type":"product","link":"https:\/\/kindart.is\/en\/vara\/undir-nordurljosum\/","title":{"rendered":"Undir nor\u00f0urlj\u00f3sum"},"content":{"rendered":"<p><strong>Undir nor\u00f0urlj\u00f3sum<\/strong>, sam\u00edsk lj\u00f3\u00f0, Einar Bragi \u00fe\u00fdddi. S\u00ed\u00f0asta kver \u00ed b\u00f3kaflokki Einars Braga me\u00f0 sam\u00edskum lj\u00f3\u00f0um. B\u00f3kin er saumheft og l\u00edmd \u00ed gr\u00e6na og gula k\u00e1pu me\u00f0 innanbrotum. St\u00e6r\u00f0: 20.5 X 15.2 cm og167 bls.<\/p>\n<p><strong>\u00datg\u00e1fa og prentun<\/strong>:<br \/>\n\u00datgefandi: Lj\u00f3\u00f0bylgja Reykjav\u00edk 12.12.2003. Prentun: Steinholt.<\/p>\n","protected":false},"excerpt":{"rendered":"<p>Undir nor\u00f0urlj\u00f3sum, sam\u00edsk lj\u00f3\u00f0, Einar Bragi \u00fe\u00fdddi. S\u00ed\u00f0asta kver \u00ed b\u00f3kaflokki Einars Braga me\u00f0 sam\u00edskum lj\u00f3\u00f0um. B\u00f3kin er saumheft og l\u00edmd \u00ed gr\u00e6na og gula k\u00e1pu me\u00f0 innanbrotum. St\u00e6r\u00f0: 20.5 X 15.2 cm og167 bls. \u00datg\u00e1fa og prentun: \u00datgefandi: Lj\u00f3\u00f0bylgja Reykjav\u00edk 12.12.2003. Prentun: Steinholt.<\/p>\n","protected":false},"featured_media":8551,"template":"","meta":{"slim_seo":{"title":"Undir nor\u00f0urlj\u00f3sum - KindArt","description":"Undir nor\u00f0urlj\u00f3sum , sam\u00edsk lj\u00f3\u00f0, Einar Bragi \u00fe\u00fdddi. S\u00ed\u00f0asta kver \u00ed b\u00f3kaflokki Einars Braga me\u00f0 sam\u00edskum lj\u00f3\u00f0um. B\u00f3kin er saumheft og l\u00edmd \u00ed gr\u00e6na og gula k\u00e1pu"}},"product_brand":[],"product_cat":[83],"product_tag":[],"class_list":{"0":"post-8556","1":"product","2":"type-product","3":"status-publish","4":"has-post-thumbnail","6":"product_cat-books","7":"product_shipping_class-small-en","9":"first","10":"outofstock","11":"purchasable","12":"product-type-simple"},"_links":{"self":[{"href":"https:\/\/kindart.is\/en\/wp-json\/wp\/v2\/product\/8556","targetHints":{"allow":["GET"]}}],"collection":[{"href":"https:\/\/kindart.is\/en\/wp-json\/wp\/v2\/product"}],"about":[{"href":"https:\/\/kindart.is\/en\/wp-json\/wp\/v2\/types\/product"}],"wp:featuredmedia":[{"embeddable":true,"href":"https:\/\/kindart.is\/en\/wp-json\/wp\/v2\/media\/8551"}],"wp:attachment":[{"href":"https:\/\/kindart.is\/en\/wp-json\/wp\/v2\/media?parent=8556"}],"wp:term":[{"taxonomy":"product_brand","embeddable":true,"href":"https:\/\/kindart.is\/en\/wp-json\/wp\/v2\/product_brand?post=8556"},{"taxonomy":"product_cat","embeddable":true,"href":"https:\/\/kindart.is\/en\/wp-json\/wp\/v2\/product_cat?post=8556"},{"taxonomy":"product_tag","embeddable":true,"href":"https:\/\/kindart.is\/en\/wp-json\/wp\/v2\/product_tag?post=8556"}],"curies":[{"name":"wp","href":"https:\/\/api.w.org\/{rel}","templated":true}]}}