{"id":8566,"date":"2023-09-28T07:37:10","date_gmt":"2023-09-28T07:37:10","guid":{"rendered":"https:\/\/kindart.is\/product\/modir-hafsins\/"},"modified":"2023-09-30T18:11:41","modified_gmt":"2023-09-30T18:11:41","slug":"modir-hafsins","status":"publish","type":"product","link":"https:\/\/kindart.is\/en\/vara\/modir-hafsins\/","title":{"rendered":"M\u00f3\u00f0ir hafsins"},"content":{"rendered":"<p><strong>M\u00f3\u00f0ir hafsins<\/strong>, Lj\u00f3\u00f0ab\u00f3k eftir Synn\u00f8ve Persen. \u00deessi b\u00f3k er hluti b\u00f3kaflokks, sem Einar Bragi \u00fe\u00fdddi eftir Sama. Mj\u00f6g fallega \u00fatgefnar b\u00e6kur. St\u00e6r\u00f0: 20.5 X 15 cm og 51 bls. B\u00f3kin er saumheft og l\u00edmfest \u00ed lj\u00f3srau\u00f0a sterka k\u00e1pu. Innanbrot \u00e1 k\u00e1pu a\u00f0 framan. Gott eintak.<\/p>\n<p><strong>\u00datg\u00e1fa og prentun<\/strong>:<br \/>\n\u00datgefandi: Lj\u00f3\u00f0bylgja, \u00fatg\u00e1fufyrirt\u00e6ki Einars Braga. Reykjav\u00edk 7.11 2001. Prentun: Steinholt.<\/p>\n","protected":false},"excerpt":{"rendered":"<p>M\u00f3\u00f0ir hafsins, Lj\u00f3\u00f0ab\u00f3k eftir Synn\u00f8ve Persen. \u00deessi b\u00f3k er hluti b\u00f3kaflokks, sem Einar Bragi \u00fe\u00fdddi eftir Sama. Mj\u00f6g fallega \u00fatgefnar b\u00e6kur. St\u00e6r\u00f0: 20.5 X 15 cm og 51 bls. B\u00f3kin er saumheft og l\u00edmfest \u00ed lj\u00f3srau\u00f0a sterka k\u00e1pu. Innanbrot \u00e1 k\u00e1pu a\u00f0 framan. Gott eintak. \u00datg\u00e1fa og prentun: \u00datgefandi: Lj\u00f3\u00f0bylgja, \u00fatg\u00e1fufyrirt\u00e6ki Einars Braga. Reykjav\u00edk 7.11 [&hellip;]<\/p>\n","protected":false},"featured_media":8559,"template":"","meta":{"slim_seo":{"title":"M\u00f3\u00f0ir hafsins - KindArt","description":"M\u00f3\u00f0ir hafsins , Lj\u00f3\u00f0ab\u00f3k eftir Synn\u00f8ve Persen. \u00deessi b\u00f3k er hluti b\u00f3kaflokks, sem Einar Bragi \u00fe\u00fdddi eftir Sama. Mj\u00f6g fallega \u00fatgefnar b\u00e6kur. St\u00e6r\u00f0: 20.5 X 15 cm"}},"product_brand":[],"product_cat":[83],"product_tag":[],"class_list":{"0":"post-8566","1":"product","2":"type-product","3":"status-publish","4":"has-post-thumbnail","6":"product_cat-books","7":"product_shipping_class-small-en","9":"first","10":"outofstock","11":"purchasable","12":"product-type-simple"},"_links":{"self":[{"href":"https:\/\/kindart.is\/en\/wp-json\/wp\/v2\/product\/8566","targetHints":{"allow":["GET"]}}],"collection":[{"href":"https:\/\/kindart.is\/en\/wp-json\/wp\/v2\/product"}],"about":[{"href":"https:\/\/kindart.is\/en\/wp-json\/wp\/v2\/types\/product"}],"wp:featuredmedia":[{"embeddable":true,"href":"https:\/\/kindart.is\/en\/wp-json\/wp\/v2\/media\/8559"}],"wp:attachment":[{"href":"https:\/\/kindart.is\/en\/wp-json\/wp\/v2\/media?parent=8566"}],"wp:term":[{"taxonomy":"product_brand","embeddable":true,"href":"https:\/\/kindart.is\/en\/wp-json\/wp\/v2\/product_brand?post=8566"},{"taxonomy":"product_cat","embeddable":true,"href":"https:\/\/kindart.is\/en\/wp-json\/wp\/v2\/product_cat?post=8566"},{"taxonomy":"product_tag","embeddable":true,"href":"https:\/\/kindart.is\/en\/wp-json\/wp\/v2\/product_tag?post=8566"}],"curies":[{"name":"wp","href":"https:\/\/api.w.org\/{rel}","templated":true}]}}