{"id":8572,"date":"2023-09-28T07:41:53","date_gmt":"2023-09-28T07:41:53","guid":{"rendered":"https:\/\/kindart.is\/product\/bref-til-naeturinnar\/"},"modified":"2025-02-24T18:06:10","modified_gmt":"2025-02-24T18:06:10","slug":"bref-til-naeturinnar","status":"publish","type":"product","link":"https:\/\/kindart.is\/en\/vara\/bref-til-naeturinnar\/","title":{"rendered":"Br\u00e9f til n\u00e6turinnar"},"content":{"rendered":"<p><strong>Br\u00e9f til n\u00e6turinnar<\/strong>, Austfirsk lj\u00f3\u00f0sk\u00e1ld IX. \u00c1starsaga, lj\u00f3\u00f0ab\u00f3k eftir Krist\u00ednu J\u00f3nsd\u00f3ttur \u00e1 Hl\u00ed\u00f0. Umsj\u00f3n me\u00f0 \u00fatg\u00e1fu b\u00f3kaflokksins: Magn\u00fas Stef\u00e1nsson. B\u00f3kin er bundin \u00ed forlagsband, lj\u00f3sguldrapp efni, alband \u00ed hl\u00edf\u00f0ark\u00e1pu. Gott eintak.<\/p>\n<p><strong>\u00datg\u00e1fa og prentun<\/strong>:<br \/>\nF\u00e9lag lj\u00f3\u00f0aunnenda \u00e1 Austurlandi, F\u00e1skr\u00fa\u00f0sfir\u00f0i. 5. prentun n\u00f3v. 2011. Upphafleg \u00fatg\u00e1fa var 2009, en prentsmi\u00f0ju er ekki geti\u00f0,<\/p>\n","protected":false},"excerpt":{"rendered":"<p>Br\u00e9f til n\u00e6turinnar, Austfirsk lj\u00f3\u00f0sk\u00e1ld IX. \u00c1starsaga, lj\u00f3\u00f0ab\u00f3k eftir Krist\u00ednu J\u00f3nsd\u00f3ttur \u00e1 Hl\u00ed\u00f0. Umsj\u00f3n me\u00f0 \u00fatg\u00e1fu b\u00f3kaflokksins: Magn\u00fas Stef\u00e1nsson. B\u00f3kin er bundin \u00ed forlagsband, lj\u00f3sguldrapp efni, alband \u00ed hl\u00edf\u00f0ark\u00e1pu. Gott eintak. \u00datg\u00e1fa og prentun: F\u00e9lag lj\u00f3\u00f0aunnenda \u00e1 Austurlandi, F\u00e1skr\u00fa\u00f0sfir\u00f0i. 5. prentun n\u00f3v. 2011. Upphafleg \u00fatg\u00e1fa var 2009, en prentsmi\u00f0ju er ekki geti\u00f0,<\/p>\n","protected":false},"featured_media":8569,"template":"","meta":{"slim_seo":{"title":"Br\u00e9f til n\u00e6turinnar - KindArt","description":"Br\u00e9f til n\u00e6turinnar , Austfirsk lj\u00f3\u00f0sk\u00e1ld IX. \u00c1starsaga, lj\u00f3\u00f0ab\u00f3k eftir Krist\u00ednu J\u00f3nsd\u00f3ttur \u00e1 Hl\u00ed\u00f0. Umsj\u00f3n me\u00f0 \u00fatg\u00e1fu b\u00f3kaflokksins: Magn\u00fas Stef\u00e1nsson. B\u00f3kin er"}},"product_brand":[],"product_cat":[83],"product_tag":[],"class_list":{"0":"post-8572","1":"product","2":"type-product","3":"status-publish","4":"has-post-thumbnail","6":"product_cat-books","7":"product_shipping_class-small-en","9":"first","10":"outofstock","11":"purchasable","12":"product-type-simple"},"_links":{"self":[{"href":"https:\/\/kindart.is\/en\/wp-json\/wp\/v2\/product\/8572","targetHints":{"allow":["GET"]}}],"collection":[{"href":"https:\/\/kindart.is\/en\/wp-json\/wp\/v2\/product"}],"about":[{"href":"https:\/\/kindart.is\/en\/wp-json\/wp\/v2\/types\/product"}],"wp:featuredmedia":[{"embeddable":true,"href":"https:\/\/kindart.is\/en\/wp-json\/wp\/v2\/media\/8569"}],"wp:attachment":[{"href":"https:\/\/kindart.is\/en\/wp-json\/wp\/v2\/media?parent=8572"}],"wp:term":[{"taxonomy":"product_brand","embeddable":true,"href":"https:\/\/kindart.is\/en\/wp-json\/wp\/v2\/product_brand?post=8572"},{"taxonomy":"product_cat","embeddable":true,"href":"https:\/\/kindart.is\/en\/wp-json\/wp\/v2\/product_cat?post=8572"},{"taxonomy":"product_tag","embeddable":true,"href":"https:\/\/kindart.is\/en\/wp-json\/wp\/v2\/product_tag?post=8572"}],"curies":[{"name":"wp","href":"https:\/\/api.w.org\/{rel}","templated":true}]}}