{"id":8582,"date":"2023-09-29T17:47:10","date_gmt":"2023-09-29T17:47:10","guid":{"rendered":"https:\/\/kindart.is\/product\/handan-snaefjalla\/"},"modified":"2023-09-29T17:47:10","modified_gmt":"2023-09-29T17:47:10","slug":"handan-snaefjalla","status":"publish","type":"product","link":"https:\/\/kindart.is\/en\/vara\/handan-snaefjalla\/","title":{"rendered":"Handan Sn\u00e6fjalla"},"content":{"rendered":"<p><strong>Handan Sn\u00e6fjalla<\/strong>, lj\u00f3\u00f0ab\u00f3k eftir Paulus Utsi. \u00deessi b\u00f3k er hluti b\u00f3kaflokks, sem Einar Bragi \u00fe\u00fdddi. Fallega \u00fatgefnar b\u00e6kur. St\u00e6r\u00f0: 20.5 X 15 cm og 62 bls. B\u00f3kin er saumheft og l\u00edmfest \u00ed gr\u00e6na sterka k\u00e1pu. Innanbrot \u00e1 k\u00e1pu a\u00f0 framan. Gott eintak.<\/p>\n<p><strong>\u00datg\u00e1fa og prentun<\/strong>:<br \/>\n\u00datgefandi: Lj\u00f3\u00f0bylgja, \u00fatg\u00e1fufyrirt\u00e6ki Einars Braga. Reykjav\u00edk 7.11 2002. Prentun: Steinholt.<\/p>\n","protected":false},"excerpt":{"rendered":"<p>Handan Sn\u00e6fjalla, lj\u00f3\u00f0ab\u00f3k eftir Paulus Utsi. \u00deessi b\u00f3k er hluti b\u00f3kaflokks, sem Einar Bragi \u00fe\u00fdddi. Fallega \u00fatgefnar b\u00e6kur. St\u00e6r\u00f0: 20.5 X 15 cm og 62 bls. B\u00f3kin er saumheft og l\u00edmfest \u00ed gr\u00e6na sterka k\u00e1pu. Innanbrot \u00e1 k\u00e1pu a\u00f0 framan. Gott eintak. \u00datg\u00e1fa og prentun: \u00datgefandi: Lj\u00f3\u00f0bylgja, \u00fatg\u00e1fufyrirt\u00e6ki Einars Braga. Reykjav\u00edk 7.11 2002. Prentun: Steinholt.<\/p>\n","protected":false},"featured_media":8575,"template":"","meta":{"slim_seo":{"title":"Handan Sn\u00e6fjalla - KindArt","description":"Handan Sn\u00e6fjalla , lj\u00f3\u00f0ab\u00f3k eftir Paulus Utsi. \u00deessi b\u00f3k er hluti b\u00f3kaflokks, sem Einar Bragi \u00fe\u00fdddi. Fallega \u00fatgefnar b\u00e6kur. St\u00e6r\u00f0: 20.5 X 15 cm og 62 bls. B\u00f3ki"}},"product_brand":[],"product_cat":[83],"product_tag":[],"class_list":{"0":"post-8582","1":"product","2":"type-product","3":"status-publish","4":"has-post-thumbnail","6":"product_cat-books","7":"product_shipping_class-small-en","9":"first","10":"outofstock","11":"purchasable","12":"product-type-simple"},"_links":{"self":[{"href":"https:\/\/kindart.is\/en\/wp-json\/wp\/v2\/product\/8582","targetHints":{"allow":["GET"]}}],"collection":[{"href":"https:\/\/kindart.is\/en\/wp-json\/wp\/v2\/product"}],"about":[{"href":"https:\/\/kindart.is\/en\/wp-json\/wp\/v2\/types\/product"}],"wp:featuredmedia":[{"embeddable":true,"href":"https:\/\/kindart.is\/en\/wp-json\/wp\/v2\/media\/8575"}],"wp:attachment":[{"href":"https:\/\/kindart.is\/en\/wp-json\/wp\/v2\/media?parent=8582"}],"wp:term":[{"taxonomy":"product_brand","embeddable":true,"href":"https:\/\/kindart.is\/en\/wp-json\/wp\/v2\/product_brand?post=8582"},{"taxonomy":"product_cat","embeddable":true,"href":"https:\/\/kindart.is\/en\/wp-json\/wp\/v2\/product_cat?post=8582"},{"taxonomy":"product_tag","embeddable":true,"href":"https:\/\/kindart.is\/en\/wp-json\/wp\/v2\/product_tag?post=8582"}],"curies":[{"name":"wp","href":"https:\/\/api.w.org\/{rel}","templated":true}]}}