{"id":8590,"date":"2023-09-29T17:50:33","date_gmt":"2023-09-29T17:50:33","guid":{"rendered":"https:\/\/kindart.is\/product\/kaldrifjadur-felagi\/"},"modified":"2023-09-29T17:50:33","modified_gmt":"2023-09-29T17:50:33","slug":"kaldrifjadur-felagi","status":"publish","type":"product","link":"https:\/\/kindart.is\/en\/vara\/kaldrifjadur-felagi\/","title":{"rendered":"Kaldrifja\u00f0ur f\u00e9lagi"},"content":{"rendered":"<p><strong>Kaldrifja\u00f0ur f\u00e9lagi<\/strong>. Lj\u00f3\u00f0ab\u00f3k eftir Rose-Marie Huuva, sem er \u00ed b\u00f3kaflokki Einars Braga. St\u00e6r\u00f0: 20.5 X 15 cm og 63 bls. B\u00f3kin er saumheft og l\u00edmfest \u00ed gula karton k\u00e1pu me\u00f0 innanbrotum a\u00f0 framan. Gott eintak.<\/p>\n<p><strong>\u00datg\u00e1fa og prentun<\/strong>:<br \/>\n\u00datgefandi: Lj\u00f3\u00f0bylgja, Reykjav\u00edk, \u00fatg\u00e1fufyrirt\u00e6ki Einars Braga. Reykjav\u00edk 17.6. 2002. Prentun: Steinholt.<\/p>\n","protected":false},"excerpt":{"rendered":"<p>Kaldrifja\u00f0ur f\u00e9lagi. Lj\u00f3\u00f0ab\u00f3k eftir Rose-Marie Huuva, sem er \u00ed b\u00f3kaflokki Einars Braga. St\u00e6r\u00f0: 20.5 X 15 cm og 63 bls. B\u00f3kin er saumheft og l\u00edmfest \u00ed gula karton k\u00e1pu me\u00f0 innanbrotum a\u00f0 framan. Gott eintak. \u00datg\u00e1fa og prentun: \u00datgefandi: Lj\u00f3\u00f0bylgja, Reykjav\u00edk, \u00fatg\u00e1fufyrirt\u00e6ki Einars Braga. Reykjav\u00edk 17.6. 2002. Prentun: Steinholt.<\/p>\n","protected":false},"featured_media":8585,"template":"","meta":{"slim_seo":{"title":"Kaldrifja\u00f0ur f\u00e9lagi - KindArt","description":"Kaldrifja\u00f0ur f\u00e9lagi . Lj\u00f3\u00f0ab\u00f3k eftir Rose-Marie Huuva, sem er \u00ed b\u00f3kaflokki Einars Braga. St\u00e6r\u00f0: 20.5 X 15 cm og 63 bls. B\u00f3kin er saumheft og l\u00edmfest \u00ed gula kart"}},"product_brand":[],"product_cat":[83],"product_tag":[],"class_list":{"0":"post-8590","1":"product","2":"type-product","3":"status-publish","4":"has-post-thumbnail","6":"product_cat-books","7":"product_shipping_class-small-en","9":"first","10":"outofstock","11":"purchasable","12":"product-type-simple"},"_links":{"self":[{"href":"https:\/\/kindart.is\/en\/wp-json\/wp\/v2\/product\/8590","targetHints":{"allow":["GET"]}}],"collection":[{"href":"https:\/\/kindart.is\/en\/wp-json\/wp\/v2\/product"}],"about":[{"href":"https:\/\/kindart.is\/en\/wp-json\/wp\/v2\/types\/product"}],"wp:featuredmedia":[{"embeddable":true,"href":"https:\/\/kindart.is\/en\/wp-json\/wp\/v2\/media\/8585"}],"wp:attachment":[{"href":"https:\/\/kindart.is\/en\/wp-json\/wp\/v2\/media?parent=8590"}],"wp:term":[{"taxonomy":"product_brand","embeddable":true,"href":"https:\/\/kindart.is\/en\/wp-json\/wp\/v2\/product_brand?post=8590"},{"taxonomy":"product_cat","embeddable":true,"href":"https:\/\/kindart.is\/en\/wp-json\/wp\/v2\/product_cat?post=8590"},{"taxonomy":"product_tag","embeddable":true,"href":"https:\/\/kindart.is\/en\/wp-json\/wp\/v2\/product_tag?post=8590"}],"curies":[{"name":"wp","href":"https:\/\/api.w.org\/{rel}","templated":true}]}}