{"id":8599,"date":"2023-09-29T17:54:18","date_gmt":"2023-09-29T17:54:18","guid":{"rendered":"https:\/\/kindart.is\/product\/bjartir-frostdagar\/"},"modified":"2023-09-29T17:54:18","modified_gmt":"2023-09-29T17:54:18","slug":"bjartir-frostdagar","status":"publish","type":"product","link":"https:\/\/kindart.is\/en\/vara\/bjartir-frostdagar\/","title":{"rendered":"Bjartir frostdagar"},"content":{"rendered":"<p><strong>Bjartir frostdagar<\/strong>. Lj\u00f3\u00f0ab\u00f3k eftir Rauni Magga Lukkari, sem er \u00ed b\u00f3kaflokki Einars Braga. St\u00e6r\u00f0: 20.5 X 15 cm og 61 bls. B\u00f3kin er saumheft og l\u00edmfest \u00ed bl\u00e1a sterka k\u00e1pu. Me\u00f0 innanbrotum a\u00f0 framan. Gott eintak.<\/p>\n<p><strong>\u00datg\u00e1fa og prentun<\/strong>:<br \/>\n\u00datgefandi: Lj\u00f3\u00f0bylgja, Reykjav\u00edk, \u00fatg\u00e1fufyrirt\u00e6ki Einars Braga. Reykjav\u00edk 7.4 2001. Prentun: Steinholt.<\/p>\n","protected":false},"excerpt":{"rendered":"<p>Bjartir frostdagar. Lj\u00f3\u00f0ab\u00f3k eftir Rauni Magga Lukkari, sem er \u00ed b\u00f3kaflokki Einars Braga. St\u00e6r\u00f0: 20.5 X 15 cm og 61 bls. B\u00f3kin er saumheft og l\u00edmfest \u00ed bl\u00e1a sterka k\u00e1pu. Me\u00f0 innanbrotum a\u00f0 framan. Gott eintak. \u00datg\u00e1fa og prentun: \u00datgefandi: Lj\u00f3\u00f0bylgja, Reykjav\u00edk, \u00fatg\u00e1fufyrirt\u00e6ki Einars Braga. Reykjav\u00edk 7.4 2001. Prentun: Steinholt.<\/p>\n","protected":false},"featured_media":8594,"template":"","meta":{"slim_seo":{"title":"Bjartir frostdagar - KindArt","description":"Bjartir frostdagar . Lj\u00f3\u00f0ab\u00f3k eftir Rauni Magga Lukkari, sem er \u00ed b\u00f3kaflokki Einars Braga. St\u00e6r\u00f0: 20.5 X 15 cm og 61 bls. B\u00f3kin er saumheft og l\u00edmfest \u00ed bl\u00e1a st"}},"product_brand":[],"product_cat":[83],"product_tag":[],"class_list":{"0":"post-8599","1":"product","2":"type-product","3":"status-publish","4":"has-post-thumbnail","6":"product_cat-books","7":"product_shipping_class-small-en","9":"first","10":"outofstock","11":"purchasable","12":"product-type-simple"},"_links":{"self":[{"href":"https:\/\/kindart.is\/en\/wp-json\/wp\/v2\/product\/8599","targetHints":{"allow":["GET"]}}],"collection":[{"href":"https:\/\/kindart.is\/en\/wp-json\/wp\/v2\/product"}],"about":[{"href":"https:\/\/kindart.is\/en\/wp-json\/wp\/v2\/types\/product"}],"wp:featuredmedia":[{"embeddable":true,"href":"https:\/\/kindart.is\/en\/wp-json\/wp\/v2\/media\/8594"}],"wp:attachment":[{"href":"https:\/\/kindart.is\/en\/wp-json\/wp\/v2\/media?parent=8599"}],"wp:term":[{"taxonomy":"product_brand","embeddable":true,"href":"https:\/\/kindart.is\/en\/wp-json\/wp\/v2\/product_brand?post=8599"},{"taxonomy":"product_cat","embeddable":true,"href":"https:\/\/kindart.is\/en\/wp-json\/wp\/v2\/product_cat?post=8599"},{"taxonomy":"product_tag","embeddable":true,"href":"https:\/\/kindart.is\/en\/wp-json\/wp\/v2\/product_tag?post=8599"}],"curies":[{"name":"wp","href":"https:\/\/api.w.org\/{rel}","templated":true}]}}