{"id":8611,"date":"2023-10-04T17:42:44","date_gmt":"2023-10-04T17:42:44","guid":{"rendered":"https:\/\/kindart.is\/product\/islenzk-sendibref-i-skrifarinn-a-stapa\/"},"modified":"2023-10-04T17:42:44","modified_gmt":"2023-10-04T17:42:44","slug":"islenzk-sendibref-i-skrifarinn-a-stapa","status":"publish","type":"product","link":"https:\/\/kindart.is\/en\/vara\/islenzk-sendibref-i-skrifarinn-a-stapa\/","title":{"rendered":"\u00cdslenzk sendibr\u00e9f I. Skrifarinn \u00e1 Stapa"},"content":{"rendered":"<p><strong>\u00cdslenzk sendibr\u00e9f I. Skrifarinn \u00e1 Stapa<\/strong>. Sendibr\u00e9f 1806 \u2013 1877. Finnur Sigmundsson bj\u00f3 til prentunar. Hann skrifar form\u00e1la og gerir grein fyrir skrifaranum \u00e1 Stapa og hver hann var. P\u00e1ll P\u00e1lsson skrifari \u00ed yfir 50 \u00e1r. Hann var m.a. skrifari og tr\u00fana\u00f0arma\u00f0ur Bjarna \u00deorsteinssonar amtmanns. B\u00f3kin er bundin \u00ed svart rex\u00edn \u00e1 kj\u00f6l og horn og kl\u00e6dd me\u00f0 rau\u00f0r\u00f6nd\u00f3ttum spjaldapapp\u00edr, tveir rau\u00f0ir feldir \u00e1 kili og gyllt \u00fear \u00e1. St\u00e6r\u00f0: 23.6 X 15.6 cm og 324 bls. Saurbl\u00f6\u00f0 \u00e1prentu\u00f0. Mannanafnaskr\u00e1.<\/p>\n<p><strong>\u00datg\u00e1fa og prentun<\/strong>:<br \/>\nB\u00f3kfells\u00fatg\u00e1fan Reykjav\u00edk 1957. Prentun: Prentsmi\u00f0jan Oddi.<\/p>\n","protected":false},"excerpt":{"rendered":"<p>\u00cdslenzk sendibr\u00e9f I. Skrifarinn \u00e1 Stapa. Sendibr\u00e9f 1806 \u2013 1877. Finnur Sigmundsson bj\u00f3 til prentunar. Hann skrifar form\u00e1la og gerir grein fyrir skrifaranum \u00e1 Stapa og hver hann var. P\u00e1ll P\u00e1lsson skrifari \u00ed yfir 50 \u00e1r. Hann var m.a. skrifari og tr\u00fana\u00f0arma\u00f0ur Bjarna \u00deorsteinssonar amtmanns. B\u00f3kin er bundin \u00ed svart rex\u00edn \u00e1 kj\u00f6l og horn [&hellip;]<\/p>\n","protected":false},"featured_media":8604,"template":"","meta":{"slim_seo":{"title":"\u00cdslenzk sendibr\u00e9f I. Skrifarinn \u00e1 Stapa - KindArt","description":"\u00cdslenzk sendibr\u00e9f I. Skrifarinn \u00e1 Stapa . Sendibr\u00e9f 1806 \u2013 1877. Finnur Sigmundsson bj\u00f3 til prentunar. Hann skrifar form\u00e1la og gerir grein fyrir skrifaranum \u00e1 S"}},"product_brand":[],"product_cat":[83],"product_tag":[],"class_list":{"0":"post-8611","1":"product","2":"type-product","3":"status-publish","4":"has-post-thumbnail","6":"product_cat-books","7":"product_shipping_class-small-en","9":"first","10":"instock","11":"purchasable","12":"product-type-simple"},"_links":{"self":[{"href":"https:\/\/kindart.is\/en\/wp-json\/wp\/v2\/product\/8611","targetHints":{"allow":["GET"]}}],"collection":[{"href":"https:\/\/kindart.is\/en\/wp-json\/wp\/v2\/product"}],"about":[{"href":"https:\/\/kindart.is\/en\/wp-json\/wp\/v2\/types\/product"}],"wp:featuredmedia":[{"embeddable":true,"href":"https:\/\/kindart.is\/en\/wp-json\/wp\/v2\/media\/8604"}],"wp:attachment":[{"href":"https:\/\/kindart.is\/en\/wp-json\/wp\/v2\/media?parent=8611"}],"wp:term":[{"taxonomy":"product_brand","embeddable":true,"href":"https:\/\/kindart.is\/en\/wp-json\/wp\/v2\/product_brand?post=8611"},{"taxonomy":"product_cat","embeddable":true,"href":"https:\/\/kindart.is\/en\/wp-json\/wp\/v2\/product_cat?post=8611"},{"taxonomy":"product_tag","embeddable":true,"href":"https:\/\/kindart.is\/en\/wp-json\/wp\/v2\/product_tag?post=8611"}],"curies":[{"name":"wp","href":"https:\/\/api.w.org\/{rel}","templated":true}]}}