{"id":8617,"date":"2023-10-07T08:25:19","date_gmt":"2023-10-07T08:25:19","guid":{"rendered":"https:\/\/kindart.is\/product\/a-torgi-lifsins\/"},"modified":"2023-10-07T08:25:19","modified_gmt":"2023-10-07T08:25:19","slug":"a-torgi-lifsins","status":"publish","type":"product","link":"https:\/\/kindart.is\/en\/vara\/a-torgi-lifsins\/","title":{"rendered":"\u00c1 torgi l\u00edfsins"},"content":{"rendered":"<p><strong>\u00c1 torgi l\u00edfsins<\/strong> eftir Gu\u00f0mund G. Hagal\u00edn. Skr\u00e1\u00f0 eftir \u00de\u00f3r\u00f0i \u00deorsteinssyni \u00e1 Hl\u00ed\u00f0 \u00ed \u00c1lftafir\u00f0i. B\u00f3kin er bundin \u00ed br\u00fant rex\u00ednband \u00e1 kj\u00f6l og horn og handgyllt \u00e1 kj\u00f6l. St\u00e6r\u00f0: 21 x 14 cm og 278 bls. Handband. S.J.<\/p>\n<p><strong>\u00datg\u00e1fa og prentun<\/strong>:<br \/>\n\u00datgefandi: Forlagi\u00f0 I\u00f0unn, Reykjav\u00edk 1952. Prentsmi\u00f0jan Oddi.<\/p>\n","protected":false},"excerpt":{"rendered":"<p>\u00c1 torgi l\u00edfsins eftir Gu\u00f0mund G. Hagal\u00edn. Skr\u00e1\u00f0 eftir \u00de\u00f3r\u00f0i \u00deorsteinssyni \u00e1 Hl\u00ed\u00f0 \u00ed \u00c1lftafir\u00f0i. B\u00f3kin er bundin \u00ed br\u00fant rex\u00ednband \u00e1 kj\u00f6l og horn og handgyllt \u00e1 kj\u00f6l. St\u00e6r\u00f0: 21 x 14 cm og 278 bls. Handband. S.J. \u00datg\u00e1fa og prentun: \u00datgefandi: Forlagi\u00f0 I\u00f0unn, Reykjav\u00edk 1952. Prentsmi\u00f0jan Oddi.<\/p>\n","protected":false},"featured_media":8614,"template":"","meta":{"slim_seo":{"title":"\u00c1 torgi l\u00edfsins - KindArt","description":"\u00c1 torgi l\u00edfsins eftir Gu\u00f0mund G. Hagal\u00edn. Skr\u00e1\u00f0 eftir \u00de\u00f3r\u00f0i \u00deorsteinssyni \u00e1 Hl\u00ed\u00f0 \u00ed \u00c1lftafir\u00f0i. B\u00f3kin er bundin \u00ed br\u00fant rex\u00ednband \u00e1 kj\u00f6l og horn og handgyllt \u00e1 k"}},"product_brand":[],"product_cat":[83],"product_tag":[],"class_list":{"0":"post-8617","1":"product","2":"type-product","3":"status-publish","4":"has-post-thumbnail","6":"product_cat-books","7":"product_shipping_class-small-en","9":"first","10":"outofstock","11":"purchasable","12":"product-type-simple"},"_links":{"self":[{"href":"https:\/\/kindart.is\/en\/wp-json\/wp\/v2\/product\/8617","targetHints":{"allow":["GET"]}}],"collection":[{"href":"https:\/\/kindart.is\/en\/wp-json\/wp\/v2\/product"}],"about":[{"href":"https:\/\/kindart.is\/en\/wp-json\/wp\/v2\/types\/product"}],"wp:featuredmedia":[{"embeddable":true,"href":"https:\/\/kindart.is\/en\/wp-json\/wp\/v2\/media\/8614"}],"wp:attachment":[{"href":"https:\/\/kindart.is\/en\/wp-json\/wp\/v2\/media?parent=8617"}],"wp:term":[{"taxonomy":"product_brand","embeddable":true,"href":"https:\/\/kindart.is\/en\/wp-json\/wp\/v2\/product_brand?post=8617"},{"taxonomy":"product_cat","embeddable":true,"href":"https:\/\/kindart.is\/en\/wp-json\/wp\/v2\/product_cat?post=8617"},{"taxonomy":"product_tag","embeddable":true,"href":"https:\/\/kindart.is\/en\/wp-json\/wp\/v2\/product_tag?post=8617"}],"curies":[{"name":"wp","href":"https:\/\/api.w.org\/{rel}","templated":true}]}}