{"id":8624,"date":"2023-10-07T08:29:00","date_gmt":"2023-10-07T08:29:00","guid":{"rendered":"https:\/\/kindart.is\/product\/nokkur-almenn-ord-um-kulnun-solar\/"},"modified":"2023-10-07T08:29:00","modified_gmt":"2023-10-07T08:29:00","slug":"nokkur-almenn-ord-um-kulnun-solar","status":"publish","type":"product","link":"https:\/\/kindart.is\/en\/vara\/nokkur-almenn-ord-um-kulnun-solar\/","title":{"rendered":"Nokkur almenn or\u00f0 um kulnun s\u00f3lar"},"content":{"rendered":"<p><strong>Nokkur almenn or\u00f0 um kulnun s\u00f3lar<\/strong>. Lj\u00f3\u00f0 eftir Gyr\u00f0i El\u00edasson. Hl\u00edf\u00f0ark\u00e1pa eftir A\u00f0alstein S. Sigf\u00fasson, mynd \u00e1 k\u00e1pu: R\u00f6kkvi Sigurlaugsson. B\u00f3kin er bundin \u00ed forlagsband, alband \u00ed striga, Nafn \u00ferykkt \u00e1 kj\u00f6l. St\u00e6r\u00f0: 21.8 X 14.1 cm og 104 bls.<\/p>\n<p><strong>\u00datg\u00e1fa og prentun<\/strong>:<br \/>\nUppheimar, Akranesi 2009. Prentun: Oddi.<\/p>\n","protected":false},"excerpt":{"rendered":"<p>Nokkur almenn or\u00f0 um kulnun s\u00f3lar. Lj\u00f3\u00f0 eftir Gyr\u00f0i El\u00edasson. Hl\u00edf\u00f0ark\u00e1pa eftir A\u00f0alstein S. Sigf\u00fasson, mynd \u00e1 k\u00e1pu: R\u00f6kkvi Sigurlaugsson. B\u00f3kin er bundin \u00ed forlagsband, alband \u00ed striga, Nafn \u00ferykkt \u00e1 kj\u00f6l. St\u00e6r\u00f0: 21.8 X 14.1 cm og 104 bls. \u00datg\u00e1fa og prentun: Uppheimar, Akranesi 2009. Prentun: Oddi.<\/p>\n","protected":false},"featured_media":8621,"template":"","meta":{"slim_seo":{"title":"Nokkur almenn or\u00f0 um kulnun s\u00f3lar - KindArt","description":"Nokkur almenn or\u00f0 um kulnun s\u00f3lar . Lj\u00f3\u00f0 eftir Gyr\u00f0i El\u00edasson. Hl\u00edf\u00f0ark\u00e1pa eftir A\u00f0alstein S. Sigf\u00fasson, mynd \u00e1 k\u00e1pu: R\u00f6kkvi Sigurlaugsson. B\u00f3kin er bundin \u00ed fo"}},"product_brand":[],"product_cat":[83],"product_tag":[],"class_list":{"0":"post-8624","1":"product","2":"type-product","3":"status-publish","4":"has-post-thumbnail","6":"product_cat-books","7":"product_shipping_class-small-en","9":"first","10":"outofstock","11":"purchasable","12":"product-type-simple"},"_links":{"self":[{"href":"https:\/\/kindart.is\/en\/wp-json\/wp\/v2\/product\/8624","targetHints":{"allow":["GET"]}}],"collection":[{"href":"https:\/\/kindart.is\/en\/wp-json\/wp\/v2\/product"}],"about":[{"href":"https:\/\/kindart.is\/en\/wp-json\/wp\/v2\/types\/product"}],"wp:featuredmedia":[{"embeddable":true,"href":"https:\/\/kindart.is\/en\/wp-json\/wp\/v2\/media\/8621"}],"wp:attachment":[{"href":"https:\/\/kindart.is\/en\/wp-json\/wp\/v2\/media?parent=8624"}],"wp:term":[{"taxonomy":"product_brand","embeddable":true,"href":"https:\/\/kindart.is\/en\/wp-json\/wp\/v2\/product_brand?post=8624"},{"taxonomy":"product_cat","embeddable":true,"href":"https:\/\/kindart.is\/en\/wp-json\/wp\/v2\/product_cat?post=8624"},{"taxonomy":"product_tag","embeddable":true,"href":"https:\/\/kindart.is\/en\/wp-json\/wp\/v2\/product_tag?post=8624"}],"curies":[{"name":"wp","href":"https:\/\/api.w.org\/{rel}","templated":true}]}}