{"id":8634,"date":"2023-10-07T08:32:35","date_gmt":"2023-10-07T08:32:35","guid":{"rendered":"https:\/\/kindart.is\/product\/steintre\/"},"modified":"2023-10-07T08:32:35","modified_gmt":"2023-10-07T08:32:35","slug":"steintre","status":"publish","type":"product","link":"https:\/\/kindart.is\/en\/vara\/steintre\/","title":{"rendered":"Steintr\u00e9"},"content":{"rendered":"<p><strong>Steintr\u00e9<\/strong>. Sm\u00e1s\u00f6gur eftir Gyr\u00f0i El\u00edasson. Hl\u00edf\u00f0ark\u00e1pa: Gr\u00e1. H\u00f6nnun: Anna Cynthia Leplar. Mynd: Halld\u00f3r Pjetursson. Lj\u00f3smynd af h\u00f6fundi N\u00f6kkvi El\u00edasson. B\u00f3kin er bundin \u00ed d\u00f6kkgr\u00e1an striga, saurbl\u00f6\u00f0 \u00ed sama lit, forlagsband, alband. Nafn gyllt \u00e1 kj\u00f6l. St\u00e6r\u00f0: 21.7 X 14 cm og 130 bls.<\/p>\n<p><strong>\u00datg\u00e1fa og prentun<\/strong>:<br \/>\nM\u00e1l og menning Reykjav\u00edk 2005. Prentvinnsla: Prentsmi\u00f0jan Oddi.<\/p>\n","protected":false},"excerpt":{"rendered":"<p>Steintr\u00e9. Sm\u00e1s\u00f6gur eftir Gyr\u00f0i El\u00edasson. Hl\u00edf\u00f0ark\u00e1pa: Gr\u00e1. H\u00f6nnun: Anna Cynthia Leplar. Mynd: Halld\u00f3r Pjetursson. Lj\u00f3smynd af h\u00f6fundi N\u00f6kkvi El\u00edasson. B\u00f3kin er bundin \u00ed d\u00f6kkgr\u00e1an striga, saurbl\u00f6\u00f0 \u00ed sama lit, forlagsband, alband. Nafn gyllt \u00e1 kj\u00f6l. St\u00e6r\u00f0: 21.7 X 14 cm og 130 bls. \u00datg\u00e1fa og prentun: M\u00e1l og menning Reykjav\u00edk 2005. Prentvinnsla: Prentsmi\u00f0jan Oddi.<\/p>\n","protected":false},"featured_media":8627,"template":"","meta":{"slim_seo":{"title":"Steintr\u00e9 - KindArt","description":"Steintr\u00e9 . Sm\u00e1s\u00f6gur eftir Gyr\u00f0i El\u00edasson. Hl\u00edf\u00f0ark\u00e1pa: Gr\u00e1. H\u00f6nnun: Anna Cynthia Leplar. Mynd: Halld\u00f3r Pjetursson. Lj\u00f3smynd af h\u00f6fundi N\u00f6kkvi El\u00edasson. B\u00f3kin er"}},"product_brand":[],"product_cat":[83],"product_tag":[],"class_list":{"0":"post-8634","1":"product","2":"type-product","3":"status-publish","4":"has-post-thumbnail","6":"product_cat-books","7":"product_shipping_class-small-en","9":"first","10":"instock","11":"purchasable","12":"product-type-simple"},"_links":{"self":[{"href":"https:\/\/kindart.is\/en\/wp-json\/wp\/v2\/product\/8634","targetHints":{"allow":["GET"]}}],"collection":[{"href":"https:\/\/kindart.is\/en\/wp-json\/wp\/v2\/product"}],"about":[{"href":"https:\/\/kindart.is\/en\/wp-json\/wp\/v2\/types\/product"}],"wp:featuredmedia":[{"embeddable":true,"href":"https:\/\/kindart.is\/en\/wp-json\/wp\/v2\/media\/8627"}],"wp:attachment":[{"href":"https:\/\/kindart.is\/en\/wp-json\/wp\/v2\/media?parent=8634"}],"wp:term":[{"taxonomy":"product_brand","embeddable":true,"href":"https:\/\/kindart.is\/en\/wp-json\/wp\/v2\/product_brand?post=8634"},{"taxonomy":"product_cat","embeddable":true,"href":"https:\/\/kindart.is\/en\/wp-json\/wp\/v2\/product_cat?post=8634"},{"taxonomy":"product_tag","embeddable":true,"href":"https:\/\/kindart.is\/en\/wp-json\/wp\/v2\/product_tag?post=8634"}],"curies":[{"name":"wp","href":"https:\/\/api.w.org\/{rel}","templated":true}]}}