{"id":8651,"date":"2023-10-08T17:31:02","date_gmt":"2023-10-08T17:31:02","guid":{"rendered":"https:\/\/kindart.is\/product\/draumar-a-jordu\/"},"modified":"2023-10-08T17:31:02","modified_gmt":"2023-10-08T17:31:02","slug":"draumar-a-jordu","status":"publish","type":"product","link":"https:\/\/kindart.is\/en\/vara\/draumar-a-jordu\/","title":{"rendered":"Draumar \u00e1 j\u00f6r\u00f0u"},"content":{"rendered":"<p><strong>Draumar \u00e1 j\u00f6r\u00f0u<\/strong>, sk\u00e1ldsaga eftir Einar M\u00e1 Gu\u00f0mundsson. Sagan gerist \u00ed Sp\u00e1narstyrj\u00f6ldinni fr\u00e1 1936, en f\u00f6\u00f0urbr\u00f3\u00f0ir Einars, Bj\u00f6rn Gu\u00f0mundsson t\u00f3k \u00fe\u00e1tt \u00ed henni. B\u00f3kin er bundin \u00ed svart efni, shirting, hv\u00edt saurbl\u00f6\u00f0, og hl\u00edf\u00f0ark\u00e1pa fylgir, gyllt \u00e1 kj\u00f6l. St\u00e6r\u00f0: 21.7 X 14.2 cm og 341 bls. Gott eintak,<\/p>\n<p><strong>\u00datgefandi<\/strong>: M\u00e1l og menning, Reykjav\u00edk 2000. Prentun: Prentsmi\u00f0jan Oddi.<\/p>\n","protected":false},"excerpt":{"rendered":"<p>Draumar \u00e1 j\u00f6r\u00f0u, sk\u00e1ldsaga eftir Einar M\u00e1 Gu\u00f0mundsson. Sagan gerist \u00ed Sp\u00e1narstyrj\u00f6ldinni fr\u00e1 1936, en f\u00f6\u00f0urbr\u00f3\u00f0ir Einars, Bj\u00f6rn Gu\u00f0mundsson t\u00f3k \u00fe\u00e1tt \u00ed henni. B\u00f3kin er bundin \u00ed svart efni, shirting, hv\u00edt saurbl\u00f6\u00f0, og hl\u00edf\u00f0ark\u00e1pa fylgir, gyllt \u00e1 kj\u00f6l. St\u00e6r\u00f0: 21.7 X 14.2 cm og 341 bls. Gott eintak, \u00datgefandi: M\u00e1l og menning, Reykjav\u00edk 2000. Prentun: [&hellip;]<\/p>\n","protected":false},"featured_media":8646,"template":"","meta":{"slim_seo":{"title":"Draumar \u00e1 j\u00f6r\u00f0u - KindArt","description":"Draumar \u00e1 j\u00f6r\u00f0u , sk\u00e1ldsaga eftir Einar M\u00e1 Gu\u00f0mundsson. Sagan gerist \u00ed Sp\u00e1narstyrj\u00f6ldinni fr\u00e1 1936, en f\u00f6\u00f0urbr\u00f3\u00f0ir Einars, Bj\u00f6rn Gu\u00f0mundsson t\u00f3k \u00fe\u00e1tt \u00ed henni. B"}},"product_brand":[],"product_cat":[83],"product_tag":[],"class_list":{"0":"post-8651","1":"product","2":"type-product","3":"status-publish","4":"has-post-thumbnail","6":"product_cat-books","7":"product_shipping_class-small-en","9":"first","10":"instock","11":"purchasable","12":"product-type-simple"},"_links":{"self":[{"href":"https:\/\/kindart.is\/en\/wp-json\/wp\/v2\/product\/8651","targetHints":{"allow":["GET"]}}],"collection":[{"href":"https:\/\/kindart.is\/en\/wp-json\/wp\/v2\/product"}],"about":[{"href":"https:\/\/kindart.is\/en\/wp-json\/wp\/v2\/types\/product"}],"wp:featuredmedia":[{"embeddable":true,"href":"https:\/\/kindart.is\/en\/wp-json\/wp\/v2\/media\/8646"}],"wp:attachment":[{"href":"https:\/\/kindart.is\/en\/wp-json\/wp\/v2\/media?parent=8651"}],"wp:term":[{"taxonomy":"product_brand","embeddable":true,"href":"https:\/\/kindart.is\/en\/wp-json\/wp\/v2\/product_brand?post=8651"},{"taxonomy":"product_cat","embeddable":true,"href":"https:\/\/kindart.is\/en\/wp-json\/wp\/v2\/product_cat?post=8651"},{"taxonomy":"product_tag","embeddable":true,"href":"https:\/\/kindart.is\/en\/wp-json\/wp\/v2\/product_tag?post=8651"}],"curies":[{"name":"wp","href":"https:\/\/api.w.org\/{rel}","templated":true}]}}