{"id":8659,"date":"2023-10-08T17:34:51","date_gmt":"2023-10-08T17:34:51","guid":{"rendered":"https:\/\/kindart.is\/product\/gula-husid\/"},"modified":"2023-10-08T17:34:51","modified_gmt":"2023-10-08T17:34:51","slug":"gula-husid","status":"publish","type":"product","link":"https:\/\/kindart.is\/en\/vara\/gula-husid\/","title":{"rendered":"Gula h\u00fasi\u00f0"},"content":{"rendered":"<p><strong>Gula h\u00fasi\u00f0<\/strong> sm\u00e1s\u00f6gur eftir Gyr\u00f0i El\u00edasson. Dumbrau\u00f0 hl\u00edf\u00f0ark\u00e1pa me\u00f0 mynd eftir El\u00edas B. Halld\u00f3rsson, f\u00f6\u00f0ur Gyr\u00f0is. B\u00f3kin er bundin \u00ed lj\u00f3sleitan striga, dumbrau\u00f0a kl\u00e6\u00f0ningu og drapplitu\u00f0 saurbl\u00f6\u00f0. St\u00e6r\u00f0: 21.8 X 14.3 cm<br \/>\nog 125 bls.<\/p>\n<p><strong>\u00datg\u00e1fa og prentun<\/strong>:<br \/>\n\u00datgefandi: M\u00e1l og menning og Vaka \u2013 Helgafell, Reykjav\u00edk 2000. Prentvinnsla: Prentsmi\u00f0jan Oddi.<\/p>\n","protected":false},"excerpt":{"rendered":"<p>Gula h\u00fasi\u00f0 sm\u00e1s\u00f6gur eftir Gyr\u00f0i El\u00edasson. Dumbrau\u00f0 hl\u00edf\u00f0ark\u00e1pa me\u00f0 mynd eftir El\u00edas B. Halld\u00f3rsson, f\u00f6\u00f0ur Gyr\u00f0is. B\u00f3kin er bundin \u00ed lj\u00f3sleitan striga, dumbrau\u00f0a kl\u00e6\u00f0ningu og drapplitu\u00f0 saurbl\u00f6\u00f0. St\u00e6r\u00f0: 21.8 X 14.3 cm og 125 bls. \u00datg\u00e1fa og prentun: \u00datgefandi: M\u00e1l og menning og Vaka \u2013 Helgafell, Reykjav\u00edk 2000. Prentvinnsla: Prentsmi\u00f0jan Oddi.<\/p>\n","protected":false},"featured_media":8654,"template":"","meta":{"slim_seo":{"title":"Gula h\u00fasi\u00f0 - KindArt","description":"Gula h\u00fasi\u00f0 sm\u00e1s\u00f6gur eftir Gyr\u00f0i El\u00edasson. Dumbrau\u00f0 hl\u00edf\u00f0ark\u00e1pa me\u00f0 mynd eftir El\u00edas B. Halld\u00f3rsson, f\u00f6\u00f0ur Gyr\u00f0is. B\u00f3kin er bundin \u00ed lj\u00f3sleitan striga, dumbrau\u00f0a"}},"product_brand":[],"product_cat":[83],"product_tag":[],"class_list":{"0":"post-8659","1":"product","2":"type-product","3":"status-publish","4":"has-post-thumbnail","6":"product_cat-books","7":"product_shipping_class-small-en","9":"first","10":"instock","11":"purchasable","12":"product-type-simple"},"_links":{"self":[{"href":"https:\/\/kindart.is\/en\/wp-json\/wp\/v2\/product\/8659","targetHints":{"allow":["GET"]}}],"collection":[{"href":"https:\/\/kindart.is\/en\/wp-json\/wp\/v2\/product"}],"about":[{"href":"https:\/\/kindart.is\/en\/wp-json\/wp\/v2\/types\/product"}],"wp:featuredmedia":[{"embeddable":true,"href":"https:\/\/kindart.is\/en\/wp-json\/wp\/v2\/media\/8654"}],"wp:attachment":[{"href":"https:\/\/kindart.is\/en\/wp-json\/wp\/v2\/media?parent=8659"}],"wp:term":[{"taxonomy":"product_brand","embeddable":true,"href":"https:\/\/kindart.is\/en\/wp-json\/wp\/v2\/product_brand?post=8659"},{"taxonomy":"product_cat","embeddable":true,"href":"https:\/\/kindart.is\/en\/wp-json\/wp\/v2\/product_cat?post=8659"},{"taxonomy":"product_tag","embeddable":true,"href":"https:\/\/kindart.is\/en\/wp-json\/wp\/v2\/product_tag?post=8659"}],"curies":[{"name":"wp","href":"https:\/\/api.w.org\/{rel}","templated":true}]}}