{"id":8670,"date":"2023-10-08T17:39:13","date_gmt":"2023-10-08T17:39:13","guid":{"rendered":"https:\/\/kindart.is\/product\/retturinn-til-letinnar\/"},"modified":"2023-10-08T17:39:13","modified_gmt":"2023-10-08T17:39:13","slug":"retturinn-til-letinnar","status":"publish","type":"product","link":"https:\/\/kindart.is\/en\/vara\/retturinn-til-letinnar\/","title":{"rendered":"R\u00e9tturinn til letinnar"},"content":{"rendered":"<p><strong>R\u00e9tturinn til letinnar<\/strong>. \u00de\u00fd\u00f0andi: Gu\u00f0mundur J. Gu\u00f0mundsson.<br \/>\n\u00c1deila \u00e1 s\u00f3un og gr\u00e6\u00f0gi i\u00f0na\u00f0arsamf\u00e9lagsins. B\u00f3kin er bundin \u00ed l\u00edmband, har\u00f0k\u00e1pu og k\u00e1pan \u00e1prentu\u00f0 aftan og framan. St\u00e6r\u00f0: 20.5 X12.5 cm og 81 bls.<\/p>\n<p><strong>\u00datg\u00e1fa og prentun<\/strong>:<br \/>\n\u00datgefandi: S\u00e6mundur Selfossi 2015. Prentun: Prentsmi\u00f0jan Oddi.<\/p>\n","protected":false},"excerpt":{"rendered":"<p>R\u00e9tturinn til letinnar. \u00de\u00fd\u00f0andi: Gu\u00f0mundur J. Gu\u00f0mundsson. \u00c1deila \u00e1 s\u00f3un og gr\u00e6\u00f0gi i\u00f0na\u00f0arsamf\u00e9lagsins. B\u00f3kin er bundin \u00ed l\u00edmband, har\u00f0k\u00e1pu og k\u00e1pan \u00e1prentu\u00f0 aftan og framan. St\u00e6r\u00f0: 20.5 X12.5 cm og 81 bls. \u00datg\u00e1fa og prentun: \u00datgefandi: S\u00e6mundur Selfossi 2015. Prentun: Prentsmi\u00f0jan Oddi.<\/p>\n","protected":false},"featured_media":8663,"template":"","meta":{"slim_seo":{"title":"R\u00e9tturinn til letinnar - KindArt","description":"R\u00e9tturinn til letinnar . \u00de\u00fd\u00f0andi: Gu\u00f0mundur J. Gu\u00f0mundsson. \u00c1deila \u00e1 s\u00f3un og gr\u00e6\u00f0gi i\u00f0na\u00f0arsamf\u00e9lagsins. B\u00f3kin er bundin \u00ed l\u00edmband, har\u00f0k\u00e1pu og k\u00e1pan \u00e1prentu\u00f0 a"}},"product_brand":[],"product_cat":[83],"product_tag":[],"class_list":{"0":"post-8670","1":"product","2":"type-product","3":"status-publish","4":"has-post-thumbnail","6":"product_cat-books","7":"product_shipping_class-small-en","9":"first","10":"instock","11":"purchasable","12":"product-type-simple"},"_links":{"self":[{"href":"https:\/\/kindart.is\/en\/wp-json\/wp\/v2\/product\/8670","targetHints":{"allow":["GET"]}}],"collection":[{"href":"https:\/\/kindart.is\/en\/wp-json\/wp\/v2\/product"}],"about":[{"href":"https:\/\/kindart.is\/en\/wp-json\/wp\/v2\/types\/product"}],"wp:featuredmedia":[{"embeddable":true,"href":"https:\/\/kindart.is\/en\/wp-json\/wp\/v2\/media\/8663"}],"wp:attachment":[{"href":"https:\/\/kindart.is\/en\/wp-json\/wp\/v2\/media?parent=8670"}],"wp:term":[{"taxonomy":"product_brand","embeddable":true,"href":"https:\/\/kindart.is\/en\/wp-json\/wp\/v2\/product_brand?post=8670"},{"taxonomy":"product_cat","embeddable":true,"href":"https:\/\/kindart.is\/en\/wp-json\/wp\/v2\/product_cat?post=8670"},{"taxonomy":"product_tag","embeddable":true,"href":"https:\/\/kindart.is\/en\/wp-json\/wp\/v2\/product_tag?post=8670"}],"curies":[{"name":"wp","href":"https:\/\/api.w.org\/{rel}","templated":true}]}}