{"id":8679,"date":"2023-10-10T15:00:10","date_gmt":"2023-10-10T15:00:10","guid":{"rendered":"https:\/\/kindart.is\/product\/8672\/"},"modified":"2023-10-10T15:05:52","modified_gmt":"2023-10-10T15:05:52","slug":"8672","status":"publish","type":"product","link":"https:\/\/kindart.is\/en\/vara\/8672\/","title":{"rendered":"H\u00e6kur fr\u00e1 sl\u00e9ttunni"},"content":{"rendered":"<p><strong>H\u00e6kur fr\u00e1 sl\u00e9ttunni<\/strong>. 76 h\u00e6kur eftir Pjetur Hafstein L\u00e1russon. B\u00f3kin er gefin \u00fat \u00ed 200 t\u00f6lusettum og \u00e1ritu\u00f0um eint\u00f6kum og \u00feetta er nr. 188. Pjetur skrifar form\u00e1la um lj\u00f3\u00f0formi\u00f0 H\u00e6kur. Yrkisefni\u00f0 er s\u00f3tt til heimasl\u00f3\u00f0a h\u00f6fundarins, Hverager\u00f0i og n\u00e6sta n\u00e1grennis. B\u00f3kin er bundin \u00ed l\u00edmband og sett \u00ed kartonk\u00e1pu sem er me\u00f0 vatnslitamynd eftir Hverger\u00f0inginn Hans Christiensen. St\u00e6r\u00f0: 14.5 X10.5 cm, vantar bla\u00f0s\u00ed\u00f0utal.<\/p>\n<p><strong>\u00datg\u00e1fa og prentun<\/strong>:<br \/>\nB\u00f3ka\u00fatg\u00e1fan H\u00f3lakot Hverager\u00f0i 2002. Prentun: Heimaprent, \u00cdsland.<\/p>\n","protected":false},"excerpt":{"rendered":"<p>H\u00e6kur fr\u00e1 sl\u00e9ttunni. 76 h\u00e6kur eftir Pjetur Hafstein L\u00e1russon. B\u00f3kin er gefin \u00fat \u00ed 200 t\u00f6lusettum og \u00e1ritu\u00f0um eint\u00f6kum og \u00feetta er nr. 188. Pjetur skrifar form\u00e1la um lj\u00f3\u00f0formi\u00f0 H\u00e6kur. Yrkisefni\u00f0 er s\u00f3tt til heimasl\u00f3\u00f0a h\u00f6fundarins, Hverager\u00f0i og n\u00e6sta n\u00e1grennis. B\u00f3kin er bundin \u00ed l\u00edmband og sett \u00ed kartonk\u00e1pu sem er me\u00f0 vatnslitamynd eftir Hverger\u00f0inginn [&hellip;]<\/p>\n","protected":false},"featured_media":8674,"template":"","meta":{"slim_seo":{"title":"H\u00e6kur fr\u00e1 sl\u00e9ttunni - KindArt","description":"H\u00e6kur fr\u00e1 sl\u00e9ttunni . 76 h\u00e6kur eftir Pjetur Hafstein L\u00e1russon. B\u00f3kin er gefin \u00fat \u00ed 200 t\u00f6lusettum og \u00e1ritu\u00f0um eint\u00f6kum og \u00feetta er nr. 188. Pjetur skrifar form\u00e1"}},"product_brand":[],"product_cat":[83],"product_tag":[],"class_list":{"0":"post-8679","1":"product","2":"type-product","3":"status-publish","4":"has-post-thumbnail","6":"product_cat-books","7":"product_shipping_class-small-en","9":"first","10":"outofstock","11":"purchasable","12":"product-type-simple"},"_links":{"self":[{"href":"https:\/\/kindart.is\/en\/wp-json\/wp\/v2\/product\/8679","targetHints":{"allow":["GET"]}}],"collection":[{"href":"https:\/\/kindart.is\/en\/wp-json\/wp\/v2\/product"}],"about":[{"href":"https:\/\/kindart.is\/en\/wp-json\/wp\/v2\/types\/product"}],"wp:featuredmedia":[{"embeddable":true,"href":"https:\/\/kindart.is\/en\/wp-json\/wp\/v2\/media\/8674"}],"wp:attachment":[{"href":"https:\/\/kindart.is\/en\/wp-json\/wp\/v2\/media?parent=8679"}],"wp:term":[{"taxonomy":"product_brand","embeddable":true,"href":"https:\/\/kindart.is\/en\/wp-json\/wp\/v2\/product_brand?post=8679"},{"taxonomy":"product_cat","embeddable":true,"href":"https:\/\/kindart.is\/en\/wp-json\/wp\/v2\/product_cat?post=8679"},{"taxonomy":"product_tag","embeddable":true,"href":"https:\/\/kindart.is\/en\/wp-json\/wp\/v2\/product_tag?post=8679"}],"curies":[{"name":"wp","href":"https:\/\/api.w.org\/{rel}","templated":true}]}}