{"id":8687,"date":"2023-10-10T15:10:18","date_gmt":"2023-10-10T15:10:18","guid":{"rendered":"https:\/\/kindart.is\/product\/innhof\/"},"modified":"2023-10-10T15:10:18","modified_gmt":"2023-10-10T15:10:18","slug":"innhof","status":"publish","type":"product","link":"https:\/\/kindart.is\/en\/vara\/innhof\/","title":{"rendered":"Innh\u00f6f"},"content":{"rendered":"<p><strong>Innh\u00f6f<\/strong>. Lj\u00f3\u00f0ab\u00f3k eftir Pjetur Hafstein L\u00e1russon. \u00d6rn Karlsson myndskreytti. H\u00e9r siglir Pjetur Hafstein um innh\u00f6f s\u00e1larl\u00edfsins og innri kenndir, sem \u00fe\u00f3 teygjast au\u00f0vita\u00f0 inn \u00far hinu volduga \u00fathafi alheimsins, segir \u00e1 k\u00e1pus\u00ed\u00f0u. B\u00f3kin er l\u00edmheft og sett \u00ed kartonk\u00e1pu og skorin. K\u00e1pumynd eftir \u00d6rn Karlsson. St\u00e6r\u00f0: 20.7 X 14.8 cm og 80 bls.<\/p>\n<p><strong>\u00datg\u00e1fa og prentun<\/strong>:<br \/>\nFj\u00f6lva\u00fatg\u00e1fan Reykjav\u00edk 1991. Prentvinnsla: G.Ben. Prentstofa.<\/p>\n","protected":false},"excerpt":{"rendered":"<p>Innh\u00f6f. Lj\u00f3\u00f0ab\u00f3k eftir Pjetur Hafstein L\u00e1russon. \u00d6rn Karlsson myndskreytti. H\u00e9r siglir Pjetur Hafstein um innh\u00f6f s\u00e1larl\u00edfsins og innri kenndir, sem \u00fe\u00f3 teygjast au\u00f0vita\u00f0 inn \u00far hinu volduga \u00fathafi alheimsins, segir \u00e1 k\u00e1pus\u00ed\u00f0u. B\u00f3kin er l\u00edmheft og sett \u00ed kartonk\u00e1pu og skorin. K\u00e1pumynd eftir \u00d6rn Karlsson. St\u00e6r\u00f0: 20.7 X 14.8 cm og 80 bls. \u00datg\u00e1fa og [&hellip;]<\/p>\n","protected":false},"featured_media":8682,"template":"","meta":{"slim_seo":{"title":"Innh\u00f6f - KindArt","description":"Innh\u00f6f . Lj\u00f3\u00f0ab\u00f3k eftir Pjetur Hafstein L\u00e1russon. \u00d6rn Karlsson myndskreytti. H\u00e9r siglir Pjetur Hafstein um innh\u00f6f s\u00e1larl\u00edfsins og innri kenndir, sem \u00fe\u00f3 teygjast"}},"product_brand":[],"product_cat":[83],"product_tag":[],"class_list":{"0":"post-8687","1":"product","2":"type-product","3":"status-publish","4":"has-post-thumbnail","6":"product_cat-books","7":"product_shipping_class-small-en","9":"first","10":"outofstock","11":"purchasable","12":"product-type-simple"},"_links":{"self":[{"href":"https:\/\/kindart.is\/en\/wp-json\/wp\/v2\/product\/8687","targetHints":{"allow":["GET"]}}],"collection":[{"href":"https:\/\/kindart.is\/en\/wp-json\/wp\/v2\/product"}],"about":[{"href":"https:\/\/kindart.is\/en\/wp-json\/wp\/v2\/types\/product"}],"wp:featuredmedia":[{"embeddable":true,"href":"https:\/\/kindart.is\/en\/wp-json\/wp\/v2\/media\/8682"}],"wp:attachment":[{"href":"https:\/\/kindart.is\/en\/wp-json\/wp\/v2\/media?parent=8687"}],"wp:term":[{"taxonomy":"product_brand","embeddable":true,"href":"https:\/\/kindart.is\/en\/wp-json\/wp\/v2\/product_brand?post=8687"},{"taxonomy":"product_cat","embeddable":true,"href":"https:\/\/kindart.is\/en\/wp-json\/wp\/v2\/product_cat?post=8687"},{"taxonomy":"product_tag","embeddable":true,"href":"https:\/\/kindart.is\/en\/wp-json\/wp\/v2\/product_tag?post=8687"}],"curies":[{"name":"wp","href":"https:\/\/api.w.org\/{rel}","templated":true}]}}