{"id":8693,"date":"2023-10-10T15:18:31","date_gmt":"2023-10-10T15:18:31","guid":{"rendered":"https:\/\/kindart.is\/product\/tukall-a-rond\/"},"modified":"2023-10-10T15:18:31","modified_gmt":"2023-10-10T15:18:31","slug":"tukall-a-rond","status":"publish","type":"product","link":"https:\/\/kindart.is\/en\/vara\/tukall-a-rond\/","title":{"rendered":"T\u00fakall \u00e1 r\u00f6nd"},"content":{"rendered":"<p><strong>T\u00fakall \u00e1 r\u00f6nd<\/strong>. Lj\u00f3\u00f0ab\u00f3k eftir Pjetur Hafstein L\u00e1russon og er myndskreytt af Erni Karlssyni myndlistamanni. B\u00f3kin er v\u00edrheft \u00ed kartonk\u00e1pu og skorin \u00ed st\u00e6r\u00f0ina: 29.8 X 21.4 cm og 23 bls. \u00c1 k\u00e1pu b\u00f3karinnar skrifar J\u00f3n Dan\u00edelsson bla\u00f0ama\u00f0ur sem vitundarvottur, a\u00f0 hverju svo sem \u00fea\u00f0 er?<\/p>\n<p><strong>\u00datg\u00e1fa og prentun<\/strong>:<br \/>\nUppl\u00fdsingar um prentun er ekki a\u00f0 finna \u00ed b\u00f3kinni, en l\u00edklega er h\u00fan prentu\u00f0 \u00ed einhverri offsetfj\u00f6lritunarstofu e\u00f0a \u00ed Leturval\/Prentval eins og Lystr\u00e6ninginn \u00ed Reykjav\u00edk 1976.<\/p>\n","protected":false},"excerpt":{"rendered":"<p>T\u00fakall \u00e1 r\u00f6nd. Lj\u00f3\u00f0ab\u00f3k eftir Pjetur Hafstein L\u00e1russon og er myndskreytt af Erni Karlssyni myndlistamanni. B\u00f3kin er v\u00edrheft \u00ed kartonk\u00e1pu og skorin \u00ed st\u00e6r\u00f0ina: 29.8 X 21.4 cm og 23 bls. \u00c1 k\u00e1pu b\u00f3karinnar skrifar J\u00f3n Dan\u00edelsson bla\u00f0ama\u00f0ur sem vitundarvottur, a\u00f0 hverju svo sem \u00fea\u00f0 er? \u00datg\u00e1fa og prentun: Uppl\u00fdsingar um prentun er ekki a\u00f0 [&hellip;]<\/p>\n","protected":false},"featured_media":8690,"template":"","meta":{"slim_seo":{"title":"T\u00fakall \u00e1 r\u00f6nd - KindArt","description":"T\u00fakall \u00e1 r\u00f6nd . Lj\u00f3\u00f0ab\u00f3k eftir Pjetur Hafstein L\u00e1russon og er myndskreytt af Erni Karlssyni myndlistamanni. B\u00f3kin er v\u00edrheft \u00ed kartonk\u00e1pu og skorin \u00ed st\u00e6r\u00f0ina:"}},"product_brand":[],"product_cat":[83],"product_tag":[],"class_list":{"0":"post-8693","1":"product","2":"type-product","3":"status-publish","4":"has-post-thumbnail","6":"product_cat-books","7":"product_shipping_class-small-en","9":"first","10":"outofstock","11":"purchasable","12":"product-type-simple"},"_links":{"self":[{"href":"https:\/\/kindart.is\/en\/wp-json\/wp\/v2\/product\/8693","targetHints":{"allow":["GET"]}}],"collection":[{"href":"https:\/\/kindart.is\/en\/wp-json\/wp\/v2\/product"}],"about":[{"href":"https:\/\/kindart.is\/en\/wp-json\/wp\/v2\/types\/product"}],"wp:featuredmedia":[{"embeddable":true,"href":"https:\/\/kindart.is\/en\/wp-json\/wp\/v2\/media\/8690"}],"wp:attachment":[{"href":"https:\/\/kindart.is\/en\/wp-json\/wp\/v2\/media?parent=8693"}],"wp:term":[{"taxonomy":"product_brand","embeddable":true,"href":"https:\/\/kindart.is\/en\/wp-json\/wp\/v2\/product_brand?post=8693"},{"taxonomy":"product_cat","embeddable":true,"href":"https:\/\/kindart.is\/en\/wp-json\/wp\/v2\/product_cat?post=8693"},{"taxonomy":"product_tag","embeddable":true,"href":"https:\/\/kindart.is\/en\/wp-json\/wp\/v2\/product_tag?post=8693"}],"curies":[{"name":"wp","href":"https:\/\/api.w.org\/{rel}","templated":true}]}}