{"id":8703,"date":"2023-10-13T08:09:17","date_gmt":"2023-10-13T08:09:17","guid":{"rendered":"https:\/\/kindart.is\/product\/aldrei-gleymist-austurland\/"},"modified":"2023-10-13T08:09:17","modified_gmt":"2023-10-13T08:09:17","slug":"aldrei-gleymist-austurland","status":"publish","type":"product","link":"https:\/\/kindart.is\/en\/vara\/aldrei-gleymist-austurland\/","title":{"rendered":"Aldrei gleymist Austurland"},"content":{"rendered":"<p><strong>Aldrei gleymist Austurland<\/strong>. Austfirsk lj\u00f3\u00f0 eftir 73 h\u00f6funda. Helgi Valt\u00fdsson safna\u00f0i. B\u00f3kin er bundin \u00ed svart rex\u00edn, kj\u00f6l og horn og kl\u00e6dd br\u00fanum spjaldapapp\u00edr. St\u00e6r\u00f0: 21.9 X 14.2 cm og 368 bls.<\/p>\n<p><strong>\u00datg\u00e1fa og prentun<\/strong>:<br \/>\nB\u00f3ka\u00fatg\u00e1fan Nor\u00f0ri, Akureyri 1949. Prentun: Prentverk Odds Bj\u00f6rnssonar.<\/p>\n","protected":false},"excerpt":{"rendered":"<p>Aldrei gleymist Austurland. Austfirsk lj\u00f3\u00f0 eftir 73 h\u00f6funda. Helgi Valt\u00fdsson safna\u00f0i. B\u00f3kin er bundin \u00ed svart rex\u00edn, kj\u00f6l og horn og kl\u00e6dd br\u00fanum spjaldapapp\u00edr. St\u00e6r\u00f0: 21.9 X 14.2 cm og 368 bls. \u00datg\u00e1fa og prentun: B\u00f3ka\u00fatg\u00e1fan Nor\u00f0ri, Akureyri 1949. Prentun: Prentverk Odds Bj\u00f6rnssonar.<\/p>\n","protected":false},"featured_media":8699,"template":"","meta":{"slim_seo":{"title":"Aldrei gleymist Austurland - KindArt","description":"Aldrei gleymist Austurland . Austfirsk lj\u00f3\u00f0 eftir 73 h\u00f6funda. Helgi Valt\u00fdsson safna\u00f0i. B\u00f3kin er bundin \u00ed svart rex\u00edn, kj\u00f6l og horn og kl\u00e6dd br\u00fanum spjaldapapp\u00edr"}},"product_brand":[],"product_cat":[83],"product_tag":[],"class_list":{"0":"post-8703","1":"product","2":"type-product","3":"status-publish","4":"has-post-thumbnail","6":"product_cat-books","7":"product_shipping_class-small-en","9":"first","10":"outofstock","11":"purchasable","12":"product-type-simple"},"_links":{"self":[{"href":"https:\/\/kindart.is\/en\/wp-json\/wp\/v2\/product\/8703","targetHints":{"allow":["GET"]}}],"collection":[{"href":"https:\/\/kindart.is\/en\/wp-json\/wp\/v2\/product"}],"about":[{"href":"https:\/\/kindart.is\/en\/wp-json\/wp\/v2\/types\/product"}],"wp:featuredmedia":[{"embeddable":true,"href":"https:\/\/kindart.is\/en\/wp-json\/wp\/v2\/media\/8699"}],"wp:attachment":[{"href":"https:\/\/kindart.is\/en\/wp-json\/wp\/v2\/media?parent=8703"}],"wp:term":[{"taxonomy":"product_brand","embeddable":true,"href":"https:\/\/kindart.is\/en\/wp-json\/wp\/v2\/product_brand?post=8703"},{"taxonomy":"product_cat","embeddable":true,"href":"https:\/\/kindart.is\/en\/wp-json\/wp\/v2\/product_cat?post=8703"},{"taxonomy":"product_tag","embeddable":true,"href":"https:\/\/kindart.is\/en\/wp-json\/wp\/v2\/product_tag?post=8703"}],"curies":[{"name":"wp","href":"https:\/\/api.w.org\/{rel}","templated":true}]}}