{"id":8711,"date":"2023-10-13T08:12:17","date_gmt":"2023-10-13T08:12:17","guid":{"rendered":"https:\/\/kindart.is\/product\/land-minna-maedra\/"},"modified":"2023-10-13T08:12:17","modified_gmt":"2023-10-13T08:12:17","slug":"land-minna-maedra","status":"publish","type":"product","link":"https:\/\/kindart.is\/en\/vara\/land-minna-maedra\/","title":{"rendered":"Land minna m\u00e6\u00f0ra"},"content":{"rendered":"<p><strong>Land minna m\u00e6\u00f0ra<\/strong>. Lj\u00f3\u00f0ab\u00f3k eftir Gunnar Dal. B\u00f3kin er bundin \u00ed br\u00fant rex\u00ednalband (forlagsband) me\u00f0 gyllingu \u00e1 kili. St\u00e6r\u00f0: 21 X 15.6 cm og 63 bls.<\/p>\n<p><strong>\u00datg\u00e1fa og prentun<\/strong>:<br \/>\nV\u00edkur\u00fatg\u00e1fan, Reykjav\u00edk 1988. Prentun: Prentsmi\u00f0ja \u00c1rna Valdemarssonar.<\/p>\n","protected":false},"excerpt":{"rendered":"<p>Land minna m\u00e6\u00f0ra. Lj\u00f3\u00f0ab\u00f3k eftir Gunnar Dal. B\u00f3kin er bundin \u00ed br\u00fant rex\u00ednalband (forlagsband) me\u00f0 gyllingu \u00e1 kili. St\u00e6r\u00f0: 21 X 15.6 cm og 63 bls. \u00datg\u00e1fa og prentun: V\u00edkur\u00fatg\u00e1fan, Reykjav\u00edk 1988. Prentun: Prentsmi\u00f0ja \u00c1rna Valdemarssonar.<\/p>\n","protected":false},"featured_media":8706,"template":"","meta":{"slim_seo":{"title":"Land minna m\u00e6\u00f0ra - KindArt","description":"Land minna m\u00e6\u00f0ra . Lj\u00f3\u00f0ab\u00f3k eftir Gunnar Dal. B\u00f3kin er bundin \u00ed br\u00fant rex\u00ednalband (forlagsband) me\u00f0 gyllingu \u00e1 kili. St\u00e6r\u00f0: 21 X 15.6 cm og 63 bls. \u00datg\u00e1fa og pr"}},"product_brand":[],"product_cat":[83],"product_tag":[],"class_list":{"0":"post-8711","1":"product","2":"type-product","3":"status-publish","4":"has-post-thumbnail","6":"product_cat-books","7":"product_shipping_class-small-en","9":"first","10":"instock","11":"purchasable","12":"product-type-simple"},"_links":{"self":[{"href":"https:\/\/kindart.is\/en\/wp-json\/wp\/v2\/product\/8711","targetHints":{"allow":["GET"]}}],"collection":[{"href":"https:\/\/kindart.is\/en\/wp-json\/wp\/v2\/product"}],"about":[{"href":"https:\/\/kindart.is\/en\/wp-json\/wp\/v2\/types\/product"}],"wp:featuredmedia":[{"embeddable":true,"href":"https:\/\/kindart.is\/en\/wp-json\/wp\/v2\/media\/8706"}],"wp:attachment":[{"href":"https:\/\/kindart.is\/en\/wp-json\/wp\/v2\/media?parent=8711"}],"wp:term":[{"taxonomy":"product_brand","embeddable":true,"href":"https:\/\/kindart.is\/en\/wp-json\/wp\/v2\/product_brand?post=8711"},{"taxonomy":"product_cat","embeddable":true,"href":"https:\/\/kindart.is\/en\/wp-json\/wp\/v2\/product_cat?post=8711"},{"taxonomy":"product_tag","embeddable":true,"href":"https:\/\/kindart.is\/en\/wp-json\/wp\/v2\/product_tag?post=8711"}],"curies":[{"name":"wp","href":"https:\/\/api.w.org\/{rel}","templated":true}]}}