{"id":8722,"date":"2023-10-13T08:16:14","date_gmt":"2023-10-13T08:16:14","guid":{"rendered":"https:\/\/kindart.is\/product\/falsarinn\/"},"modified":"2023-10-13T08:16:14","modified_gmt":"2023-10-13T08:16:14","slug":"falsarinn","status":"publish","type":"product","link":"https:\/\/kindart.is\/en\/vara\/falsarinn\/","title":{"rendered":"Falsarinn"},"content":{"rendered":"<p><strong>Falsarinn<\/strong>, Heimildask\u00e1ldsaga eftir Bj\u00f6rn Th. Bj\u00f6rnsson. \u00deorvaldur \u00deorvaldsson fr\u00e1 Sk\u00f3gum \u00e1 \u00deelam\u00f6rk falsa\u00f0i peningase\u00f0il og var d\u00e6mdur til dau\u00f0a. B\u00f3kin er bundin \u00ed rautt shirtingsefni, alband og gyllt a\u00f0 framan og \u00e1 kj\u00f6l, saurbl\u00f6\u00f0 \u00e1prentu\u00f0. St\u00e6r\u00f0: 21.7 X 14.2 cm og 391 bls. \u00c6ttarskr\u00e1 s\u00f6gupers\u00f3na og Heimildaskr\u00e1 aftast \u00ed b\u00f3kinni.<\/p>\n<p><strong>\u00datg\u00e1fa og prentun<\/strong>:<br \/>\nM\u00e1l og menning. Reykjav\u00edk 1993. Prentvinnsla: Prentsmi\u00f0jan Oddi.<\/p>\n","protected":false},"excerpt":{"rendered":"<p>Falsarinn, Heimildask\u00e1ldsaga eftir Bj\u00f6rn Th. Bj\u00f6rnsson. \u00deorvaldur \u00deorvaldsson fr\u00e1 Sk\u00f3gum \u00e1 \u00deelam\u00f6rk falsa\u00f0i peningase\u00f0il og var d\u00e6mdur til dau\u00f0a. B\u00f3kin er bundin \u00ed rautt shirtingsefni, alband og gyllt a\u00f0 framan og \u00e1 kj\u00f6l, saurbl\u00f6\u00f0 \u00e1prentu\u00f0. St\u00e6r\u00f0: 21.7 X 14.2 cm og 391 bls. \u00c6ttarskr\u00e1 s\u00f6gupers\u00f3na og Heimildaskr\u00e1 aftast \u00ed b\u00f3kinni. \u00datg\u00e1fa og prentun: M\u00e1l og [&hellip;]<\/p>\n","protected":false},"featured_media":8714,"template":"","meta":{"slim_seo":{"title":"Falsarinn - KindArt","description":"Falsarinn , Heimildask\u00e1ldsaga eftir Bj\u00f6rn Th. Bj\u00f6rnsson. \u00deorvaldur \u00deorvaldsson fr\u00e1 Sk\u00f3gum \u00e1 \u00deelam\u00f6rk falsa\u00f0i peningase\u00f0il og var d\u00e6mdur til dau\u00f0a. B\u00f3kin er bund"}},"product_brand":[],"product_cat":[83],"product_tag":[],"class_list":{"0":"post-8722","1":"product","2":"type-product","3":"status-publish","4":"has-post-thumbnail","6":"product_cat-books","7":"product_shipping_class-small-en","9":"first","10":"instock","11":"purchasable","12":"product-type-simple"},"_links":{"self":[{"href":"https:\/\/kindart.is\/en\/wp-json\/wp\/v2\/product\/8722","targetHints":{"allow":["GET"]}}],"collection":[{"href":"https:\/\/kindart.is\/en\/wp-json\/wp\/v2\/product"}],"about":[{"href":"https:\/\/kindart.is\/en\/wp-json\/wp\/v2\/types\/product"}],"wp:featuredmedia":[{"embeddable":true,"href":"https:\/\/kindart.is\/en\/wp-json\/wp\/v2\/media\/8714"}],"wp:attachment":[{"href":"https:\/\/kindart.is\/en\/wp-json\/wp\/v2\/media?parent=8722"}],"wp:term":[{"taxonomy":"product_brand","embeddable":true,"href":"https:\/\/kindart.is\/en\/wp-json\/wp\/v2\/product_brand?post=8722"},{"taxonomy":"product_cat","embeddable":true,"href":"https:\/\/kindart.is\/en\/wp-json\/wp\/v2\/product_cat?post=8722"},{"taxonomy":"product_tag","embeddable":true,"href":"https:\/\/kindart.is\/en\/wp-json\/wp\/v2\/product_tag?post=8722"}],"curies":[{"name":"wp","href":"https:\/\/api.w.org\/{rel}","templated":true}]}}