{"id":8738,"date":"2023-10-13T08:25:39","date_gmt":"2023-10-13T08:25:39","guid":{"rendered":"https:\/\/kindart.is\/product\/anna-borg-erindringer\/"},"modified":"2023-10-27T14:47:05","modified_gmt":"2023-10-27T14:47:05","slug":"anna-borg-erindringer","status":"publish","type":"product","link":"https:\/\/kindart.is\/en\/vara\/anna-borg-erindringer\/","title":{"rendered":"Anna Borg Erindringer"},"content":{"rendered":"<p><strong>Anna Borg Erindringer<\/strong>. Poul Reumert t\u00f3k saman efni\u00f0. Poul Reumert skrifar form\u00e1la og segir fr\u00e1 hvernig hann vann \u00feetta verk eftir br\u00e9fasafni konu sinnar \u00d6nnu Borg og uppt\u00f6kum af henni sem til voru. \u00dear segir Anna fr\u00e1 fj\u00f6lskyldu sinni m.a. m\u00f3\u00f0ur sinni Stefan\u00edu Gu\u00f0mundsd\u00f3ttur leikkonu sem hvert mannsbarn \u00e1 \u00cdslandi \u00feekkti. Margar fj\u00f6lskyldumyndir pr\u00fd\u00f0a b\u00f3kina, en b\u00f3kin er bundin inn \u00ed rautt alskinnsband me\u00f0 r\u00fannu\u00f0um hornum og s\u00fdnilegum dj\u00fapfals sem tilheyrir ekta f\u00ednu bandi. \u00de\u00e1 er b\u00f3kin handgyllt \u00e1 kj\u00f6l. St\u00e6r\u00f0: 22.5 X 14.2 cm og 123 bls. Aftast \u00ed b\u00f3kinni segir fr\u00e1 atviki \u00ed l\u00edfi \u00d6nnu sem Poul Reumert upplif\u00f0i svo 32 \u00e1rum seinna og birt er lj\u00f3sprenta\u00f0 svarbr\u00e9f \u00d6nnu til \u00f3\u00feekkts manns me\u00f0 lj\u00f3\u00f0i J\u00f3nasar Gu\u00f0laugssonar sem Anna skrifa\u00f0i upp og sendi manninum.<\/p>\n<p><strong>\u00datg\u00e1fa og prentun<\/strong>:<br \/>\n\u00datgefi\u00f0 af Poul Reumert \u00ed samvinnu vi\u00f0 Gyldendal. Prenta\u00f0 \u00ed Gyldendals prentsmi\u00f0ju \u00ed Kaupmannah\u00f6fn 1964. Myndirnar eru teknar \u00far myndas\u00f6fnum: Mydtskov, Kehlet og P\u00e9tur Thomsens \u00ed Reykjav\u00edk o.fl.<\/p>\n","protected":false},"excerpt":{"rendered":"<p>Anna Borg Erindringer. Poul Reumert t\u00f3k saman efni\u00f0. Poul Reumert skrifar form\u00e1la og segir fr\u00e1 hvernig hann vann \u00feetta verk eftir br\u00e9fasafni konu sinnar \u00d6nnu Borg og uppt\u00f6kum af henni sem til voru. \u00dear segir Anna fr\u00e1 fj\u00f6lskyldu sinni m.a. m\u00f3\u00f0ur sinni Stefan\u00edu Gu\u00f0mundsd\u00f3ttur leikkonu sem hvert mannsbarn \u00e1 \u00cdslandi \u00feekkti. Margar fj\u00f6lskyldumyndir pr\u00fd\u00f0a b\u00f3kina, [&hellip;]<\/p>\n","protected":false},"featured_media":8725,"template":"","meta":{"slim_seo":{"title":"Anna Borg Erindringer - KindArt","description":"Anna Borg Erindringer . Poul Reumert t\u00f3k saman efni\u00f0. Poul Reumert skrifar form\u00e1la og segir fr\u00e1 hvernig hann vann \u00feetta verk eftir br\u00e9fasafni konu sinnar \u00d6nnu B"}},"product_brand":[],"product_cat":[83],"product_tag":[],"class_list":{"0":"post-8738","1":"product","2":"type-product","3":"status-publish","4":"has-post-thumbnail","6":"product_cat-books","7":"product_shipping_class-small-en","9":"first","10":"outofstock","11":"purchasable","12":"product-type-simple"},"_links":{"self":[{"href":"https:\/\/kindart.is\/en\/wp-json\/wp\/v2\/product\/8738","targetHints":{"allow":["GET"]}}],"collection":[{"href":"https:\/\/kindart.is\/en\/wp-json\/wp\/v2\/product"}],"about":[{"href":"https:\/\/kindart.is\/en\/wp-json\/wp\/v2\/types\/product"}],"wp:featuredmedia":[{"embeddable":true,"href":"https:\/\/kindart.is\/en\/wp-json\/wp\/v2\/media\/8725"}],"wp:attachment":[{"href":"https:\/\/kindart.is\/en\/wp-json\/wp\/v2\/media?parent=8738"}],"wp:term":[{"taxonomy":"product_brand","embeddable":true,"href":"https:\/\/kindart.is\/en\/wp-json\/wp\/v2\/product_brand?post=8738"},{"taxonomy":"product_cat","embeddable":true,"href":"https:\/\/kindart.is\/en\/wp-json\/wp\/v2\/product_cat?post=8738"},{"taxonomy":"product_tag","embeddable":true,"href":"https:\/\/kindart.is\/en\/wp-json\/wp\/v2\/product_tag?post=8738"}],"curies":[{"name":"wp","href":"https:\/\/api.w.org\/{rel}","templated":true}]}}