{"id":8739,"date":"2023-10-13T08:33:29","date_gmt":"2023-10-13T08:33:29","guid":{"rendered":"https:\/\/kindart.is\/?post_type=product&#038;p=8739"},"modified":"2024-03-20T20:26:23","modified_gmt":"2024-03-20T20:26:23","slug":"lifsins-tre","status":"publish","type":"product","link":"https:\/\/kindart.is\/en\/vara\/lifsins-tre\/","title":{"rendered":"L\u00edfsins tr\u00e9"},"content":{"rendered":"<p><strong>L\u00edfsins tr\u00e9<\/strong> eftir B\u00f6\u00f0var Gu\u00f0mundsson. Vesturfaras\u00f6gur B\u00f6\u00f0vars Gu\u00f0mundssonar hafa noti\u00f0 f\u00e1d\u00e6ma vins\u00e6lda og eru me\u00f0 r\u00f3mu\u00f0ustu \u00edslensku sagnaflokkum s\u00ed\u00f0ari \u00e1ra. \u00cd b\u00f3kunum H\u00edb\u00fdli vindanna og L\u00edfsins tr\u00e9 rekur B\u00f6\u00f0var fj\u00f6lskyldus\u00f6gu vesturfarans \u00d3lafs f\u00ed\u00f3l\u00edns og veitir lesendum einstaka inns\u00fdn \u00ed l\u00edf \u00cdslendinga sem fluttust til Vesturheims \u00e1 seinni hluta 19. aldar; st\u00f6rf \u00feeirra og kj\u00f6r, vonir og \u00fer\u00e1r. B\u00f3kin er bundin \u00ed rautt forlagsband, gyllt \u00e1 kj\u00f6l. St\u00e6r\u00f0: 21.8 X14 cm og 318 bls.<\/p>\n<p><strong>\u00datg\u00e1fa og prentun<\/strong>:<br \/>\n\u00datgefandi: M\u00e1l og menning. 4. pr. \u00feessarar \u00fatg\u00e1fu. Kom fyrst \u00fat 1996 og 2. \u00fatg. \u00ed kilju me\u00f0 H\u00fdb\u00fdli vindanna 1997. Prentvinnsla: Prentsmi\u00f0jan Oddi.<\/p>\n","protected":false},"excerpt":{"rendered":"<p>L\u00edfsins tr\u00e9 eftir B\u00f6\u00f0var Gu\u00f0mundsson. Vesturfaras\u00f6gur B\u00f6\u00f0vars Gu\u00f0mundssonar hafa noti\u00f0 f\u00e1d\u00e6ma vins\u00e6lda og eru me\u00f0 r\u00f3mu\u00f0ustu \u00edslensku sagnaflokkum s\u00ed\u00f0ari \u00e1ra. \u00cd b\u00f3kunum H\u00edb\u00fdli vindanna og L\u00edfsins tr\u00e9 rekur B\u00f6\u00f0var fj\u00f6lskyldus\u00f6gu vesturfarans \u00d3lafs f\u00ed\u00f3l\u00edns og veitir lesendum einstaka inns\u00fdn \u00ed l\u00edf \u00cdslendinga sem fluttust til Vesturheims \u00e1 seinni hluta 19. aldar; st\u00f6rf \u00feeirra og kj\u00f6r, vonir [&hellip;]<\/p>\n","protected":false},"featured_media":8740,"template":"","meta":{"slim_seo":{"title":"L\u00edfsins tr\u00e9 - KindArt","description":"L\u00edfsins tr\u00e9 eftir B\u00f6\u00f0var Gu\u00f0mundsson. Vesturfaras\u00f6gur B\u00f6\u00f0vars Gu\u00f0mundssonar hafa noti\u00f0 f\u00e1d\u00e6ma vins\u00e6lda og eru me\u00f0 r\u00f3mu\u00f0ustu \u00edslensku sagnaflokkum s\u00ed\u00f0ari \u00e1ra. \u00cd"}},"product_brand":[],"product_cat":[82],"product_tag":[],"class_list":{"0":"post-8739","1":"product","2":"type-product","3":"status-publish","4":"has-post-thumbnail","6":"product_cat-baekur","7":"product_shipping_class-litill","9":"first","10":"outofstock","11":"purchasable","12":"product-type-simple"},"_links":{"self":[{"href":"https:\/\/kindart.is\/en\/wp-json\/wp\/v2\/product\/8739","targetHints":{"allow":["GET"]}}],"collection":[{"href":"https:\/\/kindart.is\/en\/wp-json\/wp\/v2\/product"}],"about":[{"href":"https:\/\/kindart.is\/en\/wp-json\/wp\/v2\/types\/product"}],"wp:featuredmedia":[{"embeddable":true,"href":"https:\/\/kindart.is\/en\/wp-json\/wp\/v2\/media\/8740"}],"wp:attachment":[{"href":"https:\/\/kindart.is\/en\/wp-json\/wp\/v2\/media?parent=8739"}],"wp:term":[{"taxonomy":"product_brand","embeddable":true,"href":"https:\/\/kindart.is\/en\/wp-json\/wp\/v2\/product_brand?post=8739"},{"taxonomy":"product_cat","embeddable":true,"href":"https:\/\/kindart.is\/en\/wp-json\/wp\/v2\/product_cat?post=8739"},{"taxonomy":"product_tag","embeddable":true,"href":"https:\/\/kindart.is\/en\/wp-json\/wp\/v2\/product_tag?post=8739"}],"curies":[{"name":"wp","href":"https:\/\/api.w.org\/{rel}","templated":true}]}}