{"id":8751,"date":"2023-10-15T08:07:23","date_gmt":"2023-10-15T08:07:23","guid":{"rendered":"https:\/\/kindart.is\/product\/sjosokn-sunnlenskra-kvenna\/"},"modified":"2023-10-15T08:07:23","modified_gmt":"2023-10-15T08:07:23","slug":"sjosokn-sunnlenskra-kvenna","status":"publish","type":"product","link":"https:\/\/kindart.is\/en\/vara\/sjosokn-sunnlenskra-kvenna\/","title":{"rendered":"Sj\u00f3s\u00f3kn sunnlenskra kvenna"},"content":{"rendered":"<p><strong>Sj\u00f3s\u00f3kn sunnlenskra kvenna<\/strong> fr\u00e1 verst\u00f6\u00f0vum \u00ed \u00c1rness\u00fdslu 1897-1980. H\u00f6fundur: \u00de\u00f3runn Magn\u00fasd\u00f3ttir 1982 &#8211; Ritger\u00f0 til Cand.mag -pr\u00f3fs vi\u00f0 heimspekideild H\u00e1sk\u00f3la \u00cdslands. Lei\u00f0beinandi: Pr\u00f3fessor Sveinbj\u00f6rn Rafnsson. B\u00f3kin er saumu\u00f0 og l\u00edmheft \u00ed gr\u00e1a kartonk\u00e1pu, skorin. St\u00e6r\u00f0: 20.8 X 14.5 cm og 128 bls.<\/p>\n<p><strong>\u00datg\u00e1fa og prentun<\/strong>:<br \/>\n\u00datgefin me\u00f0 styrk fr\u00e1 menntam\u00e1lar\u00e1\u00f0uneytinu 1982. Reykjav\u00edk. Prentun: Prentsmi\u00f0jan Eyr\u00fan Vestmannaeyjum 1984.<\/p>\n","protected":false},"excerpt":{"rendered":"<p>Sj\u00f3s\u00f3kn sunnlenskra kvenna fr\u00e1 verst\u00f6\u00f0vum \u00ed \u00c1rness\u00fdslu 1897-1980. H\u00f6fundur: \u00de\u00f3runn Magn\u00fasd\u00f3ttir 1982 &#8211; Ritger\u00f0 til Cand.mag -pr\u00f3fs vi\u00f0 heimspekideild H\u00e1sk\u00f3la \u00cdslands. Lei\u00f0beinandi: Pr\u00f3fessor Sveinbj\u00f6rn Rafnsson. B\u00f3kin er saumu\u00f0 og l\u00edmheft \u00ed gr\u00e1a kartonk\u00e1pu, skorin. St\u00e6r\u00f0: 20.8 X 14.5 cm og 128 bls. \u00datg\u00e1fa og prentun: \u00datgefin me\u00f0 styrk fr\u00e1 menntam\u00e1lar\u00e1\u00f0uneytinu 1982. Reykjav\u00edk. Prentun: Prentsmi\u00f0jan Eyr\u00fan [&hellip;]<\/p>\n","protected":false},"featured_media":8748,"template":"","meta":{"slim_seo":{"title":"Sj\u00f3s\u00f3kn sunnlenskra kvenna - KindArt","description":"Sj\u00f3s\u00f3kn sunnlenskra kvenna fr\u00e1 verst\u00f6\u00f0vum \u00ed \u00c1rness\u00fdslu 1897-1980. H\u00f6fundur: \u00de\u00f3runn Magn\u00fasd\u00f3ttir 1982 - Ritger\u00f0 til Cand.mag -pr\u00f3fs vi\u00f0 heimspekideild H\u00e1sk\u00f3la \u00cds"}},"product_brand":[],"product_cat":[83],"product_tag":[],"class_list":{"0":"post-8751","1":"product","2":"type-product","3":"status-publish","4":"has-post-thumbnail","6":"product_cat-books","7":"product_shipping_class-small-en","9":"first","10":"outofstock","11":"purchasable","12":"product-type-simple"},"_links":{"self":[{"href":"https:\/\/kindart.is\/en\/wp-json\/wp\/v2\/product\/8751","targetHints":{"allow":["GET"]}}],"collection":[{"href":"https:\/\/kindart.is\/en\/wp-json\/wp\/v2\/product"}],"about":[{"href":"https:\/\/kindart.is\/en\/wp-json\/wp\/v2\/types\/product"}],"wp:featuredmedia":[{"embeddable":true,"href":"https:\/\/kindart.is\/en\/wp-json\/wp\/v2\/media\/8748"}],"wp:attachment":[{"href":"https:\/\/kindart.is\/en\/wp-json\/wp\/v2\/media?parent=8751"}],"wp:term":[{"taxonomy":"product_brand","embeddable":true,"href":"https:\/\/kindart.is\/en\/wp-json\/wp\/v2\/product_brand?post=8751"},{"taxonomy":"product_cat","embeddable":true,"href":"https:\/\/kindart.is\/en\/wp-json\/wp\/v2\/product_cat?post=8751"},{"taxonomy":"product_tag","embeddable":true,"href":"https:\/\/kindart.is\/en\/wp-json\/wp\/v2\/product_tag?post=8751"}],"curies":[{"name":"wp","href":"https:\/\/api.w.org\/{rel}","templated":true}]}}