{"id":8759,"date":"2023-10-15T08:13:29","date_gmt":"2023-10-15T08:13:29","guid":{"rendered":"https:\/\/kindart.is\/product\/jakinn-i-blidu-og-stridu\/"},"modified":"2023-10-15T08:13:29","modified_gmt":"2023-10-15T08:13:29","slug":"jakinn-i-blidu-og-stridu","status":"publish","type":"product","link":"https:\/\/kindart.is\/en\/vara\/jakinn-i-blidu-og-stridu\/","title":{"rendered":"Jakinn &#8211; \u00ed bl\u00ed\u00f0u og str\u00ed\u00f0u"},"content":{"rendered":"<p><strong>Jakinn &#8211; \u00ed bl\u00ed\u00f0u og str\u00ed\u00f0u<\/strong>. \u00d3mar Valdimarsson skr\u00e1\u00f0i. Gu\u00f0mundur J. Gu\u00f0mundsson hefur sta\u00f0i\u00f0 \u00ed fylkingarbrj\u00f3sti \u00edslenskrar verkal\u00fd\u00f0shreyfingar allt fr\u00e1 lokum seinni heimsstyrjaldar. Hann hefur jafnframt veri\u00f0 m\u00e1lsvari hennar \u00e1 Al\u00feingi. \u00d3mari tekst vel a\u00f0 l\u00fdsa pers\u00f3nu Gu\u00f0mundar svo hann birtist lj\u00f3slifandi \u00e1 s\u00ed\u00f0um b\u00f3karinnar. B\u00f3kin er bundin \u00ed svart plastefni og gyllt \u00ed rau\u00f0an feld \u00e1 kili. St\u00e6r\u00f0: 21.7 X 14.3 cm og 216 bls.<\/p>\n<p><strong>\u00datg\u00e1fa og prentun<\/strong>:<br \/>\nVaka-Helgafell, Reykjav\u00edk 1989. Prentun: Prentstofa G. Benediktssonar. B\u00f3kband: Arnarfell.<\/p>\n","protected":false},"excerpt":{"rendered":"<p>Jakinn &#8211; \u00ed bl\u00ed\u00f0u og str\u00ed\u00f0u. \u00d3mar Valdimarsson skr\u00e1\u00f0i. Gu\u00f0mundur J. Gu\u00f0mundsson hefur sta\u00f0i\u00f0 \u00ed fylkingarbrj\u00f3sti \u00edslenskrar verkal\u00fd\u00f0shreyfingar allt fr\u00e1 lokum seinni heimsstyrjaldar. Hann hefur jafnframt veri\u00f0 m\u00e1lsvari hennar \u00e1 Al\u00feingi. \u00d3mari tekst vel a\u00f0 l\u00fdsa pers\u00f3nu Gu\u00f0mundar svo hann birtist lj\u00f3slifandi \u00e1 s\u00ed\u00f0um b\u00f3karinnar. B\u00f3kin er bundin \u00ed svart plastefni og gyllt \u00ed rau\u00f0an [&hellip;]<\/p>\n","protected":false},"featured_media":8754,"template":"","meta":{"slim_seo":{"title":"Jakinn - \u00ed bl\u00ed\u00f0u og str\u00ed\u00f0u - KindArt","description":"Jakinn - \u00ed bl\u00ed\u00f0u og str\u00ed\u00f0u . \u00d3mar Valdimarsson skr\u00e1\u00f0i. Gu\u00f0mundur J. Gu\u00f0mundsson hefur sta\u00f0i\u00f0 \u00ed fylkingarbrj\u00f3sti \u00edslenskrar verkal\u00fd\u00f0shreyfingar allt fr\u00e1 lokum se"}},"product_brand":[],"product_cat":[83],"product_tag":[],"class_list":{"0":"post-8759","1":"product","2":"type-product","3":"status-publish","4":"has-post-thumbnail","6":"product_cat-books","7":"product_shipping_class-small-en","9":"first","10":"instock","11":"purchasable","12":"product-type-simple"},"_links":{"self":[{"href":"https:\/\/kindart.is\/en\/wp-json\/wp\/v2\/product\/8759","targetHints":{"allow":["GET"]}}],"collection":[{"href":"https:\/\/kindart.is\/en\/wp-json\/wp\/v2\/product"}],"about":[{"href":"https:\/\/kindart.is\/en\/wp-json\/wp\/v2\/types\/product"}],"wp:featuredmedia":[{"embeddable":true,"href":"https:\/\/kindart.is\/en\/wp-json\/wp\/v2\/media\/8754"}],"wp:attachment":[{"href":"https:\/\/kindart.is\/en\/wp-json\/wp\/v2\/media?parent=8759"}],"wp:term":[{"taxonomy":"product_brand","embeddable":true,"href":"https:\/\/kindart.is\/en\/wp-json\/wp\/v2\/product_brand?post=8759"},{"taxonomy":"product_cat","embeddable":true,"href":"https:\/\/kindart.is\/en\/wp-json\/wp\/v2\/product_cat?post=8759"},{"taxonomy":"product_tag","embeddable":true,"href":"https:\/\/kindart.is\/en\/wp-json\/wp\/v2\/product_tag?post=8759"}],"curies":[{"name":"wp","href":"https:\/\/api.w.org\/{rel}","templated":true}]}}