{"id":8765,"date":"2023-10-21T16:36:08","date_gmt":"2023-10-21T16:36:08","guid":{"rendered":"https:\/\/kindart.is\/product\/einar-benediktsson\/"},"modified":"2023-10-21T16:36:08","modified_gmt":"2023-10-21T16:36:08","slug":"einar-benediktsson","status":"publish","type":"product","link":"https:\/\/kindart.is\/en\/vara\/einar-benediktsson\/","title":{"rendered":"Einar Benediktsson"},"content":{"rendered":"<p><strong>Einar Benediktsson<\/strong>, ritger\u00f0 eftir Sigur\u00f0 Nordal, en h\u00fan \u00e1tti upphaflega a\u00f0 standa framan vi\u00f0 Kv\u00e6\u00f0asafn Einars Benediktssonar sem kom \u00fat 1964. Aftast er eftirm\u00e1li eftir Sigur\u00f0 Nordal. B\u00f3kin er bundin inn \u00ed forlagsband, svart alband me\u00f0 \u00ferykktri mynd af Einari framan \u00e1 bindi\u00f0. St\u00e6r\u00f0: 21.3 X 13.2 cm og 142 bls.<\/p>\n<p><strong>\u00datg\u00e1fa og prentun<\/strong>:<br \/>\nHelgafell, Reykjav\u00edk 1971. Prentun: V\u00edkingsprent.<\/p>\n","protected":false},"excerpt":{"rendered":"<p>Einar Benediktsson, ritger\u00f0 eftir Sigur\u00f0 Nordal, en h\u00fan \u00e1tti upphaflega a\u00f0 standa framan vi\u00f0 Kv\u00e6\u00f0asafn Einars Benediktssonar sem kom \u00fat 1964. Aftast er eftirm\u00e1li eftir Sigur\u00f0 Nordal. B\u00f3kin er bundin inn \u00ed forlagsband, svart alband me\u00f0 \u00ferykktri mynd af Einari framan \u00e1 bindi\u00f0. St\u00e6r\u00f0: 21.3 X 13.2 cm og 142 bls. \u00datg\u00e1fa og prentun: Helgafell, [&hellip;]<\/p>\n","protected":false},"featured_media":8762,"template":"","meta":{"slim_seo":{"title":"Einar Benediktsson - KindArt","description":"Einar Benediktsson , ritger\u00f0 eftir Sigur\u00f0 Nordal, en h\u00fan \u00e1tti upphaflega a\u00f0 standa framan vi\u00f0 Kv\u00e6\u00f0asafn Einars Benediktssonar sem kom \u00fat 1964. Aftast er eftirm\u00e1"}},"product_brand":[],"product_cat":[83],"product_tag":[],"class_list":{"0":"post-8765","1":"product","2":"type-product","3":"status-publish","4":"has-post-thumbnail","6":"product_cat-books","7":"product_shipping_class-small-en","9":"first","10":"instock","11":"purchasable","12":"product-type-simple"},"_links":{"self":[{"href":"https:\/\/kindart.is\/en\/wp-json\/wp\/v2\/product\/8765","targetHints":{"allow":["GET"]}}],"collection":[{"href":"https:\/\/kindart.is\/en\/wp-json\/wp\/v2\/product"}],"about":[{"href":"https:\/\/kindart.is\/en\/wp-json\/wp\/v2\/types\/product"}],"wp:featuredmedia":[{"embeddable":true,"href":"https:\/\/kindart.is\/en\/wp-json\/wp\/v2\/media\/8762"}],"wp:attachment":[{"href":"https:\/\/kindart.is\/en\/wp-json\/wp\/v2\/media?parent=8765"}],"wp:term":[{"taxonomy":"product_brand","embeddable":true,"href":"https:\/\/kindart.is\/en\/wp-json\/wp\/v2\/product_brand?post=8765"},{"taxonomy":"product_cat","embeddable":true,"href":"https:\/\/kindart.is\/en\/wp-json\/wp\/v2\/product_cat?post=8765"},{"taxonomy":"product_tag","embeddable":true,"href":"https:\/\/kindart.is\/en\/wp-json\/wp\/v2\/product_tag?post=8765"}],"curies":[{"name":"wp","href":"https:\/\/api.w.org\/{rel}","templated":true}]}}