{"id":8771,"date":"2023-10-21T16:39:25","date_gmt":"2023-10-21T16:39:25","guid":{"rendered":"https:\/\/kindart.is\/product\/bibliusogur\/"},"modified":"2023-10-21T16:39:25","modified_gmt":"2023-10-21T16:39:25","slug":"bibliusogur","status":"publish","type":"product","link":"https:\/\/kindart.is\/en\/vara\/bibliusogur\/","title":{"rendered":"Bibl\u00edus\u00f6gur"},"content":{"rendered":"<p><strong>Bibl\u00edus\u00f6gur<\/strong>, upphaflega \u00fe\u00fdddar eftir bibl\u00edus\u00f6gum Tangs af J\u00f3hanni \u00deorsteinssyni. Auknar og endursamdar af J\u00f3ni Helgasyni. Form\u00e1li eftir J.H. 21\/9 1898. B\u00f3kin er bundin \u00ed shirting \u00e1 kj\u00f6l og horn me\u00f0 g\u00f6mlum spjaldapapp\u00edr. St\u00e6r\u00f0: 16.6 X 10.5 cm og 288 bls. Mj\u00f6g snj\u00e1\u00f0 b\u00f3k og miki\u00f0 notu\u00f0.<\/p>\n<p><strong>\u00datg\u00e1fa og prentun<\/strong>:<br \/>\nKostna\u00f0arma\u00f0ur: Sigur\u00f0ur Kristj\u00e1nsson. Reykjav\u00edk 1898. Prentun: Prentsmi\u00f0ja Dagskr\u00e1r.<\/p>\n","protected":false},"excerpt":{"rendered":"<p>Bibl\u00edus\u00f6gur, upphaflega \u00fe\u00fdddar eftir bibl\u00edus\u00f6gum Tangs af J\u00f3hanni \u00deorsteinssyni. Auknar og endursamdar af J\u00f3ni Helgasyni. Form\u00e1li eftir J.H. 21\/9 1898. B\u00f3kin er bundin \u00ed shirting \u00e1 kj\u00f6l og horn me\u00f0 g\u00f6mlum spjaldapapp\u00edr. St\u00e6r\u00f0: 16.6 X 10.5 cm og 288 bls. Mj\u00f6g snj\u00e1\u00f0 b\u00f3k og miki\u00f0 notu\u00f0. \u00datg\u00e1fa og prentun: Kostna\u00f0arma\u00f0ur: Sigur\u00f0ur Kristj\u00e1nsson. Reykjav\u00edk 1898. Prentun: [&hellip;]<\/p>\n","protected":false},"featured_media":8768,"template":"","meta":{"slim_seo":{"title":"Bibl\u00edus\u00f6gur - KindArt","description":"Bibl\u00edus\u00f6gur , upphaflega \u00fe\u00fdddar eftir bibl\u00edus\u00f6gum Tangs af J\u00f3hanni \u00deorsteinssyni. Auknar og endursamdar af J\u00f3ni Helgasyni. Form\u00e1li eftir J.H. 21\/9 1898. B\u00f3kin e"}},"product_brand":[],"product_cat":[83],"product_tag":[],"class_list":{"0":"post-8771","1":"product","2":"type-product","3":"status-publish","4":"has-post-thumbnail","6":"product_cat-books","7":"product_shipping_class-small-en","9":"first","10":"instock","11":"purchasable","12":"product-type-simple"},"_links":{"self":[{"href":"https:\/\/kindart.is\/en\/wp-json\/wp\/v2\/product\/8771","targetHints":{"allow":["GET"]}}],"collection":[{"href":"https:\/\/kindart.is\/en\/wp-json\/wp\/v2\/product"}],"about":[{"href":"https:\/\/kindart.is\/en\/wp-json\/wp\/v2\/types\/product"}],"wp:featuredmedia":[{"embeddable":true,"href":"https:\/\/kindart.is\/en\/wp-json\/wp\/v2\/media\/8768"}],"wp:attachment":[{"href":"https:\/\/kindart.is\/en\/wp-json\/wp\/v2\/media?parent=8771"}],"wp:term":[{"taxonomy":"product_brand","embeddable":true,"href":"https:\/\/kindart.is\/en\/wp-json\/wp\/v2\/product_brand?post=8771"},{"taxonomy":"product_cat","embeddable":true,"href":"https:\/\/kindart.is\/en\/wp-json\/wp\/v2\/product_cat?post=8771"},{"taxonomy":"product_tag","embeddable":true,"href":"https:\/\/kindart.is\/en\/wp-json\/wp\/v2\/product_tag?post=8771"}],"curies":[{"name":"wp","href":"https:\/\/api.w.org\/{rel}","templated":true}]}}