{"id":8777,"date":"2023-10-21T16:45:35","date_gmt":"2023-10-21T16:45:35","guid":{"rendered":"https:\/\/kindart.is\/product\/fimtiu-passiusalmar-eftir-hallgrim-petursson\/"},"modified":"2023-10-21T16:45:35","modified_gmt":"2023-10-21T16:45:35","slug":"fimtiu-passiusalmar-eftir-hallgrim-petursson","status":"publish","type":"product","link":"https:\/\/kindart.is\/en\/vara\/fimtiu-passiusalmar-eftir-hallgrim-petursson\/","title":{"rendered":"Fimt\u00edu Pass\u00edus\u00e1lmar eftir Hallgr\u00edm P\u00e9tursson"},"content":{"rendered":"<p><strong>Fimt\u00edu Pass\u00edus\u00e1lmar eftir Hallgr\u00edm P\u00e9tursson<\/strong>, bundin \u00ed svartan shirting, alband og \u00ferykkt a\u00f0 framan: Rammi, harpa og bogadregi\u00f0 nafn b\u00f3kar. St\u00e6r\u00f0: 14.5 X 9.6 cm og 136 bls.<\/p>\n<p><strong>\u00datg\u00e1fa og prentun<\/strong>:<br \/>\n44. \u00fatg\u00e1fa. \u00d3lafur Bj\u00f6rnsson, Reykjav\u00edk 1917. Prentun, \u00cdsafoldarprentsmi\u00f0ja.<\/p>\n","protected":false},"excerpt":{"rendered":"<p>Fimt\u00edu Pass\u00edus\u00e1lmar eftir Hallgr\u00edm P\u00e9tursson, bundin \u00ed svartan shirting, alband og \u00ferykkt a\u00f0 framan: Rammi, harpa og bogadregi\u00f0 nafn b\u00f3kar. St\u00e6r\u00f0: 14.5 X 9.6 cm og 136 bls. \u00datg\u00e1fa og prentun: 44. \u00fatg\u00e1fa. \u00d3lafur Bj\u00f6rnsson, Reykjav\u00edk 1917. Prentun, \u00cdsafoldarprentsmi\u00f0ja.<\/p>\n","protected":false},"featured_media":8774,"template":"","meta":{"slim_seo":{"title":"Fimt\u00edu Pass\u00edus\u00e1lmar eftir Hallgr\u00edm P\u00e9tursson - KindArt","description":"Fimt\u00edu Pass\u00edus\u00e1lmar eftir Hallgr\u00edm P\u00e9tursson , bundin \u00ed svartan shirting, alband og \u00ferykkt a\u00f0 framan: Rammi, harpa og bogadregi\u00f0 nafn b\u00f3kar. St\u00e6r\u00f0: 14.5 X 9.6 c"}},"product_brand":[],"product_cat":[83],"product_tag":[],"class_list":{"0":"post-8777","1":"product","2":"type-product","3":"status-publish","4":"has-post-thumbnail","6":"product_cat-books","7":"product_shipping_class-small-en","9":"first","10":"instock","11":"purchasable","12":"product-type-simple"},"_links":{"self":[{"href":"https:\/\/kindart.is\/en\/wp-json\/wp\/v2\/product\/8777","targetHints":{"allow":["GET"]}}],"collection":[{"href":"https:\/\/kindart.is\/en\/wp-json\/wp\/v2\/product"}],"about":[{"href":"https:\/\/kindart.is\/en\/wp-json\/wp\/v2\/types\/product"}],"wp:featuredmedia":[{"embeddable":true,"href":"https:\/\/kindart.is\/en\/wp-json\/wp\/v2\/media\/8774"}],"wp:attachment":[{"href":"https:\/\/kindart.is\/en\/wp-json\/wp\/v2\/media?parent=8777"}],"wp:term":[{"taxonomy":"product_brand","embeddable":true,"href":"https:\/\/kindart.is\/en\/wp-json\/wp\/v2\/product_brand?post=8777"},{"taxonomy":"product_cat","embeddable":true,"href":"https:\/\/kindart.is\/en\/wp-json\/wp\/v2\/product_cat?post=8777"},{"taxonomy":"product_tag","embeddable":true,"href":"https:\/\/kindart.is\/en\/wp-json\/wp\/v2\/product_tag?post=8777"}],"curies":[{"name":"wp","href":"https:\/\/api.w.org\/{rel}","templated":true}]}}