{"id":8784,"date":"2023-10-21T16:50:05","date_gmt":"2023-10-21T16:50:05","guid":{"rendered":"https:\/\/kindart.is\/product\/salmabok-til-kirkju-og-heimasongs\/"},"modified":"2023-10-21T16:50:05","modified_gmt":"2023-10-21T16:50:05","slug":"salmabok-til-kirkju-og-heimasongs","status":"publish","type":"product","link":"https:\/\/kindart.is\/en\/vara\/salmabok-til-kirkju-og-heimasongs\/","title":{"rendered":"S\u00e1lmab\u00f3k til kirkju- og heimas\u00f6ngs"},"content":{"rendered":"<p><strong>S\u00e1lmab\u00f3k til kirkju- og heimas\u00f6ngs<\/strong>. Bleik e\u00f0a rau\u00f0gul saurbl\u00f6\u00f0, en bundin inn \u00ed klofi\u00f0 svart skinn og \u00feunn pappaspj\u00f6ld, r\u00fannu\u00f0 horn, alband. Nafni\u00f0 gyllt framan \u00e1 me\u00f0 skriftarletri og einl\u00ednuramma. St\u00e6r\u00f0: 13.9 X 7.7 cm og 478 bls.<\/p>\n<p><strong>\u00datg\u00e1fa og prentun<\/strong>:<br \/>\nT\u00f3lfta prentun Reykjav\u00edk 1912 Forlag Prestsekknasj\u00f3\u00f0sins. Prentun: \u00cdsafoldarprentsmi\u00f0ja \u00e1 sinn kostna\u00f0.<\/p>\n","protected":false},"excerpt":{"rendered":"<p>S\u00e1lmab\u00f3k til kirkju- og heimas\u00f6ngs. Bleik e\u00f0a rau\u00f0gul saurbl\u00f6\u00f0, en bundin inn \u00ed klofi\u00f0 svart skinn og \u00feunn pappaspj\u00f6ld, r\u00fannu\u00f0 horn, alband. Nafni\u00f0 gyllt framan \u00e1 me\u00f0 skriftarletri og einl\u00ednuramma. St\u00e6r\u00f0: 13.9 X 7.7 cm og 478 bls. \u00datg\u00e1fa og prentun: T\u00f3lfta prentun Reykjav\u00edk 1912 Forlag Prestsekknasj\u00f3\u00f0sins. Prentun: \u00cdsafoldarprentsmi\u00f0ja \u00e1 sinn kostna\u00f0.<\/p>\n","protected":false},"featured_media":8780,"template":"","meta":{"slim_seo":{"title":"S\u00e1lmab\u00f3k til kirkju- og heimas\u00f6ngs - KindArt","description":"S\u00e1lmab\u00f3k til kirkju- og heimas\u00f6ngs . Bleik e\u00f0a rau\u00f0gul saurbl\u00f6\u00f0, en bundin inn \u00ed klofi\u00f0 svart skinn og \u00feunn pappaspj\u00f6ld, r\u00fannu\u00f0 horn, alband. Nafni\u00f0 gyllt frama"}},"product_brand":[],"product_cat":[83],"product_tag":[],"class_list":{"0":"post-8784","1":"product","2":"type-product","3":"status-publish","4":"has-post-thumbnail","6":"product_cat-books","7":"product_shipping_class-small-en","9":"first","10":"instock","11":"purchasable","12":"product-type-simple"},"_links":{"self":[{"href":"https:\/\/kindart.is\/en\/wp-json\/wp\/v2\/product\/8784","targetHints":{"allow":["GET"]}}],"collection":[{"href":"https:\/\/kindart.is\/en\/wp-json\/wp\/v2\/product"}],"about":[{"href":"https:\/\/kindart.is\/en\/wp-json\/wp\/v2\/types\/product"}],"wp:featuredmedia":[{"embeddable":true,"href":"https:\/\/kindart.is\/en\/wp-json\/wp\/v2\/media\/8780"}],"wp:attachment":[{"href":"https:\/\/kindart.is\/en\/wp-json\/wp\/v2\/media?parent=8784"}],"wp:term":[{"taxonomy":"product_brand","embeddable":true,"href":"https:\/\/kindart.is\/en\/wp-json\/wp\/v2\/product_brand?post=8784"},{"taxonomy":"product_cat","embeddable":true,"href":"https:\/\/kindart.is\/en\/wp-json\/wp\/v2\/product_cat?post=8784"},{"taxonomy":"product_tag","embeddable":true,"href":"https:\/\/kindart.is\/en\/wp-json\/wp\/v2\/product_tag?post=8784"}],"curies":[{"name":"wp","href":"https:\/\/api.w.org\/{rel}","templated":true}]}}