{"id":8790,"date":"2023-10-21T16:55:19","date_gmt":"2023-10-21T16:55:19","guid":{"rendered":"https:\/\/kindart.is\/product\/salmabok-til-kirkju-og-heimasongs-2\/"},"modified":"2023-10-21T16:55:19","modified_gmt":"2023-10-21T16:55:19","slug":"salmabok-til-kirkju-og-heimasongs-2","status":"publish","type":"product","link":"https:\/\/kindart.is\/en\/vara\/salmabok-til-kirkju-og-heimasongs-2\/","title":{"rendered":"S\u00e1lmab\u00f3k til kirkju- og heimas\u00f6ngs"},"content":{"rendered":"<p><strong>S\u00e1lmab\u00f3k til kirkju- og heimas\u00f6ngs<\/strong>. B\u00f3kin bundin \u00ed svart alskinn me\u00f0 \u00ferykktum ramma framan og aftan, Gyllt \u00e1 kj\u00f6l og gyllt kristsmynd a\u00f0 framan og \u00fear stendur: Komi\u00f0 til m\u00edn ne\u00f0st \u00e1 myndinni. B\u00f3kin t\u00f6luvert snj\u00e1\u00f0 eins og b\u00faast m\u00e1 vi\u00f0. 123. \u00e1ra g\u00f6mul. St\u00e6r\u00f0: 17.5 X 10.7 cm og 606 bls.<\/p>\n<p><strong>\u00datg\u00e1fa og prentun<\/strong>:<br \/>\n6. prentun, Forlag Prestsekknasj\u00f3\u00f0sins. Reykjav\u00edk 1900, \u00cdsafoldarprentsmi\u00f0ja. Kostna\u00f0armenn: Bj\u00f6rn J\u00f3nsson og Sigf\u00fas Eymundsson.<\/p>\n","protected":false},"excerpt":{"rendered":"<p>S\u00e1lmab\u00f3k til kirkju- og heimas\u00f6ngs. B\u00f3kin bundin \u00ed svart alskinn me\u00f0 \u00ferykktum ramma framan og aftan, Gyllt \u00e1 kj\u00f6l og gyllt kristsmynd a\u00f0 framan og \u00fear stendur: Komi\u00f0 til m\u00edn ne\u00f0st \u00e1 myndinni. B\u00f3kin t\u00f6luvert snj\u00e1\u00f0 eins og b\u00faast m\u00e1 vi\u00f0. 123. \u00e1ra g\u00f6mul. St\u00e6r\u00f0: 17.5 X 10.7 cm og 606 bls. \u00datg\u00e1fa og prentun: [&hellip;]<\/p>\n","protected":false},"featured_media":8787,"template":"","meta":{"slim_seo":{"title":"S\u00e1lmab\u00f3k til kirkju- og heimas\u00f6ngs - KindArt","description":"S\u00e1lmab\u00f3k til kirkju- og heimas\u00f6ngs . B\u00f3kin bundin \u00ed svart alskinn me\u00f0 \u00ferykktum ramma framan og aftan, Gyllt \u00e1 kj\u00f6l og gyllt kristsmynd a\u00f0 framan og \u00fear stendur:"}},"product_brand":[],"product_cat":[83],"product_tag":[],"class_list":{"0":"post-8790","1":"product","2":"type-product","3":"status-publish","4":"has-post-thumbnail","6":"product_cat-books","7":"product_shipping_class-small-en","9":"first","10":"instock","11":"purchasable","12":"product-type-simple"},"_links":{"self":[{"href":"https:\/\/kindart.is\/en\/wp-json\/wp\/v2\/product\/8790","targetHints":{"allow":["GET"]}}],"collection":[{"href":"https:\/\/kindart.is\/en\/wp-json\/wp\/v2\/product"}],"about":[{"href":"https:\/\/kindart.is\/en\/wp-json\/wp\/v2\/types\/product"}],"wp:featuredmedia":[{"embeddable":true,"href":"https:\/\/kindart.is\/en\/wp-json\/wp\/v2\/media\/8787"}],"wp:attachment":[{"href":"https:\/\/kindart.is\/en\/wp-json\/wp\/v2\/media?parent=8790"}],"wp:term":[{"taxonomy":"product_brand","embeddable":true,"href":"https:\/\/kindart.is\/en\/wp-json\/wp\/v2\/product_brand?post=8790"},{"taxonomy":"product_cat","embeddable":true,"href":"https:\/\/kindart.is\/en\/wp-json\/wp\/v2\/product_cat?post=8790"},{"taxonomy":"product_tag","embeddable":true,"href":"https:\/\/kindart.is\/en\/wp-json\/wp\/v2\/product_tag?post=8790"}],"curies":[{"name":"wp","href":"https:\/\/api.w.org\/{rel}","templated":true}]}}