{"id":8796,"date":"2023-10-21T16:58:53","date_gmt":"2023-10-21T16:58:53","guid":{"rendered":"https:\/\/kindart.is\/product\/i-o-g-t-songbok-unglingareglunnar\/"},"modified":"2023-10-21T16:58:53","modified_gmt":"2023-10-21T16:58:53","slug":"i-o-g-t-songbok-unglingareglunnar","status":"publish","type":"product","link":"https:\/\/kindart.is\/en\/vara\/i-o-g-t-songbok-unglingareglunnar\/","title":{"rendered":"I.O.G.T. S\u00f6ngb\u00f3k unglingareglunnar"},"content":{"rendered":"<p><strong>I.O.G.T. S\u00f6ngb\u00f3k unglingareglunnar<\/strong>. Hannes J. Magn\u00fasson bj\u00f3 undir prentun. B\u00f3kin er bundin \u00ed bl\u00e1an shirting, alband og nafn b\u00f3kar \u00ferykkt framan \u00e1 \u00ed sv\u00f6rtu. St\u00e6r\u00f0: 14.5 X 10.1 cm og 79 bls.<\/p>\n<p><strong>\u00datg\u00e1fa og prentun<\/strong>:<br \/>\n\u00datgefandi: St\u00f3rst\u00faka \u00cdslands I.O.G.T. Akureyri 1944. Prentun: Prentverk Odds Bj\u00f6rnssonar.<\/p>\n","protected":false},"excerpt":{"rendered":"<p>I.O.G.T. S\u00f6ngb\u00f3k unglingareglunnar. Hannes J. Magn\u00fasson bj\u00f3 undir prentun. B\u00f3kin er bundin \u00ed bl\u00e1an shirting, alband og nafn b\u00f3kar \u00ferykkt framan \u00e1 \u00ed sv\u00f6rtu. St\u00e6r\u00f0: 14.5 X 10.1 cm og 79 bls. \u00datg\u00e1fa og prentun: \u00datgefandi: St\u00f3rst\u00faka \u00cdslands I.O.G.T. Akureyri 1944. Prentun: Prentverk Odds Bj\u00f6rnssonar.<\/p>\n","protected":false},"featured_media":8793,"template":"","meta":{"slim_seo":{"title":"I.O.G.T. S\u00f6ngb\u00f3k unglingareglunnar - KindArt","description":"I.O.G.T. S\u00f6ngb\u00f3k unglingareglunnar . Hannes J. Magn\u00fasson bj\u00f3 undir prentun. B\u00f3kin er bundin \u00ed bl\u00e1an shirting, alband og nafn b\u00f3kar \u00ferykkt framan \u00e1 \u00ed sv\u00f6rtu. St\u00e6"}},"product_brand":[],"product_cat":[83],"product_tag":[],"class_list":{"0":"post-8796","1":"product","2":"type-product","3":"status-publish","4":"has-post-thumbnail","6":"product_cat-books","7":"product_shipping_class-small-en","9":"first","10":"instock","11":"purchasable","12":"product-type-simple"},"_links":{"self":[{"href":"https:\/\/kindart.is\/en\/wp-json\/wp\/v2\/product\/8796","targetHints":{"allow":["GET"]}}],"collection":[{"href":"https:\/\/kindart.is\/en\/wp-json\/wp\/v2\/product"}],"about":[{"href":"https:\/\/kindart.is\/en\/wp-json\/wp\/v2\/types\/product"}],"wp:featuredmedia":[{"embeddable":true,"href":"https:\/\/kindart.is\/en\/wp-json\/wp\/v2\/media\/8793"}],"wp:attachment":[{"href":"https:\/\/kindart.is\/en\/wp-json\/wp\/v2\/media?parent=8796"}],"wp:term":[{"taxonomy":"product_brand","embeddable":true,"href":"https:\/\/kindart.is\/en\/wp-json\/wp\/v2\/product_brand?post=8796"},{"taxonomy":"product_cat","embeddable":true,"href":"https:\/\/kindart.is\/en\/wp-json\/wp\/v2\/product_cat?post=8796"},{"taxonomy":"product_tag","embeddable":true,"href":"https:\/\/kindart.is\/en\/wp-json\/wp\/v2\/product_tag?post=8796"}],"curies":[{"name":"wp","href":"https:\/\/api.w.org\/{rel}","templated":true}]}}