{"id":8803,"date":"2023-10-21T17:05:58","date_gmt":"2023-10-21T17:05:58","guid":{"rendered":"https:\/\/kindart.is\/product\/islensk-songbok\/"},"modified":"2023-10-21T17:05:58","modified_gmt":"2023-10-21T17:05:58","slug":"islensk-songbok","status":"publish","type":"product","link":"https:\/\/kindart.is\/en\/vara\/islensk-songbok\/","title":{"rendered":"\u00cdslensk s\u00f6ngb\u00f3k"},"content":{"rendered":"<p><strong>\u00cdslensk s\u00f6ngb\u00f3k<\/strong>. S\u00f6ngtextar me\u00f0 lagbo\u00f0um. B\u00f3kin er bundin \u00ed br\u00fanan shirting, alband, gr\u00e6n saurbl\u00f6\u00f0 og nafn gyllt a\u00f0 framan og rammi \u00ferykktur a\u00f0 framan. St\u00e6r\u00f0: 15.6 X 10.3 cm og 231 bls.<\/p>\n<p><strong>\u00datg\u00e1fa og prentun<\/strong>:<br \/>\n4.\u00fatg\u00e1fa. \u00datgefandi: B\u00f3kaverslun Sigf\u00fasar Eymundssonar, Reykjav\u00edk 1921. Prentun: F\u00e9lagsprentsmi\u00f0jan.<\/p>\n","protected":false},"excerpt":{"rendered":"<p>\u00cdslensk s\u00f6ngb\u00f3k. S\u00f6ngtextar me\u00f0 lagbo\u00f0um. B\u00f3kin er bundin \u00ed br\u00fanan shirting, alband, gr\u00e6n saurbl\u00f6\u00f0 og nafn gyllt a\u00f0 framan og rammi \u00ferykktur a\u00f0 framan. St\u00e6r\u00f0: 15.6 X 10.3 cm og 231 bls. \u00datg\u00e1fa og prentun: 4.\u00fatg\u00e1fa. \u00datgefandi: B\u00f3kaverslun Sigf\u00fasar Eymundssonar, Reykjav\u00edk 1921. Prentun: F\u00e9lagsprentsmi\u00f0jan.<\/p>\n","protected":false},"featured_media":8799,"template":"","meta":{"slim_seo":{"title":"\u00cdslensk s\u00f6ngb\u00f3k - KindArt","description":"\u00cdslensk s\u00f6ngb\u00f3k . S\u00f6ngtextar me\u00f0 lagbo\u00f0um. B\u00f3kin er bundin \u00ed br\u00fanan shirting, alband, gr\u00e6n saurbl\u00f6\u00f0 og nafn gyllt a\u00f0 framan og rammi \u00ferykktur a\u00f0 framan. St\u00e6r\u00f0:"}},"product_brand":[],"product_cat":[83],"product_tag":[],"class_list":{"0":"post-8803","1":"product","2":"type-product","3":"status-publish","4":"has-post-thumbnail","6":"product_cat-books","7":"product_shipping_class-small-en","9":"first","10":"instock","11":"purchasable","12":"product-type-simple"},"_links":{"self":[{"href":"https:\/\/kindart.is\/en\/wp-json\/wp\/v2\/product\/8803","targetHints":{"allow":["GET"]}}],"collection":[{"href":"https:\/\/kindart.is\/en\/wp-json\/wp\/v2\/product"}],"about":[{"href":"https:\/\/kindart.is\/en\/wp-json\/wp\/v2\/types\/product"}],"wp:featuredmedia":[{"embeddable":true,"href":"https:\/\/kindart.is\/en\/wp-json\/wp\/v2\/media\/8799"}],"wp:attachment":[{"href":"https:\/\/kindart.is\/en\/wp-json\/wp\/v2\/media?parent=8803"}],"wp:term":[{"taxonomy":"product_brand","embeddable":true,"href":"https:\/\/kindart.is\/en\/wp-json\/wp\/v2\/product_brand?post=8803"},{"taxonomy":"product_cat","embeddable":true,"href":"https:\/\/kindart.is\/en\/wp-json\/wp\/v2\/product_cat?post=8803"},{"taxonomy":"product_tag","embeddable":true,"href":"https:\/\/kindart.is\/en\/wp-json\/wp\/v2\/product_tag?post=8803"}],"curies":[{"name":"wp","href":"https:\/\/api.w.org\/{rel}","templated":true}]}}