{"id":8815,"date":"2023-10-21T17:13:36","date_gmt":"2023-10-21T17:13:36","guid":{"rendered":"https:\/\/kindart.is\/product\/fimtiu-passiusalmar-eftir-hallgrim-petursson-2\/"},"modified":"2025-01-05T19:16:30","modified_gmt":"2025-01-05T19:16:30","slug":"fimtiu-passiusalmar-eftir-hallgrim-petursson-2","status":"publish","type":"product","link":"https:\/\/kindart.is\/en\/vara\/fimtiu-passiusalmar-eftir-hallgrim-petursson-2\/","title":{"rendered":"Fimt\u00edu Pass\u00edus\u00e1lmar eftir Hallgr\u00edm P\u00e9tursson"},"content":{"rendered":"<p><strong>Fimt\u00edu Pass\u00edus\u00e1lmar eftir Hallgr\u00edm P\u00e9tursson<\/strong>. Bundin \u00ed gr\u00e6nan shirting, alband og nafni\u00f0 \u00ferykkt me\u00f0 sv\u00f6rtu letri framan \u00e1. St\u00e6r\u00f0: 13.7 X 9.5 cm og 135 bls.<\/p>\n<p><strong>\u00datg\u00e1fa og prentun<\/strong>:<br \/>\n42. \u00fatg\u00e1fa, \u00datgefandi: \u00cdsafold, Reykjav\u00edk 1900. Prentun: \u00cdsafoldarprentsmi\u00f0ja.<\/p>\n","protected":false},"excerpt":{"rendered":"<p>Fimt\u00edu Pass\u00edus\u00e1lmar eftir Hallgr\u00edm P\u00e9tursson. Bundin \u00ed gr\u00e6nan shirting, alband og nafni\u00f0 \u00ferykkt me\u00f0 sv\u00f6rtu letri framan \u00e1. St\u00e6r\u00f0: 13.7 X 9.5 cm og 135 bls. \u00datg\u00e1fa og prentun: 42. \u00fatg\u00e1fa, \u00datgefandi: \u00cdsafold, Reykjav\u00edk 1900. Prentun: \u00cdsafoldarprentsmi\u00f0ja.<\/p>\n","protected":false},"featured_media":8812,"template":"","meta":{"slim_seo":{"title":"Fimt\u00edu Pass\u00edus\u00e1lmar eftir Hallgr\u00edm P\u00e9tursson - KindArt","description":"Fimt\u00edu Pass\u00edus\u00e1lmar eftir Hallgr\u00edm P\u00e9tursson . Bundin \u00ed gr\u00e6nan shirting, alband og nafni\u00f0 \u00ferykkt me\u00f0 sv\u00f6rtu letri framan \u00e1. St\u00e6r\u00f0: 13.7 X 9.5 cm og 135 bls. \u00datg"}},"product_brand":[],"product_cat":[83],"product_tag":[],"class_list":{"0":"post-8815","1":"product","2":"type-product","3":"status-publish","4":"has-post-thumbnail","6":"product_cat-books","7":"product_shipping_class-small-en","9":"first","10":"outofstock","11":"purchasable","12":"product-type-simple"},"_links":{"self":[{"href":"https:\/\/kindart.is\/en\/wp-json\/wp\/v2\/product\/8815","targetHints":{"allow":["GET"]}}],"collection":[{"href":"https:\/\/kindart.is\/en\/wp-json\/wp\/v2\/product"}],"about":[{"href":"https:\/\/kindart.is\/en\/wp-json\/wp\/v2\/types\/product"}],"wp:featuredmedia":[{"embeddable":true,"href":"https:\/\/kindart.is\/en\/wp-json\/wp\/v2\/media\/8812"}],"wp:attachment":[{"href":"https:\/\/kindart.is\/en\/wp-json\/wp\/v2\/media?parent=8815"}],"wp:term":[{"taxonomy":"product_brand","embeddable":true,"href":"https:\/\/kindart.is\/en\/wp-json\/wp\/v2\/product_brand?post=8815"},{"taxonomy":"product_cat","embeddable":true,"href":"https:\/\/kindart.is\/en\/wp-json\/wp\/v2\/product_cat?post=8815"},{"taxonomy":"product_tag","embeddable":true,"href":"https:\/\/kindart.is\/en\/wp-json\/wp\/v2\/product_tag?post=8815"}],"curies":[{"name":"wp","href":"https:\/\/api.w.org\/{rel}","templated":true}]}}