{"id":8821,"date":"2023-10-21T17:19:40","date_gmt":"2023-10-21T17:19:40","guid":{"rendered":"https:\/\/kindart.is\/product\/skrifad-i-skyin\/"},"modified":"2023-11-28T12:22:12","modified_gmt":"2023-11-28T12:22:12","slug":"skrifad-i-skyin","status":"publish","type":"product","link":"https:\/\/kindart.is\/en\/vara\/skrifad-i-skyin\/","title":{"rendered":"Skrifa\u00f0 \u00ed sk\u00fdin"},"content":{"rendered":"<p><strong>Skrifa\u00f0 \u00ed sk\u00fdin<\/strong>. Hugvekjur eftir \u00deorstein Antonsson. B\u00f3kin er l\u00edmbundin \u00ed br\u00fanleita kartonk\u00e1pu sem er h\u00f6nnu\u00f0 af \u00de.A. \/ H\u00e1sk\u00f3laprent. St\u00e6r\u00f0: 19.4 X 12.9 cm og 138 bls.<\/p>\n<p><strong>\u00datg\u00e1fa og prentun<\/strong>:<br \/>\n\u00datgefandi: Sagnasmi\u00f0jan Reykjav\u00edk \/ Hverager\u00f0i.2018. Prentun: H\u00e1sk\u00f3laprent.<\/p>\n","protected":false},"excerpt":{"rendered":"<p>Skrifa\u00f0 \u00ed sk\u00fdin. Hugvekjur eftir \u00deorstein Antonsson. B\u00f3kin er l\u00edmbundin \u00ed br\u00fanleita kartonk\u00e1pu sem er h\u00f6nnu\u00f0 af \u00de.A. \/ H\u00e1sk\u00f3laprent. St\u00e6r\u00f0: 19.4 X 12.9 cm og 138 bls. \u00datg\u00e1fa og prentun: \u00datgefandi: Sagnasmi\u00f0jan Reykjav\u00edk \/ Hverager\u00f0i.2018. Prentun: H\u00e1sk\u00f3laprent.<\/p>\n","protected":false},"featured_media":8818,"template":"","meta":{"slim_seo":{"title":"Skrifa\u00f0 \u00ed sk\u00fdin - KindArt","description":"Skrifa\u00f0 \u00ed sk\u00fdin . Hugvekjur eftir \u00deorstein Antonsson. B\u00f3kin er l\u00edmbundin \u00ed br\u00fanleita kartonk\u00e1pu sem er h\u00f6nnu\u00f0 af \u00de.A. \/ H\u00e1sk\u00f3laprent. St\u00e6r\u00f0: 19.4 X 12.9 cm og 1"}},"product_brand":[],"product_cat":[83],"product_tag":[],"class_list":{"0":"post-8821","1":"product","2":"type-product","3":"status-publish","4":"has-post-thumbnail","6":"product_cat-books","7":"product_shipping_class-small-en","9":"first","10":"outofstock","11":"purchasable","12":"product-type-simple"},"_links":{"self":[{"href":"https:\/\/kindart.is\/en\/wp-json\/wp\/v2\/product\/8821","targetHints":{"allow":["GET"]}}],"collection":[{"href":"https:\/\/kindart.is\/en\/wp-json\/wp\/v2\/product"}],"about":[{"href":"https:\/\/kindart.is\/en\/wp-json\/wp\/v2\/types\/product"}],"wp:featuredmedia":[{"embeddable":true,"href":"https:\/\/kindart.is\/en\/wp-json\/wp\/v2\/media\/8818"}],"wp:attachment":[{"href":"https:\/\/kindart.is\/en\/wp-json\/wp\/v2\/media?parent=8821"}],"wp:term":[{"taxonomy":"product_brand","embeddable":true,"href":"https:\/\/kindart.is\/en\/wp-json\/wp\/v2\/product_brand?post=8821"},{"taxonomy":"product_cat","embeddable":true,"href":"https:\/\/kindart.is\/en\/wp-json\/wp\/v2\/product_cat?post=8821"},{"taxonomy":"product_tag","embeddable":true,"href":"https:\/\/kindart.is\/en\/wp-json\/wp\/v2\/product_tag?post=8821"}],"curies":[{"name":"wp","href":"https:\/\/api.w.org\/{rel}","templated":true}]}}