{"id":8827,"date":"2023-10-21T17:23:15","date_gmt":"2023-10-21T17:23:15","guid":{"rendered":"https:\/\/kindart.is\/product\/skatasongbokin\/"},"modified":"2023-10-21T17:23:15","modified_gmt":"2023-10-21T17:23:15","slug":"skatasongbokin","status":"publish","type":"product","link":"https:\/\/kindart.is\/en\/vara\/skatasongbokin\/","title":{"rendered":"Sk\u00e1tas\u00f6ngb\u00f3kin"},"content":{"rendered":"<p><strong>Sk\u00e1tas\u00f6ngb\u00f3kin<\/strong>. B\u00f3kin er bundin appels\u00ednulitt efni, st\u00edf spj\u00f6ld og nafni\u00f0 gyllt framan \u00e1 \u00e1samt merki \u00fatg\u00e1funnar sem heitir \u00dalflj\u00f3tur og kemur nafn \u00fatg\u00e1funnar fram \u00ed merkinu. St\u00e6r\u00f0: 11.9 X 7.8 cm og 198 bls. Aftast er augl\u00fdsing fr\u00e1 B\u00f3ka\u00fatg\u00e1funni \u00dalflj\u00f3ti.<\/p>\n<p><strong>\u00datg\u00e1fa og prentun<\/strong>:<br \/>\n2. \u00fatg\u00e1fa, \u00fatgefin a\u00f0 tilhlutan Bandalags \u00edslenzkra sk\u00e1ta Reykjav\u00edk 1947. Prentun: Borgarprent.<\/p>\n","protected":false},"excerpt":{"rendered":"<p>Sk\u00e1tas\u00f6ngb\u00f3kin. B\u00f3kin er bundin appels\u00ednulitt efni, st\u00edf spj\u00f6ld og nafni\u00f0 gyllt framan \u00e1 \u00e1samt merki \u00fatg\u00e1funnar sem heitir \u00dalflj\u00f3tur og kemur nafn \u00fatg\u00e1funnar fram \u00ed merkinu. St\u00e6r\u00f0: 11.9 X 7.8 cm og 198 bls. Aftast er augl\u00fdsing fr\u00e1 B\u00f3ka\u00fatg\u00e1funni \u00dalflj\u00f3ti. \u00datg\u00e1fa og prentun: 2. \u00fatg\u00e1fa, \u00fatgefin a\u00f0 tilhlutan Bandalags \u00edslenzkra sk\u00e1ta Reykjav\u00edk 1947. Prentun: Borgarprent.<\/p>\n","protected":false},"featured_media":8824,"template":"","meta":{"slim_seo":{"title":"Sk\u00e1tas\u00f6ngb\u00f3kin - KindArt","description":"Sk\u00e1tas\u00f6ngb\u00f3kin . B\u00f3kin er bundin appels\u00ednulitt efni, st\u00edf spj\u00f6ld og nafni\u00f0 gyllt framan \u00e1 \u00e1samt merki \u00fatg\u00e1funnar sem heitir \u00dalflj\u00f3tur og kemur nafn \u00fatg\u00e1funnar f"}},"product_brand":[],"product_cat":[83],"product_tag":[],"class_list":{"0":"post-8827","1":"product","2":"type-product","3":"status-publish","4":"has-post-thumbnail","6":"product_cat-books","7":"product_shipping_class-small-en","9":"first","10":"outofstock","11":"purchasable","12":"product-type-simple"},"_links":{"self":[{"href":"https:\/\/kindart.is\/en\/wp-json\/wp\/v2\/product\/8827","targetHints":{"allow":["GET"]}}],"collection":[{"href":"https:\/\/kindart.is\/en\/wp-json\/wp\/v2\/product"}],"about":[{"href":"https:\/\/kindart.is\/en\/wp-json\/wp\/v2\/types\/product"}],"wp:featuredmedia":[{"embeddable":true,"href":"https:\/\/kindart.is\/en\/wp-json\/wp\/v2\/media\/8824"}],"wp:attachment":[{"href":"https:\/\/kindart.is\/en\/wp-json\/wp\/v2\/media?parent=8827"}],"wp:term":[{"taxonomy":"product_brand","embeddable":true,"href":"https:\/\/kindart.is\/en\/wp-json\/wp\/v2\/product_brand?post=8827"},{"taxonomy":"product_cat","embeddable":true,"href":"https:\/\/kindart.is\/en\/wp-json\/wp\/v2\/product_cat?post=8827"},{"taxonomy":"product_tag","embeddable":true,"href":"https:\/\/kindart.is\/en\/wp-json\/wp\/v2\/product_tag?post=8827"}],"curies":[{"name":"wp","href":"https:\/\/api.w.org\/{rel}","templated":true}]}}