{"id":8833,"date":"2023-10-21T17:28:19","date_gmt":"2023-10-21T17:28:19","guid":{"rendered":"https:\/\/kindart.is\/product\/valete-studia\/"},"modified":"2023-10-21T17:28:19","modified_gmt":"2023-10-21T17:28:19","slug":"valete-studia","status":"publish","type":"product","link":"https:\/\/kindart.is\/en\/vara\/valete-studia\/","title":{"rendered":"Valete studia"},"content":{"rendered":"<p><strong>Valete studia<\/strong>, St\u00fadentas\u00f6ngb\u00f3kin gamla. S\u00f6ngb\u00f3k Hins \u00edslenzka st\u00fadentafjelags. B\u00f3kin er prentu\u00f0 \u00ed \u00f3hef\u00f0bundna st\u00e6r\u00f0 og bundin \u00ed gr\u00e1an shirting og framan \u00e1 er teikning prentu\u00f0 \u00ed sv\u00f6rtu, \u00fer\u00edr s\u00f6ngvarar me\u00f0 st\u00fadentah\u00fafur \u00e1 h\u00f6f\u00f0i. St\u00e6r\u00f0: 15 X 17 cm, grallarabrot og 104 bls. N\u00f3tur fylgja aftan vi\u00f0 textana.<\/p>\n<p><strong>\u00datg\u00e1fa og prentun<\/strong>:<br \/>\n\u00datgefandi: Hi\u00f0 \u00edslenzka st\u00fadentafjelag. Reykjav\u00edk 1894. \u00cd a\u00f0alumbo\u00f0ss\u00f6lu hj\u00e1 Sigf\u00fasi Eymundssyni. Upphafleg prentun: Prentsmi\u00f0ja \u00cdsafoldar. N\u00fa lj\u00f3sprentu\u00f0 \u00ed Lithoprent 1945.<\/p>\n","protected":false},"excerpt":{"rendered":"<p>Valete studia, St\u00fadentas\u00f6ngb\u00f3kin gamla. S\u00f6ngb\u00f3k Hins \u00edslenzka st\u00fadentafjelags. B\u00f3kin er prentu\u00f0 \u00ed \u00f3hef\u00f0bundna st\u00e6r\u00f0 og bundin \u00ed gr\u00e1an shirting og framan \u00e1 er teikning prentu\u00f0 \u00ed sv\u00f6rtu, \u00fer\u00edr s\u00f6ngvarar me\u00f0 st\u00fadentah\u00fafur \u00e1 h\u00f6f\u00f0i. St\u00e6r\u00f0: 15 X 17 cm, grallarabrot og 104 bls. N\u00f3tur fylgja aftan vi\u00f0 textana. \u00datg\u00e1fa og prentun: \u00datgefandi: Hi\u00f0 \u00edslenzka st\u00fadentafjelag. Reykjav\u00edk [&hellip;]<\/p>\n","protected":false},"featured_media":8830,"template":"","meta":{"slim_seo":{"title":"Valete studia - KindArt","description":"Valete studia , St\u00fadentas\u00f6ngb\u00f3kin gamla. S\u00f6ngb\u00f3k Hins \u00edslenzka st\u00fadentafjelags. B\u00f3kin er prentu\u00f0 \u00ed \u00f3hef\u00f0bundna st\u00e6r\u00f0 og bundin \u00ed gr\u00e1an shirting og framan \u00e1 er t"}},"product_brand":[],"product_cat":[83],"product_tag":[],"class_list":{"0":"post-8833","1":"product","2":"type-product","3":"status-publish","4":"has-post-thumbnail","6":"product_cat-books","7":"product_shipping_class-small-en","9":"first","10":"instock","11":"purchasable","12":"product-type-simple"},"_links":{"self":[{"href":"https:\/\/kindart.is\/en\/wp-json\/wp\/v2\/product\/8833","targetHints":{"allow":["GET"]}}],"collection":[{"href":"https:\/\/kindart.is\/en\/wp-json\/wp\/v2\/product"}],"about":[{"href":"https:\/\/kindart.is\/en\/wp-json\/wp\/v2\/types\/product"}],"wp:featuredmedia":[{"embeddable":true,"href":"https:\/\/kindart.is\/en\/wp-json\/wp\/v2\/media\/8830"}],"wp:attachment":[{"href":"https:\/\/kindart.is\/en\/wp-json\/wp\/v2\/media?parent=8833"}],"wp:term":[{"taxonomy":"product_brand","embeddable":true,"href":"https:\/\/kindart.is\/en\/wp-json\/wp\/v2\/product_brand?post=8833"},{"taxonomy":"product_cat","embeddable":true,"href":"https:\/\/kindart.is\/en\/wp-json\/wp\/v2\/product_cat?post=8833"},{"taxonomy":"product_tag","embeddable":true,"href":"https:\/\/kindart.is\/en\/wp-json\/wp\/v2\/product_tag?post=8833"}],"curies":[{"name":"wp","href":"https:\/\/api.w.org\/{rel}","templated":true}]}}