{"id":8840,"date":"2023-11-07T13:41:42","date_gmt":"2023-11-07T13:41:42","guid":{"rendered":"https:\/\/kindart.is\/product\/agrip-af-historium-heilagrar-ritningar\/"},"modified":"2023-11-07T13:41:42","modified_gmt":"2023-11-07T13:41:42","slug":"agrip-af-historium-heilagrar-ritningar","status":"publish","type":"product","link":"https:\/\/kindart.is\/en\/vara\/agrip-af-historium-heilagrar-ritningar\/","title":{"rendered":"Agrip af Historium Heilagrar Ritningar"},"content":{"rendered":"<p>J\u00f3achim Fri\u00f0rik Horsters (H\u00f6f.)-<br \/>\n<strong>Agrip af Historium Heilagrar Ritningar<\/strong>, Me\u00f0 Vi\u00f0b\u00e6tir: Sem inniheldur Hi\u00f0 helsta Til hefur bori\u00f0, Gu\u00f0s s\u00f6fnu\u00f0um Vi\u00f0komandi fr\u00e1 \u00fev\u00ed Postular Drottins lif\u00f0u fram \u00e1 vora daga. \u2013 B\u00f3kin er \u00f3bundin, en saumu\u00f0, allt l\u00edm fari\u00f0 af kj\u00f6lnum. \u00c1n k\u00e1pu e\u00f0a umslags. St\u00e6r\u00f0: 14.3 X 8.5 cm og 347 bls. F\u00e1s\u00e9\u00f0 b\u00f3k.<\/p>\n<p><strong>\u00datg\u00e1fa og prentun<\/strong>:<br \/>\nPrentu\u00f0 \u00e1 forlag Sekret\u00e9ra \u00d3. M. Stephensens af b\u00f3k\u00ferykkjara Helga Helgasyni \u00ed Prentsmi\u00f0ju Vi\u00f0eyjar Klausturs 1837.<\/p>\n","protected":false},"excerpt":{"rendered":"<p>J\u00f3achim Fri\u00f0rik Horsters (H\u00f6f.)- Agrip af Historium Heilagrar Ritningar, Me\u00f0 Vi\u00f0b\u00e6tir: Sem inniheldur Hi\u00f0 helsta Til hefur bori\u00f0, Gu\u00f0s s\u00f6fnu\u00f0um Vi\u00f0komandi fr\u00e1 \u00fev\u00ed Postular Drottins lif\u00f0u fram \u00e1 vora daga. \u2013 B\u00f3kin er \u00f3bundin, en saumu\u00f0, allt l\u00edm fari\u00f0 af kj\u00f6lnum. \u00c1n k\u00e1pu e\u00f0a umslags. St\u00e6r\u00f0: 14.3 X 8.5 cm og 347 bls. F\u00e1s\u00e9\u00f0 b\u00f3k. [&hellip;]<\/p>\n","protected":false},"featured_media":8839,"template":"","meta":{"slim_seo":{"title":"Agrip af Historium Heilagrar Ritningar - KindArt","description":"J\u00f3achim Fri\u00f0rik Horsters (H\u00f6f.)- Agrip af Historium Heilagrar Ritningar , Me\u00f0 Vi\u00f0b\u00e6tir: Sem inniheldur Hi\u00f0 helsta Til hefur bori\u00f0, Gu\u00f0s s\u00f6fnu\u00f0um Vi\u00f0komandi fr\u00e1"}},"product_brand":[],"product_cat":[83],"product_tag":[],"class_list":{"0":"post-8840","1":"product","2":"type-product","3":"status-publish","4":"has-post-thumbnail","6":"product_cat-books","7":"product_shipping_class-small-en","9":"first","10":"instock","11":"purchasable","12":"product-type-simple"},"_links":{"self":[{"href":"https:\/\/kindart.is\/en\/wp-json\/wp\/v2\/product\/8840","targetHints":{"allow":["GET"]}}],"collection":[{"href":"https:\/\/kindart.is\/en\/wp-json\/wp\/v2\/product"}],"about":[{"href":"https:\/\/kindart.is\/en\/wp-json\/wp\/v2\/types\/product"}],"wp:featuredmedia":[{"embeddable":true,"href":"https:\/\/kindart.is\/en\/wp-json\/wp\/v2\/media\/8839"}],"wp:attachment":[{"href":"https:\/\/kindart.is\/en\/wp-json\/wp\/v2\/media?parent=8840"}],"wp:term":[{"taxonomy":"product_brand","embeddable":true,"href":"https:\/\/kindart.is\/en\/wp-json\/wp\/v2\/product_brand?post=8840"},{"taxonomy":"product_cat","embeddable":true,"href":"https:\/\/kindart.is\/en\/wp-json\/wp\/v2\/product_cat?post=8840"},{"taxonomy":"product_tag","embeddable":true,"href":"https:\/\/kindart.is\/en\/wp-json\/wp\/v2\/product_tag?post=8840"}],"curies":[{"name":"wp","href":"https:\/\/api.w.org\/{rel}","templated":true}]}}