{"id":8849,"date":"2023-11-08T06:42:23","date_gmt":"2023-11-08T06:42:23","guid":{"rendered":"https:\/\/kindart.is\/product\/hugvekjur\/"},"modified":"2023-11-08T06:42:23","modified_gmt":"2023-11-08T06:42:23","slug":"hugvekjur","status":"publish","type":"product","link":"https:\/\/kindart.is\/en\/vara\/hugvekjur\/","title":{"rendered":"Hugvekjur"},"content":{"rendered":"<p><strong>Hugvekjur<\/strong>. Vantar titilbla\u00f0, en efst \u00e1 hverri s\u00ed\u00f0u stendur Hugvekja. B\u00f3kin hefur veri\u00f0 bundin inn \u00ed br\u00fant skinn, l\u00edklega sau\u00f0skinn. Mj\u00f6g \u00f3hrein og snj\u00e1\u00f0 og b\u00f3kin laus inn \u00ed bindinu. B\u00f3kin sem er 350 bls skiptist \u00ed 50 kafla og heitir s\u00e1 fyrsti: Um Krists \u00fatg\u00f6ngu \u00ed grasgar\u00f0inn. \u00deetta er nokkurs konar P\u00edslarsaga og kaflarnir jafnmargir Passius\u00e1lmunum. \u00dea\u00f0 er ekki sagt hvar h\u00fan er prentu\u00f0 e\u00f0a hven\u00e6r. S\u00fdnist samt a\u00f0 s\u00e9 19. aldar prent og band.<\/p>\n<p>Inni \u00ed b\u00f3kinni l\u00e1gu \u00feessi rifrildisbl\u00f6\u00f0 sem mynd er af og tileinku\u00f0 eru Pjetri Pjeturssyni forst\u00f6\u00f0umanni Prestask\u00f3lans.<\/p>\n<p>B\u00f3k \u00far safni \u00c1rel\u00edusar N\u00edelssonar prests \u00ed Reykjav\u00edk og v\u00ed\u00f0ar.<\/p>\n","protected":false},"excerpt":{"rendered":"<p>Hugvekjur. Vantar titilbla\u00f0, en efst \u00e1 hverri s\u00ed\u00f0u stendur Hugvekja. B\u00f3kin hefur veri\u00f0 bundin inn \u00ed br\u00fant skinn, l\u00edklega sau\u00f0skinn. Mj\u00f6g \u00f3hrein og snj\u00e1\u00f0 og b\u00f3kin laus inn \u00ed bindinu. B\u00f3kin sem er 350 bls skiptist \u00ed 50 kafla og heitir s\u00e1 fyrsti: Um Krists \u00fatg\u00f6ngu \u00ed grasgar\u00f0inn. \u00deetta er nokkurs konar P\u00edslarsaga og kaflarnir [&hellip;]<\/p>\n","protected":false},"featured_media":8844,"template":"","meta":{"slim_seo":{"title":"Hugvekjur - KindArt","description":"Hugvekjur . Vantar titilbla\u00f0, en efst \u00e1 hverri s\u00ed\u00f0u stendur Hugvekja. B\u00f3kin hefur veri\u00f0 bundin inn \u00ed br\u00fant skinn, l\u00edklega sau\u00f0skinn. Mj\u00f6g \u00f3hrein og snj\u00e1\u00f0 og b\u00f3k"}},"product_brand":[],"product_cat":[83],"product_tag":[],"class_list":{"0":"post-8849","1":"product","2":"type-product","3":"status-publish","4":"has-post-thumbnail","6":"product_cat-books","7":"product_shipping_class-small-en","9":"first","10":"outofstock","11":"purchasable","12":"product-type-simple"},"_links":{"self":[{"href":"https:\/\/kindart.is\/en\/wp-json\/wp\/v2\/product\/8849","targetHints":{"allow":["GET"]}}],"collection":[{"href":"https:\/\/kindart.is\/en\/wp-json\/wp\/v2\/product"}],"about":[{"href":"https:\/\/kindart.is\/en\/wp-json\/wp\/v2\/types\/product"}],"wp:featuredmedia":[{"embeddable":true,"href":"https:\/\/kindart.is\/en\/wp-json\/wp\/v2\/media\/8844"}],"wp:attachment":[{"href":"https:\/\/kindart.is\/en\/wp-json\/wp\/v2\/media?parent=8849"}],"wp:term":[{"taxonomy":"product_brand","embeddable":true,"href":"https:\/\/kindart.is\/en\/wp-json\/wp\/v2\/product_brand?post=8849"},{"taxonomy":"product_cat","embeddable":true,"href":"https:\/\/kindart.is\/en\/wp-json\/wp\/v2\/product_cat?post=8849"},{"taxonomy":"product_tag","embeddable":true,"href":"https:\/\/kindart.is\/en\/wp-json\/wp\/v2\/product_tag?post=8849"}],"curies":[{"name":"wp","href":"https:\/\/api.w.org\/{rel}","templated":true}]}}