{"id":8894,"date":"2023-11-30T12:03:45","date_gmt":"2023-11-30T12:03:45","guid":{"rendered":"https:\/\/kindart.is\/product\/tyli-1977-1983\/"},"modified":"2023-11-30T12:03:45","modified_gmt":"2023-11-30T12:03:45","slug":"tyli-1977-1983","status":"publish","type":"product","link":"https:\/\/kindart.is\/en\/vara\/tyli-1977-1983\/","title":{"rendered":"T\u00fdli 1977-1983"},"content":{"rendered":"<p><strong>T\u00fdli<\/strong> er t\u00edmarit um n\u00e1tt\u00farufr\u00e6\u00f0i og n\u00e1tt\u00faruvernd. \u00dea\u00f0 fjallar um n\u00e1tt\u00faru landsins og n\u00e1tt\u00faru \u00feess \u00ed v\u00ed\u00f0ustu merkingu. Ritstj\u00f3ri: Helgi Hallgr\u00edmsson Akureyri, en auk hans sitja \u00ed ritnefnd: \u00c1g\u00fast H. Bjarnason Rv\u00edk. Gu\u00f0mundur P. \u00d3lafsson Flatey, Hj\u00f6rleifur Guttormsson Neskaupssta\u00f0, H\u00f6r\u00f0ur Kristinsson Akureyri, Le\u00f3 Kristj\u00e1nsson Rv\u00edk, Oddur Sigur\u00f0sson Rvk, Stef\u00e1n Bergmann Rv\u00edk, Vilhj\u00e1lmur \u00deorsteinsson H\u00fasav\u00edk, Riti\u00f0 er v\u00edrheft og skori\u00f0 og kom \u00fat \u00ed 2 heftum \u00e1 \u00e1ri um 30-40 bls. hvert hefti. St\u00e6r\u00f0: 23.3 X 15.7 cm.<\/p>\n<p><strong>\u00datg\u00e1fa &#8211; Prentun<\/strong>:<br \/>\n\u00datg\u00e1fa: B\u00f3kaforlag Odds Bj\u00f6rnssonar, Akureyri \u00ed samvinnu vi\u00f0 n\u00e1tt\u00farugripas\u00f6fnin \u00e1 Akureyri og \u00ed Neskaupssta\u00f0. &#8211; \u00cd \u00feessum pakka eru 6 hefti 1977-1983 (\u00f3heilt,) &#8211; Prentun: Prentverk Odds Bj\u00f6rnssonar Akureyri.<\/p>\n","protected":false},"excerpt":{"rendered":"<p>T\u00fdli er t\u00edmarit um n\u00e1tt\u00farufr\u00e6\u00f0i og n\u00e1tt\u00faruvernd. \u00dea\u00f0 fjallar um n\u00e1tt\u00faru landsins og n\u00e1tt\u00faru \u00feess \u00ed v\u00ed\u00f0ustu merkingu. Ritstj\u00f3ri: Helgi Hallgr\u00edmsson Akureyri, en auk hans sitja \u00ed ritnefnd: \u00c1g\u00fast H. Bjarnason Rv\u00edk. Gu\u00f0mundur P. \u00d3lafsson Flatey, Hj\u00f6rleifur Guttormsson Neskaupssta\u00f0, H\u00f6r\u00f0ur Kristinsson Akureyri, Le\u00f3 Kristj\u00e1nsson Rv\u00edk, Oddur Sigur\u00f0sson Rvk, Stef\u00e1n Bergmann Rv\u00edk, Vilhj\u00e1lmur \u00deorsteinsson H\u00fasav\u00edk, Riti\u00f0 [&hellip;]<\/p>\n","protected":false},"featured_media":8882,"template":"","meta":{"slim_seo":{"title":"T\u00fdli 1977-1983 - KindArt","description":"T\u00fdli er t\u00edmarit um n\u00e1tt\u00farufr\u00e6\u00f0i og n\u00e1tt\u00faruvernd. \u00dea\u00f0 fjallar um n\u00e1tt\u00faru landsins og n\u00e1tt\u00faru \u00feess \u00ed v\u00ed\u00f0ustu merkingu. Ritstj\u00f3ri: Helgi Hallgr\u00edmsson Akureyri, en"}},"product_brand":[],"product_cat":[83],"product_tag":[],"class_list":{"0":"post-8894","1":"product","2":"type-product","3":"status-publish","4":"has-post-thumbnail","6":"product_cat-books","7":"product_shipping_class-small-en","9":"first","10":"instock","11":"purchasable","12":"product-type-simple"},"_links":{"self":[{"href":"https:\/\/kindart.is\/en\/wp-json\/wp\/v2\/product\/8894","targetHints":{"allow":["GET"]}}],"collection":[{"href":"https:\/\/kindart.is\/en\/wp-json\/wp\/v2\/product"}],"about":[{"href":"https:\/\/kindart.is\/en\/wp-json\/wp\/v2\/types\/product"}],"wp:featuredmedia":[{"embeddable":true,"href":"https:\/\/kindart.is\/en\/wp-json\/wp\/v2\/media\/8882"}],"wp:attachment":[{"href":"https:\/\/kindart.is\/en\/wp-json\/wp\/v2\/media?parent=8894"}],"wp:term":[{"taxonomy":"product_brand","embeddable":true,"href":"https:\/\/kindart.is\/en\/wp-json\/wp\/v2\/product_brand?post=8894"},{"taxonomy":"product_cat","embeddable":true,"href":"https:\/\/kindart.is\/en\/wp-json\/wp\/v2\/product_cat?post=8894"},{"taxonomy":"product_tag","embeddable":true,"href":"https:\/\/kindart.is\/en\/wp-json\/wp\/v2\/product_tag?post=8894"}],"curies":[{"name":"wp","href":"https:\/\/api.w.org\/{rel}","templated":true}]}}