{"id":8903,"date":"2023-12-06T07:51:07","date_gmt":"2023-12-06T07:51:07","guid":{"rendered":"https:\/\/kindart.is\/product\/skograektarritid\/"},"modified":"2023-12-06T07:51:07","modified_gmt":"2023-12-06T07:51:07","slug":"skograektarritid","status":"publish","type":"product","link":"https:\/\/kindart.is\/en\/vara\/skograektarritid\/","title":{"rendered":"Sk\u00f3gr\u00e6ktarriti\u00f0"},"content":{"rendered":"<p><strong>Sk\u00f3gr\u00e6ktarriti\u00f0<\/strong>. \u00c1rsrit Sk\u00f3gr\u00e6ktarf\u00e9lags \u00cdslands. 1995, 1998 og 2001, 2.tbl. Ritstj\u00f3ri: Brynj\u00f3lfur J\u00f3nsson \u00e1samt ritnefnd. Riti\u00f0 er sauma\u00f0 og sett \u00ed k\u00e1pu og skori\u00f0. St\u00e6r\u00f0: 24.5 X 17.9 cm. Bl\u00f6\u00f0in fr\u00e1 1995 og 98 eru um 160 bls. hvort bla\u00f0, en 2.tbl. 2001 er um 96 bls. &#8211; \u00cd bla\u00f0inu eru margar fr\u00e6\u00f0igreinar um sk\u00f3gr\u00e6kt \u00e1 \u00cdslandi og gr\u00f3\u00f0urfarsl\u00fdsingar og margt fleira forvitnilegt ap sko\u00f0a og lesa.<\/p>\n<p><strong>\u00datg\u00e1fa og prentun<\/strong>:<br \/>\n\u00datgefandi: Sk\u00f3gr\u00e6ktarf\u00e9lag \u00cdslands. Reykjav\u00edk 1995- 2001. Prentun: Prentsmi\u00f0jan Oddi og Prentsmi\u00f0jan Vi\u00f0ey.<\/p>\n","protected":false},"excerpt":{"rendered":"<p>Sk\u00f3gr\u00e6ktarriti\u00f0. \u00c1rsrit Sk\u00f3gr\u00e6ktarf\u00e9lags \u00cdslands. 1995, 1998 og 2001, 2.tbl. Ritstj\u00f3ri: Brynj\u00f3lfur J\u00f3nsson \u00e1samt ritnefnd. Riti\u00f0 er sauma\u00f0 og sett \u00ed k\u00e1pu og skori\u00f0. St\u00e6r\u00f0: 24.5 X 17.9 cm. Bl\u00f6\u00f0in fr\u00e1 1995 og 98 eru um 160 bls. hvort bla\u00f0, en 2.tbl. 2001 er um 96 bls. &#8211; \u00cd bla\u00f0inu eru margar fr\u00e6\u00f0igreinar um sk\u00f3gr\u00e6kt \u00e1 [&hellip;]<\/p>\n","protected":false},"featured_media":8897,"template":"","meta":{"slim_seo":{"title":"Sk\u00f3gr\u00e6ktarriti\u00f0 - KindArt","description":"Sk\u00f3gr\u00e6ktarriti\u00f0 . \u00c1rsrit Sk\u00f3gr\u00e6ktarf\u00e9lags \u00cdslands. 1995, 1998 og 2001, 2.tbl. Ritstj\u00f3ri: Brynj\u00f3lfur J\u00f3nsson \u00e1samt ritnefnd. Riti\u00f0 er sauma\u00f0 og sett \u00ed k\u00e1pu og sk"}},"product_brand":[],"product_cat":[83],"product_tag":[],"class_list":{"0":"post-8903","1":"product","2":"type-product","3":"status-publish","4":"has-post-thumbnail","6":"product_cat-books","7":"product_shipping_class-small-en","9":"first","10":"instock","11":"purchasable","12":"product-type-simple"},"_links":{"self":[{"href":"https:\/\/kindart.is\/en\/wp-json\/wp\/v2\/product\/8903","targetHints":{"allow":["GET"]}}],"collection":[{"href":"https:\/\/kindart.is\/en\/wp-json\/wp\/v2\/product"}],"about":[{"href":"https:\/\/kindart.is\/en\/wp-json\/wp\/v2\/types\/product"}],"wp:featuredmedia":[{"embeddable":true,"href":"https:\/\/kindart.is\/en\/wp-json\/wp\/v2\/media\/8897"}],"wp:attachment":[{"href":"https:\/\/kindart.is\/en\/wp-json\/wp\/v2\/media?parent=8903"}],"wp:term":[{"taxonomy":"product_brand","embeddable":true,"href":"https:\/\/kindart.is\/en\/wp-json\/wp\/v2\/product_brand?post=8903"},{"taxonomy":"product_cat","embeddable":true,"href":"https:\/\/kindart.is\/en\/wp-json\/wp\/v2\/product_cat?post=8903"},{"taxonomy":"product_tag","embeddable":true,"href":"https:\/\/kindart.is\/en\/wp-json\/wp\/v2\/product_tag?post=8903"}],"curies":[{"name":"wp","href":"https:\/\/api.w.org\/{rel}","templated":true}]}}