{"id":8916,"date":"2023-12-06T07:56:38","date_gmt":"2023-12-06T07:56:38","guid":{"rendered":"https:\/\/kindart.is\/product\/laeknabladid\/"},"modified":"2023-12-06T07:56:38","modified_gmt":"2023-12-06T07:56:38","slug":"laeknabladid","status":"publish","type":"product","link":"https:\/\/kindart.is\/en\/vara\/laeknabladid\/","title":{"rendered":"L\u00e6knabla\u00f0i\u00f0"},"content":{"rendered":"<p><strong>L\u00e6knabla\u00f0i\u00f0<\/strong>. The Icelandic Medical Journal. 4. tbl. 82.\u00e1rg. Apr\u00edl 1996.<br \/>\nL\u00e6knabla\u00f0i\u00f0. The Icelandic Medical Journal. 8. tbl. 82.\u00e1rg. \u00c1g\u00fast 1996.<br \/>\nL\u00e6knabla\u00f0i\u00f0. The Icelandic Medical Journal. 9. tbl. 82.\u00e1rg. Sept.1996.<br \/>\nL\u00e6knabla\u00f0i\u00f0. The Icelandic Medical Journal. 1. tbl. 83.\u00e1rg. Jan.1997.<br \/>\nL\u00e6knabla\u00f0i\u00f0. The Icelandic Medical Journal. 5. tbl. 83.\u00e1rg. Ma\u00ed.1997.<br \/>\n\u00cd ritstj\u00f3rn eru 5 l\u00e6knar, en Vilhj\u00e1lmur Rafnsson er \u00e1bm. Ritstj\u00f3rnarfulltr\u00fai er Birna \u00de\u00f3r\u00f0ard\u00f3ttir. L\u00e6knabla\u00f0i\u00f0 flytur fr\u00e6\u00f0igreinar af \u00fdmsum toga auk ritstj\u00f3rnargreinar \u00ed hverju hefti. \u00deessi \u00ferj\u00fa hefti \u00e1rsins 1996 eru samtals um 213 bls. og tv\u00f6 hefti af 1997 eru 71 bls. og \u00fev\u00ed eru \u00feetta r\u00famlega 280 bls \u00ed \u00feessum 5 hefta pakka.. Bla\u00f0i\u00f0 er v\u00edrheft og skori\u00f0 og st\u00e6r\u00f0 \u00feess er: 24.5 X 17.2 cm.<\/p>\n<p><strong>\u00datg\u00e1fa og prentun<\/strong>:<br \/>\n\u00datgefandi: L\u00e6knaf\u00e9lag \u00cdslands, L\u00e6knaf\u00e9lag Reykjav\u00edkur. K\u00f3pavogur. 1996. Prentun: G.Ben. Edda prentstofa, seinna Prentsmi\u00f0jan Graf\u00edk \u00e1 Smi\u00f0juvegi 3 \u00ed K\u00f3pavogi.<\/p>\n","protected":false},"excerpt":{"rendered":"<p>L\u00e6knabla\u00f0i\u00f0. The Icelandic Medical Journal. 4. tbl. 82.\u00e1rg. Apr\u00edl 1996. L\u00e6knabla\u00f0i\u00f0. The Icelandic Medical Journal. 8. tbl. 82.\u00e1rg. \u00c1g\u00fast 1996. L\u00e6knabla\u00f0i\u00f0. The Icelandic Medical Journal. 9. tbl. 82.\u00e1rg. Sept.1996. L\u00e6knabla\u00f0i\u00f0. The Icelandic Medical Journal. 1. tbl. 83.\u00e1rg. Jan.1997. L\u00e6knabla\u00f0i\u00f0. The Icelandic Medical Journal. 5. tbl. 83.\u00e1rg. Ma\u00ed.1997. \u00cd ritstj\u00f3rn eru 5 l\u00e6knar, en Vilhj\u00e1lmur Rafnsson [&hellip;]<\/p>\n","protected":false},"featured_media":8906,"template":"","meta":{"slim_seo":{"title":"L\u00e6knabla\u00f0i\u00f0 - KindArt","description":"L\u00e6knabla\u00f0i\u00f0 . The Icelandic Medical Journal. 4. tbl. 82.\u00e1rg. Apr\u00edl 1996. L\u00e6knabla\u00f0i\u00f0. The Icelandic Medical Journal. 8. tbl. 82.\u00e1rg. \u00c1g\u00fast 1996. L\u00e6knabla\u00f0i\u00f0. Th"}},"product_brand":[],"product_cat":[83],"product_tag":[],"class_list":{"0":"post-8916","1":"product","2":"type-product","3":"status-publish","4":"has-post-thumbnail","6":"product_cat-books","7":"product_shipping_class-small-en","9":"first","10":"instock","11":"purchasable","12":"product-type-simple"},"_links":{"self":[{"href":"https:\/\/kindart.is\/en\/wp-json\/wp\/v2\/product\/8916","targetHints":{"allow":["GET"]}}],"collection":[{"href":"https:\/\/kindart.is\/en\/wp-json\/wp\/v2\/product"}],"about":[{"href":"https:\/\/kindart.is\/en\/wp-json\/wp\/v2\/types\/product"}],"wp:featuredmedia":[{"embeddable":true,"href":"https:\/\/kindart.is\/en\/wp-json\/wp\/v2\/media\/8906"}],"wp:attachment":[{"href":"https:\/\/kindart.is\/en\/wp-json\/wp\/v2\/media?parent=8916"}],"wp:term":[{"taxonomy":"product_brand","embeddable":true,"href":"https:\/\/kindart.is\/en\/wp-json\/wp\/v2\/product_brand?post=8916"},{"taxonomy":"product_cat","embeddable":true,"href":"https:\/\/kindart.is\/en\/wp-json\/wp\/v2\/product_cat?post=8916"},{"taxonomy":"product_tag","embeddable":true,"href":"https:\/\/kindart.is\/en\/wp-json\/wp\/v2\/product_tag?post=8916"}],"curies":[{"name":"wp","href":"https:\/\/api.w.org\/{rel}","templated":true}]}}