{"id":8926,"date":"2023-12-07T15:00:20","date_gmt":"2023-12-07T15:00:20","guid":{"rendered":"https:\/\/kindart.is\/product\/fortidarvelin\/"},"modified":"2023-12-07T15:00:20","modified_gmt":"2023-12-07T15:00:20","slug":"fortidarvelin","status":"publish","type":"product","link":"https:\/\/kindart.is\/en\/vara\/fortidarvelin\/","title":{"rendered":"Fort\u00ed\u00f0arv\u00e9lin"},"content":{"rendered":"<p><strong>Fort\u00ed\u00f0arv\u00e9lin<\/strong> \u00c6vint\u00fdri um uppfinningamanninn Tom Swift eftir Victor Appleton. Sk\u00fali Jensson \u00fe\u00fdddi. B\u00f3kin er bundin \u00ed forlagsband, bl\u00e1tt shirtingsl\u00edki \u00ferykkt me\u00f0 sv\u00f6rtu \u00e1 kj\u00f6l og \u00e1 framhli\u00f0. Hl\u00edf\u00f0ark\u00e1pa prentu\u00f0 \u00ed lit. B\u00e6\u00f0i saurbl\u00f6\u00f0 \u00e1prentu\u00f0 me\u00f0 mynd \u00ed bl\u00e1um lit. St\u00e6r\u00f0: 18.8 X 12.6 cm og 167 bls.<\/p>\n<p><strong>\u00datg\u00e1fa og prentun<\/strong>:<br \/>\n\u00datgefandi: B\u00f3ka\u00fatg\u00e1fan Sn\u00e6fell Hafnarfir\u00f0i 1969. Prentun: Prentverk \u00deorkels J\u00f3hannessonar Hafnarfir\u00f0i.<\/p>\n","protected":false},"excerpt":{"rendered":"<p>Fort\u00ed\u00f0arv\u00e9lin \u00c6vint\u00fdri um uppfinningamanninn Tom Swift eftir Victor Appleton. Sk\u00fali Jensson \u00fe\u00fdddi. B\u00f3kin er bundin \u00ed forlagsband, bl\u00e1tt shirtingsl\u00edki \u00ferykkt me\u00f0 sv\u00f6rtu \u00e1 kj\u00f6l og \u00e1 framhli\u00f0. Hl\u00edf\u00f0ark\u00e1pa prentu\u00f0 \u00ed lit. B\u00e6\u00f0i saurbl\u00f6\u00f0 \u00e1prentu\u00f0 me\u00f0 mynd \u00ed bl\u00e1um lit. St\u00e6r\u00f0: 18.8 X 12.6 cm og 167 bls. \u00datg\u00e1fa og prentun: \u00datgefandi: B\u00f3ka\u00fatg\u00e1fan Sn\u00e6fell Hafnarfir\u00f0i 1969. [&hellip;]<\/p>\n","protected":false},"featured_media":8919,"template":"","meta":{"slim_seo":{"title":"Fort\u00ed\u00f0arv\u00e9lin - KindArt","description":"Fort\u00ed\u00f0arv\u00e9lin \u00c6vint\u00fdri um uppfinningamanninn Tom Swift eftir Victor Appleton. Sk\u00fali Jensson \u00fe\u00fdddi. B\u00f3kin er bundin \u00ed forlagsband, bl\u00e1tt shirtingsl\u00edki \u00ferykkt me\u00f0"}},"product_brand":[],"product_cat":[83],"product_tag":[],"class_list":{"0":"post-8926","1":"product","2":"type-product","3":"status-publish","4":"has-post-thumbnail","6":"product_cat-books","7":"product_shipping_class-small-en","9":"first","10":"outofstock","11":"purchasable","12":"product-type-simple"},"_links":{"self":[{"href":"https:\/\/kindart.is\/en\/wp-json\/wp\/v2\/product\/8926","targetHints":{"allow":["GET"]}}],"collection":[{"href":"https:\/\/kindart.is\/en\/wp-json\/wp\/v2\/product"}],"about":[{"href":"https:\/\/kindart.is\/en\/wp-json\/wp\/v2\/types\/product"}],"wp:featuredmedia":[{"embeddable":true,"href":"https:\/\/kindart.is\/en\/wp-json\/wp\/v2\/media\/8919"}],"wp:attachment":[{"href":"https:\/\/kindart.is\/en\/wp-json\/wp\/v2\/media?parent=8926"}],"wp:term":[{"taxonomy":"product_brand","embeddable":true,"href":"https:\/\/kindart.is\/en\/wp-json\/wp\/v2\/product_brand?post=8926"},{"taxonomy":"product_cat","embeddable":true,"href":"https:\/\/kindart.is\/en\/wp-json\/wp\/v2\/product_cat?post=8926"},{"taxonomy":"product_tag","embeddable":true,"href":"https:\/\/kindart.is\/en\/wp-json\/wp\/v2\/product_tag?post=8926"}],"curies":[{"name":"wp","href":"https:\/\/api.w.org\/{rel}","templated":true}]}}