{"id":8936,"date":"2023-12-07T15:05:54","date_gmt":"2023-12-07T15:05:54","guid":{"rendered":"https:\/\/kindart.is\/product\/karlsvagninn\/"},"modified":"2023-12-07T15:05:54","modified_gmt":"2023-12-07T15:05:54","slug":"karlsvagninn","status":"publish","type":"product","link":"https:\/\/kindart.is\/en\/vara\/karlsvagninn\/","title":{"rendered":"Karlsvagninn"},"content":{"rendered":"<p><strong>Karlsvagninn<\/strong> Sk\u00e1ldsaga eftir Krist\u00ednu Marju Baldursd\u00f3ttur \u00fear sem s\u00f6g\u00f0 eru brot af reynslu- og \u00feroskas\u00f6gum kvenna. B\u00f3kin er bundin \u00ed forlagsband, alband, svart efni me\u00f0 silfur\u00ferykkingu \u00e1 kili. Hl\u00edf\u00f0ark\u00e1pa. St\u00e6r\u00f0: 21,8 X 14.2 cm og 176 bls.<\/p>\n<p><strong>\u00datg\u00e1fa og prentun<\/strong>:<br \/>\n\u00datgefandi: M\u00e1l og menning Reykjav\u00edk 2009. Prentun: Prentsmi\u00f0jan Oddi.<\/p>\n","protected":false},"excerpt":{"rendered":"<p>Karlsvagninn Sk\u00e1ldsaga eftir Krist\u00ednu Marju Baldursd\u00f3ttur \u00fear sem s\u00f6g\u00f0 eru brot af reynslu- og \u00feroskas\u00f6gum kvenna. B\u00f3kin er bundin \u00ed forlagsband, alband, svart efni me\u00f0 silfur\u00ferykkingu \u00e1 kili. Hl\u00edf\u00f0ark\u00e1pa. St\u00e6r\u00f0: 21,8 X 14.2 cm og 176 bls. \u00datg\u00e1fa og prentun: \u00datgefandi: M\u00e1l og menning Reykjav\u00edk 2009. Prentun: Prentsmi\u00f0jan Oddi.<\/p>\n","protected":false},"featured_media":8929,"template":"","meta":{"slim_seo":{"title":"Karlsvagninn - KindArt","description":"Karlsvagninn Sk\u00e1ldsaga eftir Krist\u00ednu Marju Baldursd\u00f3ttur \u00fear sem s\u00f6g\u00f0 eru brot af reynslu- og \u00feroskas\u00f6gum kvenna. B\u00f3kin er bundin \u00ed forlagsband, alband, svart"}},"product_brand":[],"product_cat":[83],"product_tag":[],"class_list":{"0":"post-8936","1":"product","2":"type-product","3":"status-publish","4":"has-post-thumbnail","6":"product_cat-books","7":"product_shipping_class-small-en","9":"first","10":"instock","11":"purchasable","12":"product-type-simple"},"_links":{"self":[{"href":"https:\/\/kindart.is\/en\/wp-json\/wp\/v2\/product\/8936","targetHints":{"allow":["GET"]}}],"collection":[{"href":"https:\/\/kindart.is\/en\/wp-json\/wp\/v2\/product"}],"about":[{"href":"https:\/\/kindart.is\/en\/wp-json\/wp\/v2\/types\/product"}],"wp:featuredmedia":[{"embeddable":true,"href":"https:\/\/kindart.is\/en\/wp-json\/wp\/v2\/media\/8929"}],"wp:attachment":[{"href":"https:\/\/kindart.is\/en\/wp-json\/wp\/v2\/media?parent=8936"}],"wp:term":[{"taxonomy":"product_brand","embeddable":true,"href":"https:\/\/kindart.is\/en\/wp-json\/wp\/v2\/product_brand?post=8936"},{"taxonomy":"product_cat","embeddable":true,"href":"https:\/\/kindart.is\/en\/wp-json\/wp\/v2\/product_cat?post=8936"},{"taxonomy":"product_tag","embeddable":true,"href":"https:\/\/kindart.is\/en\/wp-json\/wp\/v2\/product_tag?post=8936"}],"curies":[{"name":"wp","href":"https:\/\/api.w.org\/{rel}","templated":true}]}}