{"id":8943,"date":"2023-12-08T18:54:52","date_gmt":"2023-12-08T18:54:52","guid":{"rendered":"https:\/\/kindart.is\/product\/aeskan-2\/"},"modified":"2023-12-08T18:54:52","modified_gmt":"2023-12-08T18:54:52","slug":"aeskan-2","status":"publish","type":"product","link":"https:\/\/kindart.is\/en\/vara\/aeskan-2\/","title":{"rendered":"\u00c6skan"},"content":{"rendered":"<p><strong>\u00c6skan<\/strong>. 1972. 3.tbl. Marz. Ritstj\u00f3ri: Gr\u00edmur Engilberts, Skrifstofa: L\u00e6kjarg\u00f6tu 10 a. Reykjav\u00edk. Barna- og unglingabla\u00f0 sem hefur komi\u00f0 \u00fat \u00ed heila \u00f6ld. \u00dea\u00f0 var fyrst gefi\u00f0 \u00fat 1897 og fyrsti ritst\u00f3ri \u00feess var Sig. J\u00fal. J\u00f3hannesson, Cand Phil. \u00c6skan flytur mj\u00f6g fj\u00f6lbreytt efni af \u00fdmsum toga fyrir b\u00f6rn og unglinga. \u00cd \u00feessu hefti eru s\u00f6gur, lj\u00f3\u00f0 og fr\u00e1sagnir eftir \u00edslenska og erlenda menn og konur, m.a, Margr\u00e9ti J\u00f3nsd\u00f3ttur kennara o. fl. en h\u00fan var ritstj\u00f3ri bla\u00f0sins \u00ed nokkur \u00e1r. H\u00e9r segir fr\u00e1 Fri\u00f0\u00fej\u00f3fi Nansen, sem var norskur landk\u00f6nnu\u00f0ur og h\u00e9r eru saga af S\u00e6mundi fr\u00f3\u00f0a, Gulleyjan, stytt og endurs\u00f6g\u00f0 og sagan B\u00f6rnin \u00ed F\u00f6gruhl\u00ed\u00f0 , Tarzan, Isaac Newton o.fl. St\u00e6r\u00f0: 27.8 X 21.8 cm og 64 bls. og k\u00e1pa.<\/p>\n<p><strong>\u00c6skan<\/strong>. 1990. 7.tbl. Ritstj\u00f3ri: Karl Helgason. Skifstofa: Eir\u00edksg\u00f6tu 5, 3.h\u00e6\u00f0 Reykjav\u00edk. \u00cd \u00feessu bla\u00f0i eru 12. s\u00f6gur og \u00fe\u00e6ttir, m\u00f6rg vi\u00f0t\u00f6l og greinar og \u00fdmislegt anna\u00f0 efni. St\u00e6r\u00f0: 28 X 21,5 cm og 62 bls. og k\u00e1pa.<\/p>\n<p><strong>\u00datg\u00e1fa og prentun<\/strong>:<br \/>\n\u00datgefandi: St\u00f3rst\u00faka \u00cdslands. I.O.G.T. Reykjav\u00edk. 1972. Prentun: Prentsmi\u00f0jan .Oddi.<\/p>\n","protected":false},"excerpt":{"rendered":"<p>\u00c6skan. 1972. 3.tbl. Marz. Ritstj\u00f3ri: Gr\u00edmur Engilberts, Skrifstofa: L\u00e6kjarg\u00f6tu 10 a. Reykjav\u00edk. Barna- og unglingabla\u00f0 sem hefur komi\u00f0 \u00fat \u00ed heila \u00f6ld. \u00dea\u00f0 var fyrst gefi\u00f0 \u00fat 1897 og fyrsti ritst\u00f3ri \u00feess var Sig. J\u00fal. J\u00f3hannesson, Cand Phil. \u00c6skan flytur mj\u00f6g fj\u00f6lbreytt efni af \u00fdmsum toga fyrir b\u00f6rn og unglinga. \u00cd \u00feessu hefti eru s\u00f6gur, [&hellip;]<\/p>\n","protected":false},"featured_media":8939,"template":"","meta":{"slim_seo":{"title":"\u00c6skan - KindArt","description":"\u00c6skan . 1972. 3.tbl. Marz. Ritstj\u00f3ri: Gr\u00edmur Engilberts, Skrifstofa: L\u00e6kjarg\u00f6tu 10 a. Reykjav\u00edk. Barna- og unglingabla\u00f0 sem hefur komi\u00f0 \u00fat \u00ed heila \u00f6ld. \u00dea\u00f0 var"}},"product_brand":[],"product_cat":[83],"product_tag":[],"class_list":{"0":"post-8943","1":"product","2":"type-product","3":"status-publish","4":"has-post-thumbnail","6":"product_cat-books","7":"product_shipping_class-small-en","9":"first","10":"instock","11":"purchasable","12":"product-type-simple"},"_links":{"self":[{"href":"https:\/\/kindart.is\/en\/wp-json\/wp\/v2\/product\/8943","targetHints":{"allow":["GET"]}}],"collection":[{"href":"https:\/\/kindart.is\/en\/wp-json\/wp\/v2\/product"}],"about":[{"href":"https:\/\/kindart.is\/en\/wp-json\/wp\/v2\/types\/product"}],"wp:featuredmedia":[{"embeddable":true,"href":"https:\/\/kindart.is\/en\/wp-json\/wp\/v2\/media\/8939"}],"wp:attachment":[{"href":"https:\/\/kindart.is\/en\/wp-json\/wp\/v2\/media?parent=8943"}],"wp:term":[{"taxonomy":"product_brand","embeddable":true,"href":"https:\/\/kindart.is\/en\/wp-json\/wp\/v2\/product_brand?post=8943"},{"taxonomy":"product_cat","embeddable":true,"href":"https:\/\/kindart.is\/en\/wp-json\/wp\/v2\/product_cat?post=8943"},{"taxonomy":"product_tag","embeddable":true,"href":"https:\/\/kindart.is\/en\/wp-json\/wp\/v2\/product_tag?post=8943"}],"curies":[{"name":"wp","href":"https:\/\/api.w.org\/{rel}","templated":true}]}}