{"id":8948,"date":"2023-12-08T19:07:12","date_gmt":"2023-12-08T19:07:12","guid":{"rendered":"https:\/\/kindart.is\/product\/vikan\/"},"modified":"2023-12-08T19:07:12","modified_gmt":"2023-12-08T19:07:12","slug":"vikan","status":"publish","type":"product","link":"https:\/\/kindart.is\/en\/vara\/vikan\/","title":{"rendered":"Vikan"},"content":{"rendered":"<p><strong>Vikan<\/strong>, 30. Okt.2001. Vikan flytur allskonar af\u00fereyjingarefni, svo sem vi\u00f0t\u00f6l, en \u00ed \u00feessu bla\u00f0i er Vikuvi\u00f0tali\u00f0 vi\u00f0 hj\u00f3nin Ingu J\u00f3nu \u00de\u00f3r\u00f0ard\u00f3ttur borgarfulltr\u00faa Sj\u00e1lfst\u00e6\u00f0isflokksins og Geir Haarde fj\u00e1rm\u00e1lar\u00e1\u00f0herra. \u00deau eru mj\u00f6g \u00f6nnum kafin hj\u00f3n eins og lesa m\u00e1 \u00ed vi\u00f0talinu. M\u00f6rg fleiri vi\u00f0t\u00f6l eru \u00ed bla\u00f0inu auk fr\u00e1sagna og greina.<\/p>\n<p><strong>\u00datg\u00e1fa og prentun<\/strong>:<br \/>\n\u00datgefandi: Fr\u00f3\u00f0i, Seljavegi 2 Reykjav\u00edk. Prentun: Prentsmi\u00f0jan Oddi.<\/p>\n","protected":false},"excerpt":{"rendered":"<p>Vikan, 30. Okt.2001. Vikan flytur allskonar af\u00fereyjingarefni, svo sem vi\u00f0t\u00f6l, en \u00ed \u00feessu bla\u00f0i er Vikuvi\u00f0tali\u00f0 vi\u00f0 hj\u00f3nin Ingu J\u00f3nu \u00de\u00f3r\u00f0ard\u00f3ttur borgarfulltr\u00faa Sj\u00e1lfst\u00e6\u00f0isflokksins og Geir Haarde fj\u00e1rm\u00e1lar\u00e1\u00f0herra. \u00deau eru mj\u00f6g \u00f6nnum kafin hj\u00f3n eins og lesa m\u00e1 \u00ed vi\u00f0talinu. M\u00f6rg fleiri vi\u00f0t\u00f6l eru \u00ed bla\u00f0inu auk fr\u00e1sagna og greina. \u00datg\u00e1fa og prentun: \u00datgefandi: Fr\u00f3\u00f0i, Seljavegi [&hellip;]<\/p>\n","protected":false},"featured_media":8946,"template":"","meta":{"slim_seo":{"title":"Vikan - KindArt","description":"Vikan , 30. Okt.2001. Vikan flytur allskonar af\u00fereyjingarefni, svo sem vi\u00f0t\u00f6l, en \u00ed \u00feessu bla\u00f0i er Vikuvi\u00f0tali\u00f0 vi\u00f0 hj\u00f3nin Ingu J\u00f3nu \u00de\u00f3r\u00f0ard\u00f3ttur borgarfulltr\u00faa"}},"product_brand":[],"product_cat":[83],"product_tag":[],"class_list":{"0":"post-8948","1":"product","2":"type-product","3":"status-publish","4":"has-post-thumbnail","6":"product_cat-books","7":"product_shipping_class-small-en","9":"first","10":"instock","11":"purchasable","12":"product-type-simple"},"_links":{"self":[{"href":"https:\/\/kindart.is\/en\/wp-json\/wp\/v2\/product\/8948","targetHints":{"allow":["GET"]}}],"collection":[{"href":"https:\/\/kindart.is\/en\/wp-json\/wp\/v2\/product"}],"about":[{"href":"https:\/\/kindart.is\/en\/wp-json\/wp\/v2\/types\/product"}],"wp:featuredmedia":[{"embeddable":true,"href":"https:\/\/kindart.is\/en\/wp-json\/wp\/v2\/media\/8946"}],"wp:attachment":[{"href":"https:\/\/kindart.is\/en\/wp-json\/wp\/v2\/media?parent=8948"}],"wp:term":[{"taxonomy":"product_brand","embeddable":true,"href":"https:\/\/kindart.is\/en\/wp-json\/wp\/v2\/product_brand?post=8948"},{"taxonomy":"product_cat","embeddable":true,"href":"https:\/\/kindart.is\/en\/wp-json\/wp\/v2\/product_cat?post=8948"},{"taxonomy":"product_tag","embeddable":true,"href":"https:\/\/kindart.is\/en\/wp-json\/wp\/v2\/product_tag?post=8948"}],"curies":[{"name":"wp","href":"https:\/\/api.w.org\/{rel}","templated":true}]}}