{"id":8962,"date":"2023-12-16T13:53:01","date_gmt":"2023-12-16T13:53:01","guid":{"rendered":"https:\/\/kindart.is\/product\/groin-spor\/"},"modified":"2023-12-16T18:40:36","modified_gmt":"2023-12-16T18:40:36","slug":"groin-spor","status":"publish","type":"product","link":"https:\/\/kindart.is\/en\/vara\/groin-spor\/","title":{"rendered":"Gr\u00f3in spor"},"content":{"rendered":"<p><strong>Gr\u00f3in spor<\/strong>, Aldarminning um J\u00f3hannes Fri\u00f0laugsson kennara, f\u00f6\u00f0ur Sn\u00e6s b\u00f3kbindara og fornb\u00f3kasala og \u00feeirra br\u00e6\u00f0ra. B\u00f3kin er gefin \u00fat \u00ed 400 t\u00f6lusettum eint\u00f6kum og er \u00feetta 343 eintaki\u00f0. B\u00f3kin er bundin \u00ed br\u00fant efni, br\u00fanan shirting \u00e1 kj\u00f6l og horn me\u00f0 hl\u00edf\u00f0ark\u00e1pu og teiknu\u00f0um saurbl\u00f6\u00f0um eftir Hring J\u00f3hannesson listm\u00e1lara son sk\u00e1ldsins. Hann hefur og gert k\u00e1pu og a\u00f0rar myndir \u00ed b\u00f3kinni. St\u00e6r\u00f0: 20.1 X 15 cm og 250 bls.<\/p>\n<p><strong>\u00datg\u00e1fa og prentun<\/strong>:<br \/>\n\u00datgefandi: J\u00f3na Jakobsd\u00f3ttir og b\u00f6rn. Reykjav\u00edk, 1982. Prentun: K\u00e1pan var prentu\u00f0 \u00ed Prentsmi\u00f0ju Fri\u00f0riks J\u00f3elssonar, litgreining \u00ed Prentmyndastofunni, Umbrot og filmuvinna \u00ed Prent\u00fej\u00f3nustunni, B\u00f3kband \u00ed Arnar-Berg og Prentun \u00ed Solnaprent.<\/p>\n","protected":false},"excerpt":{"rendered":"<p>Gr\u00f3in spor, Aldarminning um J\u00f3hannes Fri\u00f0laugsson kennara, f\u00f6\u00f0ur Sn\u00e6s b\u00f3kbindara og fornb\u00f3kasala og \u00feeirra br\u00e6\u00f0ra. B\u00f3kin er gefin \u00fat \u00ed 400 t\u00f6lusettum eint\u00f6kum og er \u00feetta 343 eintaki\u00f0. B\u00f3kin er bundin \u00ed br\u00fant efni, br\u00fanan shirting \u00e1 kj\u00f6l og horn me\u00f0 hl\u00edf\u00f0ark\u00e1pu og teiknu\u00f0um saurbl\u00f6\u00f0um eftir Hring J\u00f3hannesson listm\u00e1lara son sk\u00e1ldsins. Hann hefur og gert [&hellip;]<\/p>\n","protected":false},"featured_media":8955,"template":"","meta":{"slim_seo":{"title":"Gr\u00f3in spor - KindArt","description":"Gr\u00f3in spor , Aldarminning um J\u00f3hannes Fri\u00f0laugsson kennara, f\u00f6\u00f0ur Sn\u00e6s b\u00f3kbindara og fornb\u00f3kasala og \u00feeirra br\u00e6\u00f0ra. B\u00f3kin er gefin \u00fat \u00ed 400 t\u00f6lusettum eint\u00f6kum"}},"product_brand":[],"product_cat":[83],"product_tag":[],"class_list":{"0":"post-8962","1":"product","2":"type-product","3":"status-publish","4":"has-post-thumbnail","6":"product_cat-books","7":"product_shipping_class-small-en","9":"first","10":"instock","11":"purchasable","12":"product-type-simple"},"_links":{"self":[{"href":"https:\/\/kindart.is\/en\/wp-json\/wp\/v2\/product\/8962","targetHints":{"allow":["GET"]}}],"collection":[{"href":"https:\/\/kindart.is\/en\/wp-json\/wp\/v2\/product"}],"about":[{"href":"https:\/\/kindart.is\/en\/wp-json\/wp\/v2\/types\/product"}],"wp:featuredmedia":[{"embeddable":true,"href":"https:\/\/kindart.is\/en\/wp-json\/wp\/v2\/media\/8955"}],"wp:attachment":[{"href":"https:\/\/kindart.is\/en\/wp-json\/wp\/v2\/media?parent=8962"}],"wp:term":[{"taxonomy":"product_brand","embeddable":true,"href":"https:\/\/kindart.is\/en\/wp-json\/wp\/v2\/product_brand?post=8962"},{"taxonomy":"product_cat","embeddable":true,"href":"https:\/\/kindart.is\/en\/wp-json\/wp\/v2\/product_cat?post=8962"},{"taxonomy":"product_tag","embeddable":true,"href":"https:\/\/kindart.is\/en\/wp-json\/wp\/v2\/product_tag?post=8962"}],"curies":[{"name":"wp","href":"https:\/\/api.w.org\/{rel}","templated":true}]}}