{"id":8971,"date":"2023-12-16T13:59:59","date_gmt":"2023-12-16T13:59:59","guid":{"rendered":"https:\/\/kindart.is\/product\/arbok-ferdafelags-islands-1966\/"},"modified":"2023-12-16T13:59:59","modified_gmt":"2023-12-16T13:59:59","slug":"arbok-ferdafelags-islands-1966","status":"publish","type":"product","link":"https:\/\/kindart.is\/en\/vara\/arbok-ferdafelags-islands-1966\/","title":{"rendered":"\u00c1rb\u00f3k Fer\u00f0af\u00e9lags \u00cdslands 1966"},"content":{"rendered":"<p><strong>\u00c1rb\u00f3k Fer\u00f0af\u00e9lags \u00cdslands 1966<\/strong>. Rang\u00e1rvalls\u00fdsla vestan Markarflj\u00f3ts eftir dr. Harald Matth\u00edasson. Me\u00f0 myndum og teikningum. Upplag: 7.000. Aftast er skr\u00e1 yfir sta\u00f0an\u00f6fn og kafli um f\u00e9lagsm\u00e1l F.\u00cd. B\u00f3kin er saumu\u00f0 og sett \u00ed kartonk\u00e1pu, \u00d3skorin. St\u00e6r\u00f0: 23 X 14,2 cm og 160 bls.<\/p>\n<p><strong>\u00datg\u00e1fa og prentun<\/strong>:<br \/>\n\u00datgefandi: Fer\u00f0af\u00e9lag \u00cdslands, Reykjav\u00edk 1966. Prentun: \u00cdsafoldarprentsmi\u00f0ja.<\/p>\n","protected":false},"excerpt":{"rendered":"<p>\u00c1rb\u00f3k Fer\u00f0af\u00e9lags \u00cdslands 1966. Rang\u00e1rvalls\u00fdsla vestan Markarflj\u00f3ts eftir dr. Harald Matth\u00edasson. Me\u00f0 myndum og teikningum. Upplag: 7.000. Aftast er skr\u00e1 yfir sta\u00f0an\u00f6fn og kafli um f\u00e9lagsm\u00e1l F.\u00cd. B\u00f3kin er saumu\u00f0 og sett \u00ed kartonk\u00e1pu, \u00d3skorin. St\u00e6r\u00f0: 23 X 14,2 cm og 160 bls. \u00datg\u00e1fa og prentun: \u00datgefandi: Fer\u00f0af\u00e9lag \u00cdslands, Reykjav\u00edk 1966. Prentun: \u00cdsafoldarprentsmi\u00f0ja.<\/p>\n","protected":false},"featured_media":8970,"template":"","meta":{"slim_seo":{"title":"\u00c1rb\u00f3k Fer\u00f0af\u00e9lags \u00cdslands 1966 - KindArt","description":"\u00c1rb\u00f3k Fer\u00f0af\u00e9lags \u00cdslands 1966 . Rang\u00e1rvalls\u00fdsla vestan Markarflj\u00f3ts eftir dr. Harald Matth\u00edasson. Me\u00f0 myndum og teikningum. Upplag: 7.000. Aftast er skr\u00e1 yfir"}},"product_brand":[],"product_cat":[83],"product_tag":[],"class_list":{"0":"post-8971","1":"product","2":"type-product","3":"status-publish","4":"has-post-thumbnail","6":"product_cat-books","7":"product_shipping_class-small-en","9":"first","10":"outofstock","11":"purchasable","12":"product-type-simple"},"_links":{"self":[{"href":"https:\/\/kindart.is\/en\/wp-json\/wp\/v2\/product\/8971","targetHints":{"allow":["GET"]}}],"collection":[{"href":"https:\/\/kindart.is\/en\/wp-json\/wp\/v2\/product"}],"about":[{"href":"https:\/\/kindart.is\/en\/wp-json\/wp\/v2\/types\/product"}],"wp:featuredmedia":[{"embeddable":true,"href":"https:\/\/kindart.is\/en\/wp-json\/wp\/v2\/media\/8970"}],"wp:attachment":[{"href":"https:\/\/kindart.is\/en\/wp-json\/wp\/v2\/media?parent=8971"}],"wp:term":[{"taxonomy":"product_brand","embeddable":true,"href":"https:\/\/kindart.is\/en\/wp-json\/wp\/v2\/product_brand?post=8971"},{"taxonomy":"product_cat","embeddable":true,"href":"https:\/\/kindart.is\/en\/wp-json\/wp\/v2\/product_cat?post=8971"},{"taxonomy":"product_tag","embeddable":true,"href":"https:\/\/kindart.is\/en\/wp-json\/wp\/v2\/product_tag?post=8971"}],"curies":[{"name":"wp","href":"https:\/\/api.w.org\/{rel}","templated":true}]}}