{"id":8993,"date":"2023-12-30T20:34:16","date_gmt":"2023-12-30T20:34:16","guid":{"rendered":"https:\/\/kindart.is\/product\/samvinnan-75-ara-afmaelisrit\/"},"modified":"2023-12-30T20:34:16","modified_gmt":"2023-12-30T20:34:16","slug":"samvinnan-75-ara-afmaelisrit","status":"publish","type":"product","link":"https:\/\/kindart.is\/en\/vara\/samvinnan-75-ara-afmaelisrit\/","title":{"rendered":"SAMVINNAN 75 \u00e1ra afm\u00e6lisrit"},"content":{"rendered":"<p><strong>SAMVINNAN 75 \u00e1ra afm\u00e6lisrit<\/strong>. 1902-1977. Ritstj\u00f3ri: Gylfi Gr\u00f6ndal. Ann\u00e1ll Sambandsins: Helgi Sk\u00fali Kjartansson. Lj\u00f3smyndari: Starfsemi Sambandsins n\u00fa \u00e1 d\u00f6gum: Kristj\u00e1n P\u00e9tur Gu\u00f0nason. Riti\u00f0 er sauma\u00f0 og sett \u00ed bl\u00e1a k\u00e1pu og skori\u00f0. St\u00e6r\u00f0: 31.4 X 23.6 cm og 98 bls.<\/p>\n<p><strong>\u00datg\u00e1fa og prentun<\/strong>:<br \/>\n\u00datgefandi: Samband \u00edslenzkra samvinnuf\u00e9laga, Reykjav\u00edk, 1977. Prentun: Prentsmi\u00f0jan Edda, Lindarg\u00f6tu 9a.<\/p>\n","protected":false},"excerpt":{"rendered":"<p>SAMVINNAN 75 \u00e1ra afm\u00e6lisrit. 1902-1977. Ritstj\u00f3ri: Gylfi Gr\u00f6ndal. Ann\u00e1ll Sambandsins: Helgi Sk\u00fali Kjartansson. Lj\u00f3smyndari: Starfsemi Sambandsins n\u00fa \u00e1 d\u00f6gum: Kristj\u00e1n P\u00e9tur Gu\u00f0nason. Riti\u00f0 er sauma\u00f0 og sett \u00ed bl\u00e1a k\u00e1pu og skori\u00f0. St\u00e6r\u00f0: 31.4 X 23.6 cm og 98 bls. \u00datg\u00e1fa og prentun: \u00datgefandi: Samband \u00edslenzkra samvinnuf\u00e9laga, Reykjav\u00edk, 1977. Prentun: Prentsmi\u00f0jan Edda, Lindarg\u00f6tu 9a.<\/p>\n","protected":false},"featured_media":8992,"template":"","meta":{"slim_seo":{"title":"SAMVINNAN 75 \u00e1ra afm\u00e6lisrit - KindArt","description":"SAMVINNAN 75 \u00e1ra afm\u00e6lisrit . 1902-1977. Ritstj\u00f3ri: Gylfi Gr\u00f6ndal. Ann\u00e1ll Sambandsins: Helgi Sk\u00fali Kjartansson. Lj\u00f3smyndari: Starfsemi Sambandsins n\u00fa \u00e1 d\u00f6gum: K"}},"product_brand":[],"product_cat":[83],"product_tag":[],"class_list":{"0":"post-8993","1":"product","2":"type-product","3":"status-publish","4":"has-post-thumbnail","6":"product_cat-books","7":"product_shipping_class-small-en","9":"first","10":"instock","11":"purchasable","12":"product-type-simple"},"_links":{"self":[{"href":"https:\/\/kindart.is\/en\/wp-json\/wp\/v2\/product\/8993","targetHints":{"allow":["GET"]}}],"collection":[{"href":"https:\/\/kindart.is\/en\/wp-json\/wp\/v2\/product"}],"about":[{"href":"https:\/\/kindart.is\/en\/wp-json\/wp\/v2\/types\/product"}],"wp:featuredmedia":[{"embeddable":true,"href":"https:\/\/kindart.is\/en\/wp-json\/wp\/v2\/media\/8992"}],"wp:attachment":[{"href":"https:\/\/kindart.is\/en\/wp-json\/wp\/v2\/media?parent=8993"}],"wp:term":[{"taxonomy":"product_brand","embeddable":true,"href":"https:\/\/kindart.is\/en\/wp-json\/wp\/v2\/product_brand?post=8993"},{"taxonomy":"product_cat","embeddable":true,"href":"https:\/\/kindart.is\/en\/wp-json\/wp\/v2\/product_cat?post=8993"},{"taxonomy":"product_tag","embeddable":true,"href":"https:\/\/kindart.is\/en\/wp-json\/wp\/v2\/product_tag?post=8993"}],"curies":[{"name":"wp","href":"https:\/\/api.w.org\/{rel}","templated":true}]}}