{"id":9008,"date":"2023-12-30T20:46:25","date_gmt":"2023-12-30T20:46:25","guid":{"rendered":"https:\/\/kindart.is\/product\/timinn-sunnudagsblad\/"},"modified":"2023-12-30T20:46:25","modified_gmt":"2023-12-30T20:46:25","slug":"timinn-sunnudagsblad","status":"publish","type":"product","link":"https:\/\/kindart.is\/en\/vara\/timinn-sunnudagsblad\/","title":{"rendered":"T\u00cdMINN, Sunnudagsbla\u00f0"},"content":{"rendered":"<p><strong>T\u00cdMINN, Sunnudagsbla\u00f0<\/strong>. Fylgirit T\u00edmans. 41 bla\u00f0, af VI.- \u00e1rg. Jan. 1967 &#8211; VIII. \u00e1rg. des. 1969. St\u00e6r\u00f0: 30 X 22 cm, 24 bls. hvert bla\u00f0 me\u00f0 fj\u00f6lbreyttum fr\u00e1s\u00f6gnum og myndum \u00far \u00edslenzku mannl\u00edfi. Bl\u00f6\u00f0in eru \u00ed g\u00f3\u00f0ri m\u00f6ppu sem var\u00f0veitir \u00feau vel.<\/p>\n<p><strong>\u00datg\u00e1fa og prentun<\/strong>:<br \/>\n\u00dea\u00f0 var gefi\u00f0 \u00fat \u00e1rin 1962 &#8211; 1974. Reykjav\u00edk 1967-1969. Prentun: Prentsmi\u00f0jan Edda og T\u00edmans.<\/p>\n","protected":false},"excerpt":{"rendered":"<p>T\u00cdMINN, Sunnudagsbla\u00f0. Fylgirit T\u00edmans. 41 bla\u00f0, af VI.- \u00e1rg. Jan. 1967 &#8211; VIII. \u00e1rg. des. 1969. St\u00e6r\u00f0: 30 X 22 cm, 24 bls. hvert bla\u00f0 me\u00f0 fj\u00f6lbreyttum fr\u00e1s\u00f6gnum og myndum \u00far \u00edslenzku mannl\u00edfi. Bl\u00f6\u00f0in eru \u00ed g\u00f3\u00f0ri m\u00f6ppu sem var\u00f0veitir \u00feau vel. \u00datg\u00e1fa og prentun: \u00dea\u00f0 var gefi\u00f0 \u00fat \u00e1rin 1962 &#8211; 1974. Reykjav\u00edk 1967-1969. [&hellip;]<\/p>\n","protected":false},"featured_media":8997,"template":"","meta":{"slim_seo":{"title":"T\u00cdMINN, Sunnudagsbla\u00f0 - KindArt","description":"T\u00cdMINN, Sunnudagsbla\u00f0 . Fylgirit T\u00edmans. 41 bla\u00f0, af VI.- \u00e1rg. Jan. 1967 - VIII. \u00e1rg. des. 1969. St\u00e6r\u00f0: 30 X 22 cm, 24 bls. hvert bla\u00f0 me\u00f0 fj\u00f6lbreyttum fr\u00e1s\u00f6gnu"}},"product_brand":[],"product_cat":[83],"product_tag":[],"class_list":{"0":"post-9008","1":"product","2":"type-product","3":"status-publish","4":"has-post-thumbnail","6":"product_cat-books","7":"product_shipping_class-small-en","9":"first","10":"instock","11":"purchasable","12":"product-type-simple"},"_links":{"self":[{"href":"https:\/\/kindart.is\/en\/wp-json\/wp\/v2\/product\/9008","targetHints":{"allow":["GET"]}}],"collection":[{"href":"https:\/\/kindart.is\/en\/wp-json\/wp\/v2\/product"}],"about":[{"href":"https:\/\/kindart.is\/en\/wp-json\/wp\/v2\/types\/product"}],"wp:featuredmedia":[{"embeddable":true,"href":"https:\/\/kindart.is\/en\/wp-json\/wp\/v2\/media\/8997"}],"wp:attachment":[{"href":"https:\/\/kindart.is\/en\/wp-json\/wp\/v2\/media?parent=9008"}],"wp:term":[{"taxonomy":"product_brand","embeddable":true,"href":"https:\/\/kindart.is\/en\/wp-json\/wp\/v2\/product_brand?post=9008"},{"taxonomy":"product_cat","embeddable":true,"href":"https:\/\/kindart.is\/en\/wp-json\/wp\/v2\/product_cat?post=9008"},{"taxonomy":"product_tag","embeddable":true,"href":"https:\/\/kindart.is\/en\/wp-json\/wp\/v2\/product_tag?post=9008"}],"curies":[{"name":"wp","href":"https:\/\/api.w.org\/{rel}","templated":true}]}}